{"id":5868,"date":"2026-04-01T23:57:27","date_gmt":"2026-04-01T15:57:27","guid":{"rendered":"https:\/\/mongolia.com.co\/?page_id=5868"},"modified":"2026-04-01T23:57:32","modified_gmt":"2026-04-01T15:57:32","slug":"vylet-do-pouste-gobi","status":"publish","type":"page","link":"https:\/\/mongolia.com.co\/cs\/vylet-do-pouste-gobi\/","title":{"rendered":"Prohl\u00eddka pou\u0161t\u011b Gobi"},"content":{"rendered":"","protected":false},"excerpt":{"rendered":"<p>Objevte vzru\u0161uj\u00edc\u00ed offroadov\u00e9 v\u00fdlety do Mongolska. Proj\u00ed\u017ed\u011bjte rozlehlou krajinou, setk\u00e1vejte se s nom\u00e1dy a objevujte starobyl\u00e9 pam\u00e1tky b\u011bhem na\u0161ich v\u00fdlet\u016f 4\u00d74 s odborn\u00fdm pr\u016fvodcem.<\/p>","protected":false},"author":2,"featured_media":527,"parent":0,"menu_order":0,"comment_status":"closed","ping_status":"closed","template":"","meta":{"_acf_changed":false,"iawp_total_views":16,"footnotes":""},"class_list":["post-5868","page","type-page","status-publish","has-post-thumbnail","hentry"],"acf":[],"_links":{"self":[{"href":"https:\/\/mongolia.com.co\/cs\/wp-json\/wp\/v2\/pages\/5868","targetHints":{"allow":["GET"]}}],"collection":[{"href":"https:\/\/mongolia.com.co\/cs\/wp-json\/wp\/v2\/pages"}],"about":[{"href":"https:\/\/mongolia.com.co\/cs\/wp-json\/wp\/v2\/types\/page"}],"author":[{"embeddable":true,"href":"https:\/\/mongolia.com.co\/cs\/wp-json\/wp\/v2\/users\/2"}],"replies":[{"embeddable":true,"href":"https:\/\/mongolia.com.co\/cs\/wp-json\/wp\/v2\/comments?post=5868"}],"version-history":[{"count":3,"href":"https:\/\/mongolia.com.co\/cs\/wp-json\/wp\/v2\/pages\/5868\/revisions"}],"predecessor-version":[{"id":5871,"href":"https:\/\/mongolia.com.co\/cs\/wp-json\/wp\/v2\/pages\/5868\/revisions\/5871"}],"wp:featuredmedia":[{"embeddable":true,"href":"https:\/\/mongolia.com.co\/cs\/wp-json\/wp\/v2\/media\/527"}],"wp:attachment":[{"href":"https:\/\/mongolia.com.co\/cs\/wp-json\/wp\/v2\/media?parent=5868"}],"curies":[{"name":"wp","href":"https:\/\/api.w.org\/{rel}","templated":true}]}}