{"id":1032,"date":"2024-02-08T15:43:15","date_gmt":"2024-02-08T15:43:15","guid":{"rendered":"https:\/\/mongolia.com.co\/?post_type=product&#038;p=1032"},"modified":"2024-10-04T02:22:43","modified_gmt":"2024-10-03T18:22:43","slug":"pisky-gobi","status":"publish","type":"product","link":"https:\/\/mongolia.com.co\/cs\/prohlidky\/pisky-gobi\/","title":{"rendered":"P\u00edsky Gobi"},"content":{"rendered":"<p>Objevte srdce Mongolska na 6denn\u00ed ter\u00e9nn\u00ed v\u00fdprav\u011b P\u00edsky Gobi, kter\u00e1 v\u00e1s zavede z ru\u0161n\u00fdch ulic Ul\u00e1nb\u00e1taru do majest\u00e1tn\u00edch dun pou\u0161t\u011b Gobi. Tato cesta je kombinac\u00ed n\u00e1ro\u010dn\u00fdch j\u00edzd, kulturn\u00edho pozn\u00e1v\u00e1n\u00ed a \u00fachvatn\u00fdch p\u0159\u00edrodn\u00edch div\u016f a slibuje nezapomenuteln\u00fd z\u00e1\u017eitek z cesty po nezkrotn\u00e9 kr\u00e1se Mongolska.<\/p>","protected":false},"excerpt":{"rendered":"<p>\u0160estidenn\u00ed dobrodru\u017estv\u00ed nap\u0159\u00ed\u010d divokou mongolskou krajinou od Ul\u00e1nb\u00e1taru po pou\u0161\u0165 Gobi.<\/p>","protected":false},"featured_media":1033,"comment_status":"open","ping_status":"closed","template":"","meta":{"_acf_changed":false,"iawp_total_views":2622},"product_brand":[],"product_cat":[17],"product_tag":[],"class_list":{"0":"post-1032","1":"product","2":"type-product","3":"status-publish","4":"has-post-thumbnail","6":"product_cat-tours","8":"first","9":"instock","10":"virtual","11":"sold-individually","12":"purchasable","13":"product-type-booking"},"acf":[],"_links":{"self":[{"href":"https:\/\/mongolia.com.co\/cs\/wp-json\/wp\/v2\/product\/1032","targetHints":{"allow":["GET"]}}],"collection":[{"href":"https:\/\/mongolia.com.co\/cs\/wp-json\/wp\/v2\/product"}],"about":[{"href":"https:\/\/mongolia.com.co\/cs\/wp-json\/wp\/v2\/types\/product"}],"replies":[{"embeddable":true,"href":"https:\/\/mongolia.com.co\/cs\/wp-json\/wp\/v2\/comments?post=1032"}],"version-history":[{"count":0,"href":"https:\/\/mongolia.com.co\/cs\/wp-json\/wp\/v2\/product\/1032\/revisions"}],"wp:featuredmedia":[{"embeddable":true,"href":"https:\/\/mongolia.com.co\/cs\/wp-json\/wp\/v2\/media\/1033"}],"wp:attachment":[{"href":"https:\/\/mongolia.com.co\/cs\/wp-json\/wp\/v2\/media?parent=1032"}],"wp:term":[{"taxonomy":"product_brand","embeddable":true,"href":"https:\/\/mongolia.com.co\/cs\/wp-json\/wp\/v2\/product_brand?post=1032"},{"taxonomy":"product_cat","embeddable":true,"href":"https:\/\/mongolia.com.co\/cs\/wp-json\/wp\/v2\/product_cat?post=1032"},{"taxonomy":"product_tag","embeddable":true,"href":"https:\/\/mongolia.com.co\/cs\/wp-json\/wp\/v2\/product_tag?post=1032"}],"curies":[{"name":"wp","href":"https:\/\/api.w.org\/{rel}","templated":true}]}}