{"id":1433,"date":"2024-02-21T18:07:32","date_gmt":"2024-02-21T18:07:32","guid":{"rendered":"https:\/\/mongolia.com.co\/?post_type=product&#038;p=1433"},"modified":"2024-10-04T02:22:42","modified_gmt":"2024-10-03T18:22:42","slug":"divoke-mongolsko","status":"publish","type":"product","link":"https:\/\/mongolia.com.co\/cs\/prohlidky\/divoke-mongolsko\/","title":{"rendered":"Divok\u00e9 Mongolsko"},"content":{"rendered":"<p>Objevte srdce divok\u00e9ho Mongolska na dobrodru\u017en\u00e9 cest\u011b, kter\u00e1 v\u00e1s zavede z ru\u0161n\u00fdch ulic Ul\u00e1nb\u00e1taru do rozlehl\u00fdch prostor pou\u0161t\u011b Gobi. Za\u017eijte vzru\u0161uj\u00edc\u00ed duny Khongorin Els, tajemstv\u00ed Plamenn\u00fdch \u00fates\u016f a klid jezera Khar Nuur. Ubytujte se v tradi\u010dn\u00edch gersk\u00fdch t\u00e1borech, pro\u017eijte spole\u010dn\u00e9 chv\u00edle s rodinami ko\u010dovn\u00edk\u016f a pono\u0159te se do bohat\u00e9 kultury a \u00fachvatn\u00e9 mongolsk\u00e9 krajiny. Tato cesta nab\u00edz\u00ed jedine\u010dnou kombinaci dobrodru\u017estv\u00ed, p\u0159\u00edrody a kulturn\u00edho ponoru v jedn\u00e9 z nejpozoruhodn\u011bj\u0161\u00edch destinac\u00ed sv\u011bta.<\/p>\n<p>M\u00e1te-li jak\u00e9koli dotazy <a href=\"#contact-us\">kontaktujte n\u00e1s zde<\/a> nebo n\u00e1m po\u0161lete e-mail na adresu<br \/>\n<a href=\"mailto:contact@mongolia.com.co\">contact@mongolia.com.co<\/a><\/p>","protected":false},"excerpt":{"rendered":"<p>20denn\u00ed mongolsk\u00e9 dobrodru\u017estv\u00ed, kde se kulturn\u00ed pono\u0159en\u00ed a dechberouc\u00ed krajina spojuj\u00ed v nezapomenutelnou cestu.<\/p>","protected":false},"featured_media":1434,"comment_status":"open","ping_status":"closed","template":"","meta":{"_acf_changed":false,"iawp_total_views":1017},"product_brand":[],"product_cat":[17],"product_tag":[],"class_list":{"0":"post-1433","1":"product","2":"type-product","3":"status-publish","4":"has-post-thumbnail","6":"product_cat-tours","8":"first","9":"instock","10":"virtual","11":"sold-individually","12":"purchasable","13":"product-type-booking"},"acf":[],"_links":{"self":[{"href":"https:\/\/mongolia.com.co\/cs\/wp-json\/wp\/v2\/product\/1433","targetHints":{"allow":["GET"]}}],"collection":[{"href":"https:\/\/mongolia.com.co\/cs\/wp-json\/wp\/v2\/product"}],"about":[{"href":"https:\/\/mongolia.com.co\/cs\/wp-json\/wp\/v2\/types\/product"}],"replies":[{"embeddable":true,"href":"https:\/\/mongolia.com.co\/cs\/wp-json\/wp\/v2\/comments?post=1433"}],"version-history":[{"count":0,"href":"https:\/\/mongolia.com.co\/cs\/wp-json\/wp\/v2\/product\/1433\/revisions"}],"wp:featuredmedia":[{"embeddable":true,"href":"https:\/\/mongolia.com.co\/cs\/wp-json\/wp\/v2\/media\/1434"}],"wp:attachment":[{"href":"https:\/\/mongolia.com.co\/cs\/wp-json\/wp\/v2\/media?parent=1433"}],"wp:term":[{"taxonomy":"product_brand","embeddable":true,"href":"https:\/\/mongolia.com.co\/cs\/wp-json\/wp\/v2\/product_brand?post=1433"},{"taxonomy":"product_cat","embeddable":true,"href":"https:\/\/mongolia.com.co\/cs\/wp-json\/wp\/v2\/product_cat?post=1433"},{"taxonomy":"product_tag","embeddable":true,"href":"https:\/\/mongolia.com.co\/cs\/wp-json\/wp\/v2\/product_tag?post=1433"}],"curies":[{"name":"wp","href":"https:\/\/api.w.org\/{rel}","templated":true}]}}