{"id":2387,"date":"2024-03-16T13:37:13","date_gmt":"2024-03-16T13:37:13","guid":{"rendered":"https:\/\/mongolia.com.co\/?post_type=product&#038;p=2387"},"modified":"2024-10-04T02:22:42","modified_gmt":"2024-10-03T18:22:42","slug":"orli-rise","status":"publish","type":"product","link":"https:\/\/mongolia.com.co\/cs\/prohlidky\/orli-rise\/","title":{"rendered":"Lovci orl\u016f a \u0159\u00ed\u0161e"},"content":{"rendered":"<p>Vydejte se na 14denn\u00ed v\u00fdpravnou cestu srdcem Mongolska za ko\u010dovn\u00fdmi lovci orl\u016f. Cesta, na kter\u00e9 se m\u00eds\u00ed starobyl\u00e9 s nezkrotn\u00fdm, klidn\u00e9 s velkolep\u00fdm. Od ru\u0161n\u00fdch ulic Ul\u00e1nb\u00e1taru a\u017e po \u0161eptaj\u00edc\u00ed p\u00edsky Elsen Taserkhai slibuje tato cesta pono\u0159en\u00ed do hlubok\u00e9 kr\u00e1sy a bohat\u00e9 kulturn\u00ed tapiserie Mongolska. Proje\u010fte se s divok\u00fdmi ko\u0148mi ve st\u00ednech n\u00e1rodn\u00edho parku Chustaj, s \u00factou se zastavte u duchovn\u00edho kl\u00e1\u0161tera Erdene Zu a sd\u00edlejte p\u0159\u00edb\u011bhy pod hv\u011bzdami s ko\u010dovn\u00fdmi rodinami. Ka\u017ed\u00fd den se odv\u00edj\u00ed jako kapitola z den\u00edku dobrodruha a vyb\u00edz\u00ed v\u00e1s k naps\u00e1n\u00ed vlastn\u00edho p\u0159\u00edb\u011bhu uprost\u0159ed nekone\u010dn\u00e9 oblohy a rozlehl\u00e9 krajiny Mongolska.<\/p>","protected":false},"excerpt":{"rendered":"<p>\u010ctrn\u00e1ctidenn\u00ed mongolsk\u00e9 dobrodru\u017estv\u00ed, kde se starobyl\u00e1 krajina setk\u00e1v\u00e1 s nad\u010dasov\u00fdmi tradicemi<\/p>","protected":false},"featured_media":2554,"comment_status":"open","ping_status":"closed","template":"","meta":{"_acf_changed":false,"iawp_total_views":1736},"product_brand":[],"product_cat":[17],"product_tag":[],"class_list":{"0":"post-2387","1":"product","2":"type-product","3":"status-publish","4":"has-post-thumbnail","6":"product_cat-tours","8":"first","9":"instock","10":"virtual","11":"sold-individually","12":"purchasable","13":"product-type-booking"},"acf":[],"_links":{"self":[{"href":"https:\/\/mongolia.com.co\/cs\/wp-json\/wp\/v2\/product\/2387","targetHints":{"allow":["GET"]}}],"collection":[{"href":"https:\/\/mongolia.com.co\/cs\/wp-json\/wp\/v2\/product"}],"about":[{"href":"https:\/\/mongolia.com.co\/cs\/wp-json\/wp\/v2\/types\/product"}],"replies":[{"embeddable":true,"href":"https:\/\/mongolia.com.co\/cs\/wp-json\/wp\/v2\/comments?post=2387"}],"version-history":[{"count":1,"href":"https:\/\/mongolia.com.co\/cs\/wp-json\/wp\/v2\/product\/2387\/revisions"}],"predecessor-version":[{"id":5719,"href":"https:\/\/mongolia.com.co\/cs\/wp-json\/wp\/v2\/product\/2387\/revisions\/5719"}],"wp:featuredmedia":[{"embeddable":true,"href":"https:\/\/mongolia.com.co\/cs\/wp-json\/wp\/v2\/media\/2554"}],"wp:attachment":[{"href":"https:\/\/mongolia.com.co\/cs\/wp-json\/wp\/v2\/media?parent=2387"}],"wp:term":[{"taxonomy":"product_brand","embeddable":true,"href":"https:\/\/mongolia.com.co\/cs\/wp-json\/wp\/v2\/product_brand?post=2387"},{"taxonomy":"product_cat","embeddable":true,"href":"https:\/\/mongolia.com.co\/cs\/wp-json\/wp\/v2\/product_cat?post=2387"},{"taxonomy":"product_tag","embeddable":true,"href":"https:\/\/mongolia.com.co\/cs\/wp-json\/wp\/v2\/product_tag?post=2387"}],"curies":[{"name":"wp","href":"https:\/\/api.w.org\/{rel}","templated":true}]}}