{"id":3607,"date":"2026-03-16T13:20:51","date_gmt":"2026-03-16T05:20:51","guid":{"rendered":"https:\/\/mongolia.com.co\/?post_type=product&#038;p=3607"},"modified":"2026-03-17T22:26:24","modified_gmt":"2026-03-17T14:26:24","slug":"gobi-na-severni-mongolsko","status":"publish","type":"product","link":"https:\/\/mongolia.com.co\/cs\/prohlidky\/gobi-na-severni-mongolsko\/","title":{"rendered":"Mongolsko mimo vy\u0161lapan\u00e9 cesty \u2013 Gobi, stepi a sever"},"content":{"rendered":"<p>Tato expedice do Mongolska s vlastn\u00ed dopravou v\u00e1s zavede daleko od vy\u0161lapan\u00fdch cest p\u0159es nej\u00fachvatn\u011bj\u0161\u00ed a nejodlehlej\u0161\u00ed krajiny zem\u011b. B\u011bhem dvou nezapomenuteln\u00fdch t\u00fddn\u016f se vyd\u00e1te z rozlehl\u00fdch step\u00ed pobl\u00ed\u017e Ul\u00e1nb\u00e1taru do zvln\u011bn\u00fdch dun Gobi, historick\u00e9ho srdce Mongolsk\u00e9 \u0159\u00ed\u0161e a divok\u00fdch seversk\u00fdch les\u016f - cestou budete ubytov\u00e1ni v nejlep\u0161\u00edch mongolsk\u00fdch chat\u00e1ch.<\/p>\n<p>Brzy po p\u0159\u00edjezdu za\u010d\u00edn\u00e1 va\u0161e dobrodru\u017estv\u00ed u nejzn\u00e1m\u011bj\u0161\u00edch mongolsk\u00fdch pam\u00e1tek: monument\u00e1ln\u00ed sochy Chinggisch\u00e1na a dramatick\u00fdch \u017eulov\u00fdch \u00fatvar\u016f v n\u00e1rodn\u00edm parku Terelj. Jakmile za v\u00e1mi zmiz\u00ed asfalt, za\u010d\u00edn\u00e1 skute\u010dn\u00e9 objevov\u00e1n\u00ed. Va\u0161e trasa s pohonem 4\u00d74 vede p\u0159es skryt\u00e1 \u00fadol\u00ed, skalnat\u00e9 v\u00fdb\u011b\u017eky a otev\u0159en\u00e9 stepi, kde ko\u010dovn\u00ed pastevci st\u00e1le dodr\u017euj\u00ed starobyl\u00e9 tradice a voln\u011b se pohybuje divok\u00e1 zv\u011b\u0159.<\/p>\n<p>P\u0159i cest\u011b hloub\u011bji do zem\u011b se setk\u00e1te s pozoruhodn\u00fdmi mongolsk\u00fdmi kontrasty: surrealistick\u00fdmi skaln\u00edmi \u00fatvary Baga Gazriin Chuluu, zlat\u00fdmi dunami Elsen Tasarkhai v \u201cMini Gobi\u201d a historickou krajinou v okol\u00ed Karakorumu a kl\u00e1\u0161tera Erdene Zuu. Cestou se setk\u00e1te s ko\u010dovn\u00fdmi rodinami, pozn\u00e1te tradi\u010dn\u00ed pasteveck\u00fd \u017eivot a objev\u00edte hlubok\u00e9 ticho a rozlehlost, d\u00edky nim\u017e je Mongolsko jednou z posledn\u00edch velk\u00fdch divo\u010din na sv\u011bt\u011b.<\/p>\n<p>D\u00e1le na sever se krajina m\u011bn\u00ed v bujn\u00e1 \u0159\u00ed\u010dn\u00ed \u00fadol\u00ed, zalesn\u011bn\u00e9 hory a k\u0159i\u0161\u0165\u00e1lov\u011b \u010dist\u00e9 vodn\u00ed toky. V odlehl\u00e9 oblasti Bulgan se ubytujete v kr\u00e1sn\u00e9 chat\u011b u \u0159eky Eg - nedot\u010den\u00e9m r\u00e1ji proslul\u00e9m divokou zv\u011b\u0159\u00ed, nedot\u010denou p\u0159\u00edrodou a legend\u00e1rn\u00edmi rybami tajmeny. V\u00fdlety na raftech, malebn\u00e9 t\u00fary a ve\u010dery u t\u00e1bor\u00e1ku zde odhaluj\u00ed klidn\u011bj\u0161\u00ed a z\u0159\u00eddka nav\u0161t\u011bvovanou str\u00e1nku Mongolska.<\/p>\n<p>Na t\u00e9to cest\u011b se m\u00eds\u00ed dobrodru\u017en\u00e1 j\u00edzda v ter\u00e9nu s pozn\u00e1v\u00e1n\u00edm kultury a chv\u00edlemi \u010dist\u00e9ho odpo\u010dinku. Pe\u010dliv\u011b vybran\u00e9 kempy, tradi\u010dn\u00ed ger pobyty a n\u011bkter\u00e9 z nejlep\u0161\u00edch mongolsk\u00fdch chat zaji\u0161\u0165uj\u00ed pohodl\u00ed a z\u00e1rove\u0148 pobyt v p\u0159\u00edrod\u011b. D\u00edky podrobn\u00e9mu veden\u00ed po trase a podpo\u0159e b\u011bhem cel\u00e9 cesty budete Mongolsko pozn\u00e1vat samostatn\u011b a z\u00e1rove\u0148 pozn\u00e1te jeho nejautenti\u010dt\u011bj\u0161\u00ed a nej\u00fachvatn\u011bj\u0161\u00ed oblasti. Cesta ur\u010den\u00e1 pro cestovatele, kte\u0159\u00ed hledaj\u00ed dobrodru\u017estv\u00ed, svobodu a hlubok\u00e9 spojen\u00ed s divokou mongolskou krajinou a nad\u010dasovou ko\u010dovnou kulturou.<\/p>","protected":false},"excerpt":{"rendered":"<p>Vydejte se na cestu nap\u0159\u00ed\u010d Mongolskem od p\u00edse\u010dn\u00fdch dun Gobi po divok\u00e1 \u0159\u00ed\u010dn\u00ed \u00fadol\u00ed a ubytujte se v nejlep\u0161\u00edch mongolsk\u00fdch chat\u00e1ch.<\/p>","protected":false},"featured_media":5788,"comment_status":"open","ping_status":"closed","template":"","meta":{"_acf_changed":false,"iawp_total_views":63},"product_brand":[],"product_cat":[17],"product_tag":[],"class_list":{"0":"post-3607","1":"product","2":"type-product","3":"status-publish","4":"has-post-thumbnail","6":"product_cat-tours","8":"first","9":"instock","10":"virtual","11":"sold-individually","12":"purchasable","13":"product-type-booking"},"acf":[],"_links":{"self":[{"href":"https:\/\/mongolia.com.co\/cs\/wp-json\/wp\/v2\/product\/3607","targetHints":{"allow":["GET"]}}],"collection":[{"href":"https:\/\/mongolia.com.co\/cs\/wp-json\/wp\/v2\/product"}],"about":[{"href":"https:\/\/mongolia.com.co\/cs\/wp-json\/wp\/v2\/types\/product"}],"replies":[{"embeddable":true,"href":"https:\/\/mongolia.com.co\/cs\/wp-json\/wp\/v2\/comments?post=3607"}],"version-history":[{"count":41,"href":"https:\/\/mongolia.com.co\/cs\/wp-json\/wp\/v2\/product\/3607\/revisions"}],"predecessor-version":[{"id":5830,"href":"https:\/\/mongolia.com.co\/cs\/wp-json\/wp\/v2\/product\/3607\/revisions\/5830"}],"wp:featuredmedia":[{"embeddable":true,"href":"https:\/\/mongolia.com.co\/cs\/wp-json\/wp\/v2\/media\/5788"}],"wp:attachment":[{"href":"https:\/\/mongolia.com.co\/cs\/wp-json\/wp\/v2\/media?parent=3607"}],"wp:term":[{"taxonomy":"product_brand","embeddable":true,"href":"https:\/\/mongolia.com.co\/cs\/wp-json\/wp\/v2\/product_brand?post=3607"},{"taxonomy":"product_cat","embeddable":true,"href":"https:\/\/mongolia.com.co\/cs\/wp-json\/wp\/v2\/product_cat?post=3607"},{"taxonomy":"product_tag","embeddable":true,"href":"https:\/\/mongolia.com.co\/cs\/wp-json\/wp\/v2\/product_tag?post=3607"}],"curies":[{"name":"wp","href":"https:\/\/api.w.org\/{rel}","templated":true}]}}