{"id":3816,"date":"2024-03-28T07:03:53","date_gmt":"2024-03-28T07:03:53","guid":{"rendered":"https:\/\/mongolia.com.co\/?post_type=product&#038;p=3816"},"modified":"2024-10-04T02:22:42","modified_gmt":"2024-10-03T18:22:42","slug":"od-severnich-jezer-k-jiznim-piscinam","status":"publish","type":"product","link":"https:\/\/mongolia.com.co\/cs\/prohlidky\/od-severnich-jezer-k-jiznim-piscinam\/","title":{"rendered":"Od severn\u00edch jezer k ji\u017en\u00edm p\u00edsk\u016fm"},"content":{"rendered":"<p>Vydejte se na nezapomenutelnou 19denn\u00ed dobrodru\u017enou cestu Mongolskem, kter\u00e1 vede srdcem zem\u011b od ru\u0161n\u00fdch ulic Ul\u00e1nb\u00e1taru a\u017e po klidn\u00e9 pl\u00e1n\u011b pou\u0161t\u011b Gobi. Projd\u011bte drsnou krajinou, objevte starobyl\u00e9 sopky a odpo\u010di\u0148te si u k\u0159i\u0161\u0165\u00e1lov\u011b \u010dist\u00fdch jezer a pono\u0159te se do sv\u011bta, kde dobrodru\u017estv\u00ed nezn\u00e1 hranic. Ka\u017ed\u00fd den slibuje nov\u00e9 dobrodru\u017estv\u00ed, a\u0165 u\u017e jde o v\u00fd\u0161lap na sp\u00edc\u00ed sopky, j\u00edzdu na kajaku v panensk\u00fdch vod\u00e1ch nebo vzru\u0161uj\u00edc\u00ed z\u00e1\u017eitek z j\u00edzdy na velbloudu p\u0159es Plamenn\u00e9 \u00fatesy. Pono\u0159te se do ko\u010dovn\u00e9ho \u017eivotn\u00edho stylu, smo\u010dte se v hork\u00fdch pramenech pod hv\u011bzdnou oblohou a probu\u010fte se za dechberouc\u00edho v\u00fdchodu slunce nad rozlehl\u00fdmi p\u00edse\u010dn\u00fdmi dunami. Tento z\u00e1jezd nen\u00ed jen cestou nap\u0159\u00ed\u010d Mongolskem, je to cesta do srdce jeho krajiny, kultury a bezb\u0159eh\u00fdch dobrodru\u017estv\u00ed.<\/p>","protected":false},"excerpt":{"rendered":"<p>Dobrodru\u017en\u00e1 cesta od severu k jihu za starobylou krajinou a ko\u010dovn\u00fdmi kulturami, kter\u00e1 je nezapomenuteln\u00e1.<\/p>","protected":false},"featured_media":3844,"comment_status":"open","ping_status":"closed","template":"","meta":{"_acf_changed":false,"iawp_total_views":1029},"product_brand":[],"product_cat":[17],"product_tag":[37],"class_list":{"0":"post-3816","1":"product","2":"type-product","3":"status-publish","4":"has-post-thumbnail","6":"product_cat-tours","7":"product_tag-northern-lakes-to-southern-sands","9":"first","10":"instock","11":"virtual","12":"sold-individually","13":"purchasable","14":"product-type-booking"},"acf":[],"_links":{"self":[{"href":"https:\/\/mongolia.com.co\/cs\/wp-json\/wp\/v2\/product\/3816","targetHints":{"allow":["GET"]}}],"collection":[{"href":"https:\/\/mongolia.com.co\/cs\/wp-json\/wp\/v2\/product"}],"about":[{"href":"https:\/\/mongolia.com.co\/cs\/wp-json\/wp\/v2\/types\/product"}],"replies":[{"embeddable":true,"href":"https:\/\/mongolia.com.co\/cs\/wp-json\/wp\/v2\/comments?post=3816"}],"version-history":[{"count":0,"href":"https:\/\/mongolia.com.co\/cs\/wp-json\/wp\/v2\/product\/3816\/revisions"}],"wp:featuredmedia":[{"embeddable":true,"href":"https:\/\/mongolia.com.co\/cs\/wp-json\/wp\/v2\/media\/3844"}],"wp:attachment":[{"href":"https:\/\/mongolia.com.co\/cs\/wp-json\/wp\/v2\/media?parent=3816"}],"wp:term":[{"taxonomy":"product_brand","embeddable":true,"href":"https:\/\/mongolia.com.co\/cs\/wp-json\/wp\/v2\/product_brand?post=3816"},{"taxonomy":"product_cat","embeddable":true,"href":"https:\/\/mongolia.com.co\/cs\/wp-json\/wp\/v2\/product_cat?post=3816"},{"taxonomy":"product_tag","embeddable":true,"href":"https:\/\/mongolia.com.co\/cs\/wp-json\/wp\/v2\/product_tag?post=3816"}],"curies":[{"name":"wp","href":"https:\/\/api.w.org\/{rel}","templated":true}]}}