{"id":39,"date":"2024-01-23T17:22:25","date_gmt":"2024-01-23T17:22:25","guid":{"rendered":"https:\/\/mongolia.com.co\/?post_type=product&#038;p=39"},"modified":"2024-10-04T02:22:43","modified_gmt":"2024-10-03T18:22:43","slug":"kharakorum-quest","status":"publish","type":"product","link":"https:\/\/mongolia.com.co\/cs\/prohlidky\/kharakorum-quest\/","title":{"rendered":"Kharakorum Quest"},"content":{"rendered":"<p>Jste p\u0159ipraveni probudit sv\u00e9ho dobrodru\u017en\u00e9ho ducha a pono\u0159it se do nedot\u010den\u00e9 kr\u00e1sy St\u0159edn\u00edho Mongolska? P\u016fj\u010dovna voz\u016f SIXT v\u00e1s zve na p\u011btidenn\u00ed expedici, kter\u00e1 je v\u00edc ne\u017e jen proj\u00ed\u017e\u010fka - je to cesta \u010dasem a ter\u00e9nem. Od \u0161eptaj\u00edc\u00edch pastvin n\u00e1rodn\u00edho parku Chustaj, kde \u017eije majest\u00e1tn\u00ed k\u016f\u0148 P\u0159evalsk\u00e9ho, a\u017e po mystick\u00e9 ruiny Charakorumu, starobyl\u00e9ho hlavn\u00edho m\u011bsta Mongol\u016f, se na ka\u017ed\u00e9m kilometru odv\u00edj\u00ed n\u011bjak\u00fd p\u0159\u00edb\u011bh. Nen\u00ed to jen v\u00fdlet, je to z\u00e1\u017eitek.<\/p>","protected":false},"excerpt":{"rendered":"<p>Za\u017eijte kouzlo st\u0159edn\u00edho Mongolska: 5denn\u00ed v\u00fdlet s vlastn\u00ed dopravou se spole\u010dnost\u00ed SIXT<\/p>","protected":false},"featured_media":94,"comment_status":"open","ping_status":"closed","template":"","meta":{"_acf_changed":false,"iawp_total_views":1961},"product_brand":[],"product_cat":[17],"product_tag":[],"class_list":{"0":"post-39","1":"product","2":"type-product","3":"status-publish","4":"has-post-thumbnail","6":"product_cat-tours","8":"first","9":"instock","10":"virtual","11":"sold-individually","12":"purchasable","13":"product-type-booking"},"acf":[],"_links":{"self":[{"href":"https:\/\/mongolia.com.co\/cs\/wp-json\/wp\/v2\/product\/39","targetHints":{"allow":["GET"]}}],"collection":[{"href":"https:\/\/mongolia.com.co\/cs\/wp-json\/wp\/v2\/product"}],"about":[{"href":"https:\/\/mongolia.com.co\/cs\/wp-json\/wp\/v2\/types\/product"}],"replies":[{"embeddable":true,"href":"https:\/\/mongolia.com.co\/cs\/wp-json\/wp\/v2\/comments?post=39"}],"version-history":[{"count":0,"href":"https:\/\/mongolia.com.co\/cs\/wp-json\/wp\/v2\/product\/39\/revisions"}],"wp:featuredmedia":[{"embeddable":true,"href":"https:\/\/mongolia.com.co\/cs\/wp-json\/wp\/v2\/media\/94"}],"wp:attachment":[{"href":"https:\/\/mongolia.com.co\/cs\/wp-json\/wp\/v2\/media?parent=39"}],"wp:term":[{"taxonomy":"product_brand","embeddable":true,"href":"https:\/\/mongolia.com.co\/cs\/wp-json\/wp\/v2\/product_brand?post=39"},{"taxonomy":"product_cat","embeddable":true,"href":"https:\/\/mongolia.com.co\/cs\/wp-json\/wp\/v2\/product_cat?post=39"},{"taxonomy":"product_tag","embeddable":true,"href":"https:\/\/mongolia.com.co\/cs\/wp-json\/wp\/v2\/product_tag?post=39"}],"curies":[{"name":"wp","href":"https:\/\/api.w.org\/{rel}","templated":true}]}}