{"id":3914,"date":"2024-05-23T14:52:48","date_gmt":"2024-05-23T14:52:48","guid":{"rendered":"https:\/\/mongolia.com.co\/?post_type=product&#038;p=3914"},"modified":"2024-10-04T12:22:37","modified_gmt":"2024-10-04T04:22:37","slug":"severni-mongolska-smycka","status":"publish","type":"product","link":"https:\/\/mongolia.com.co\/cs\/prohlidky\/severni-mongolska-smycka\/","title":{"rendered":"Smy\u010dka Severn\u00ed Mongolsko"},"content":{"rendered":"<p>Vydejte se na vzru\u0161uj\u00edc\u00ed 14denn\u00ed offroadov\u00e9 dobrodru\u017estv\u00ed krajinou severn\u00edho Mongolska. Za\u017eijte vzru\u0161en\u00ed p\u0159i p\u0159ekon\u00e1v\u00e1n\u00ed rozmanit\u00fdch ter\u00e9n\u016f, od klidn\u00fdch jezer a starobyl\u00fdch kl\u00e1\u0161ter\u016f a\u017e po rozs\u00e1hl\u00e9 p\u00edse\u010dn\u00e9 duny a majest\u00e1tn\u00ed sopky. Tento z\u00e1jezd nab\u00edz\u00ed jedine\u010dnou kombinaci kulturn\u00edho pozn\u00e1v\u00e1n\u00ed a outdoorov\u00e9ho dobrodru\u017estv\u00ed, ide\u00e1ln\u00ed pro ty, kte\u0159\u00ed hledaj\u00ed pravou mongolskou eskap\u00e1du.<\/p>","protected":false},"excerpt":{"rendered":"<p>Vydejte se na 14denn\u00ed offroadovou cestu po \u00fachvatn\u00e9 krajin\u011b severn\u00edho Mongolska, bohat\u00e9 kultu\u0159e a tradi\u010dn\u00edch t\u00e1borech ger.<\/p>","protected":false},"featured_media":3988,"comment_status":"open","ping_status":"closed","template":"","meta":{"_acf_changed":false,"iawp_total_views":1241},"product_brand":[],"product_cat":[17],"product_tag":[36],"class_list":{"0":"post-3914","1":"product","2":"type-product","3":"status-publish","4":"has-post-thumbnail","6":"product_cat-tours","7":"product_tag-northern-mongolia-loop","9":"first","10":"instock","11":"virtual","12":"sold-individually","13":"purchasable","14":"product-type-booking"},"acf":[],"_links":{"self":[{"href":"https:\/\/mongolia.com.co\/cs\/wp-json\/wp\/v2\/product\/3914","targetHints":{"allow":["GET"]}}],"collection":[{"href":"https:\/\/mongolia.com.co\/cs\/wp-json\/wp\/v2\/product"}],"about":[{"href":"https:\/\/mongolia.com.co\/cs\/wp-json\/wp\/v2\/types\/product"}],"replies":[{"embeddable":true,"href":"https:\/\/mongolia.com.co\/cs\/wp-json\/wp\/v2\/comments?post=3914"}],"version-history":[{"count":0,"href":"https:\/\/mongolia.com.co\/cs\/wp-json\/wp\/v2\/product\/3914\/revisions"}],"wp:featuredmedia":[{"embeddable":true,"href":"https:\/\/mongolia.com.co\/cs\/wp-json\/wp\/v2\/media\/3988"}],"wp:attachment":[{"href":"https:\/\/mongolia.com.co\/cs\/wp-json\/wp\/v2\/media?parent=3914"}],"wp:term":[{"taxonomy":"product_brand","embeddable":true,"href":"https:\/\/mongolia.com.co\/cs\/wp-json\/wp\/v2\/product_brand?post=3914"},{"taxonomy":"product_cat","embeddable":true,"href":"https:\/\/mongolia.com.co\/cs\/wp-json\/wp\/v2\/product_cat?post=3914"},{"taxonomy":"product_tag","embeddable":true,"href":"https:\/\/mongolia.com.co\/cs\/wp-json\/wp\/v2\/product_tag?post=3914"}],"curies":[{"name":"wp","href":"https:\/\/api.w.org\/{rel}","templated":true}]}}