{"id":413,"date":"2024-01-26T11:15:18","date_gmt":"2024-01-26T11:15:18","guid":{"rendered":"https:\/\/mongolia.com.co\/?post_type=product&#038;p=413"},"modified":"2025-08-21T19:35:58","modified_gmt":"2025-08-21T11:35:58","slug":"mongolske-stepi-do-gobi","status":"publish","type":"product","link":"https:\/\/mongolia.com.co\/cs\/prohlidky\/mongolske-stepi-do-gobi\/","title":{"rendered":"Stepi do Gobi"},"content":{"rendered":"<p>Poznejte kouzlo mongolsk\u00fdch step\u00ed a dun na t\u00e9to 15denn\u00ed cest\u011b po st\u0159edn\u00edm Mongolsku a pou\u0161ti Gobi. Setkejte se s divok\u00fdmi ko\u0148mi v n\u00e1rodn\u00edm parku Chustaj a za\u017eijte vzru\u0161en\u00ed z j\u00edzdy ter\u00e9nn\u00edmi auty v rozlehl\u00e9, nezkrocen\u00e9 krajin\u011b. Obdivujte kulturn\u00ed bohatstv\u00ed starobyl\u00fdch kl\u00e1\u0161ter\u016f a historick\u00fdch pam\u00e1tek. Od \u0161eptaj\u00edc\u00edch p\u00edsk\u016f dun Khongor po duchovn\u00ed klid kl\u00e1\u0161tera Ongii - ka\u017ed\u00fd den se odv\u00edj\u00ed nov\u00e1 kapitola objev\u016f.<\/p>","protected":false},"excerpt":{"rendered":"<p>Objevte divokou kr\u00e1su Mongolska na 15denn\u00ed ter\u00e9nn\u00ed expedici z pou\u0161t\u011b Gobi do step\u00ed.<\/p>","protected":false},"featured_media":5360,"comment_status":"open","ping_status":"closed","template":"","meta":{"_acf_changed":false,"iawp_total_views":1363},"product_brand":[],"product_cat":[17],"product_tag":[],"class_list":{"0":"post-413","1":"product","2":"type-product","3":"status-publish","4":"has-post-thumbnail","6":"product_cat-tours","8":"first","9":"instock","10":"virtual","11":"sold-individually","12":"purchasable","13":"product-type-booking"},"acf":[],"_links":{"self":[{"href":"https:\/\/mongolia.com.co\/cs\/wp-json\/wp\/v2\/product\/413","targetHints":{"allow":["GET"]}}],"collection":[{"href":"https:\/\/mongolia.com.co\/cs\/wp-json\/wp\/v2\/product"}],"about":[{"href":"https:\/\/mongolia.com.co\/cs\/wp-json\/wp\/v2\/types\/product"}],"replies":[{"embeddable":true,"href":"https:\/\/mongolia.com.co\/cs\/wp-json\/wp\/v2\/comments?post=413"}],"version-history":[{"count":6,"href":"https:\/\/mongolia.com.co\/cs\/wp-json\/wp\/v2\/product\/413\/revisions"}],"predecessor-version":[{"id":5361,"href":"https:\/\/mongolia.com.co\/cs\/wp-json\/wp\/v2\/product\/413\/revisions\/5361"}],"wp:featuredmedia":[{"embeddable":true,"href":"https:\/\/mongolia.com.co\/cs\/wp-json\/wp\/v2\/media\/5360"}],"wp:attachment":[{"href":"https:\/\/mongolia.com.co\/cs\/wp-json\/wp\/v2\/media?parent=413"}],"wp:term":[{"taxonomy":"product_brand","embeddable":true,"href":"https:\/\/mongolia.com.co\/cs\/wp-json\/wp\/v2\/product_brand?post=413"},{"taxonomy":"product_cat","embeddable":true,"href":"https:\/\/mongolia.com.co\/cs\/wp-json\/wp\/v2\/product_cat?post=413"},{"taxonomy":"product_tag","embeddable":true,"href":"https:\/\/mongolia.com.co\/cs\/wp-json\/wp\/v2\/product_tag?post=413"}],"curies":[{"name":"wp","href":"https:\/\/api.w.org\/{rel}","templated":true}]}}