{"id":4301,"date":"2024-06-18T16:53:43","date_gmt":"2024-06-18T16:53:43","guid":{"rendered":"https:\/\/mongolia.com.co\/?post_type=product&#038;p=4301"},"modified":"2024-10-04T02:22:42","modified_gmt":"2024-10-03T18:22:42","slug":"prohlidka-parku-terelj","status":"publish","type":"product","link":"https:\/\/mongolia.com.co\/cs\/prohlidky\/prohlidka-parku-terelj\/","title":{"rendered":"Prohl\u00eddka parku Terelj"},"content":{"rendered":"<p>Objevte nezkrotnou kr\u00e1su Mongolska na vzru\u0161uj\u00edc\u00ed offroadov\u00e9 cest\u011b, kter\u00e1 v\u00e1s zavede z ru\u0161n\u00fdch ulic Ul\u00e1nb\u00e1taru do klidn\u00e9 krajiny Terelje a d\u00e1l. Tato cesta kombinuje kulturn\u00ed pam\u00e1tky, \u00fachvatn\u00e9 p\u0159\u00edrodn\u00ed scen\u00e9rie a vzru\u0161uj\u00edc\u00ed aktivity a nab\u00edz\u00ed dokonalou kombinaci dobrodru\u017estv\u00ed a odpo\u010dinku. Ka\u017ed\u00fd okam\u017eik t\u00e9to cesty slibuje nezapomenuteln\u00e9 z\u00e1\u017eitky - od proj\u00ed\u017e\u010fky na koni a pikniku u \u0159eky Tuul a\u017e po objevov\u00e1n\u00ed starobyl\u00fdch chr\u00e1m\u016f a ikonick\u00fdch soch. A\u0165 u\u017e budete obdivovat sochu Chinggis Khaana nebo pozorovat divokou zv\u011b\u0159 v Gun Galuutu, toto dobrodru\u017estv\u00ed ve v\u00e1s zanech\u00e1 trval\u00e9 vzpom\u00ednky na rozmanit\u00e9 divy Mongolska.<\/p>","protected":false},"excerpt":{"rendered":"<p>Vydejte se s Terelj Park Tour na vzru\u0161uj\u00edc\u00ed cestu po \u00fachvatn\u00e9 mongolsk\u00e9 krajin\u011b a bohat\u00e9m kulturn\u00edm d\u011bdictv\u00ed!<\/p>","protected":false},"featured_media":4323,"comment_status":"open","ping_status":"closed","template":"","meta":{"_acf_changed":false,"iawp_total_views":1371},"product_brand":[],"product_cat":[17],"product_tag":[35],"class_list":{"0":"post-4301","1":"product","2":"type-product","3":"status-publish","4":"has-post-thumbnail","6":"product_cat-tours","7":"product_tag-terelj-park-tour","9":"first","10":"instock","11":"virtual","12":"sold-individually","13":"purchasable","14":"product-type-booking"},"acf":[],"_links":{"self":[{"href":"https:\/\/mongolia.com.co\/cs\/wp-json\/wp\/v2\/product\/4301","targetHints":{"allow":["GET"]}}],"collection":[{"href":"https:\/\/mongolia.com.co\/cs\/wp-json\/wp\/v2\/product"}],"about":[{"href":"https:\/\/mongolia.com.co\/cs\/wp-json\/wp\/v2\/types\/product"}],"replies":[{"embeddable":true,"href":"https:\/\/mongolia.com.co\/cs\/wp-json\/wp\/v2\/comments?post=4301"}],"version-history":[{"count":0,"href":"https:\/\/mongolia.com.co\/cs\/wp-json\/wp\/v2\/product\/4301\/revisions"}],"wp:featuredmedia":[{"embeddable":true,"href":"https:\/\/mongolia.com.co\/cs\/wp-json\/wp\/v2\/media\/4323"}],"wp:attachment":[{"href":"https:\/\/mongolia.com.co\/cs\/wp-json\/wp\/v2\/media?parent=4301"}],"wp:term":[{"taxonomy":"product_brand","embeddable":true,"href":"https:\/\/mongolia.com.co\/cs\/wp-json\/wp\/v2\/product_brand?post=4301"},{"taxonomy":"product_cat","embeddable":true,"href":"https:\/\/mongolia.com.co\/cs\/wp-json\/wp\/v2\/product_cat?post=4301"},{"taxonomy":"product_tag","embeddable":true,"href":"https:\/\/mongolia.com.co\/cs\/wp-json\/wp\/v2\/product_tag?post=4301"}],"curies":[{"name":"wp","href":"https:\/\/api.w.org\/{rel}","templated":true}]}}