{"id":4842,"date":"2024-09-26T17:34:05","date_gmt":"2024-09-26T09:34:05","guid":{"rendered":"https:\/\/mongolia.com.co\/?post_type=product&#038;p=4842"},"modified":"2024-10-04T02:22:42","modified_gmt":"2024-10-03T18:22:42","slug":"zimni-prohlidka-mongolska","status":"publish","type":"product","link":"https:\/\/mongolia.com.co\/cs\/prohlidky\/zimni-prohlidka-mongolska\/","title":{"rendered":"Zimn\u00ed \u0159\u00ed\u0161e div\u016f"},"content":{"rendered":"<p>Poznejte kouzlo zimn\u00ed krajiny na t\u00e9to poutav\u00e9 12denn\u00ed zimn\u00ed offroadov\u00e9 cest\u011b po Mongolsku. Od ru\u0161n\u00fdch ulic Ul\u00e1nb\u00e1taru a\u017e po klidn\u00e9 b\u0159ehy jezera Khuvsgul budete pod sn\u011bhovou pokr\u00fdvkou objevovat skryt\u00e9 klenoty Mongolska. Proje\u010fte se na kon\u00edch nedot\u010den\u00fdmi lesy, vydejte se na t\u00faru po sp\u00edc\u00edch sopk\u00e1ch a relaxujte v teple p\u0159\u00edrodn\u00edch hork\u00fdch pramen\u016f. Tato cesta nab\u00edz\u00ed jedine\u010dnou kombinaci dobrodru\u017estv\u00ed, odpo\u010dinku a kulturn\u00edho pozn\u00e1v\u00e1n\u00ed. Ka\u017ed\u00fd den slibuje jedine\u010dn\u00e9 setk\u00e1n\u00ed s \u00fachvatnou mongolskou zimn\u00ed divo\u010dinou, a\u0165 u\u017e jde o ryba\u0159en\u00ed na ledu na zamrzl\u00fdch jezerech nebo proch\u00e1zku po starobyl\u00fdch schodech Charkorinu.<\/p>","protected":false},"excerpt":{"rendered":"<p>Za\u017eijte kouzelnou zimu v Mongolsku d\u00edky nezapomenuteln\u00fdm dobrodru\u017estv\u00edm, malebn\u00fdm chat\u00e1m a historick\u00fdm objev\u016fm.<\/p>","protected":false},"featured_media":4865,"comment_status":"open","ping_status":"closed","template":"","meta":{"_acf_changed":false,"iawp_total_views":1172},"product_brand":[],"product_cat":[17],"product_tag":[],"class_list":{"0":"post-4842","1":"product","2":"type-product","3":"status-publish","4":"has-post-thumbnail","6":"product_cat-tours","8":"first","9":"instock","10":"virtual","11":"sold-individually","12":"purchasable","13":"product-type-booking"},"acf":[],"_links":{"self":[{"href":"https:\/\/mongolia.com.co\/cs\/wp-json\/wp\/v2\/product\/4842","targetHints":{"allow":["GET"]}}],"collection":[{"href":"https:\/\/mongolia.com.co\/cs\/wp-json\/wp\/v2\/product"}],"about":[{"href":"https:\/\/mongolia.com.co\/cs\/wp-json\/wp\/v2\/types\/product"}],"replies":[{"embeddable":true,"href":"https:\/\/mongolia.com.co\/cs\/wp-json\/wp\/v2\/comments?post=4842"}],"version-history":[{"count":0,"href":"https:\/\/mongolia.com.co\/cs\/wp-json\/wp\/v2\/product\/4842\/revisions"}],"wp:featuredmedia":[{"embeddable":true,"href":"https:\/\/mongolia.com.co\/cs\/wp-json\/wp\/v2\/media\/4865"}],"wp:attachment":[{"href":"https:\/\/mongolia.com.co\/cs\/wp-json\/wp\/v2\/media?parent=4842"}],"wp:term":[{"taxonomy":"product_brand","embeddable":true,"href":"https:\/\/mongolia.com.co\/cs\/wp-json\/wp\/v2\/product_brand?post=4842"},{"taxonomy":"product_cat","embeddable":true,"href":"https:\/\/mongolia.com.co\/cs\/wp-json\/wp\/v2\/product_cat?post=4842"},{"taxonomy":"product_tag","embeddable":true,"href":"https:\/\/mongolia.com.co\/cs\/wp-json\/wp\/v2\/product_tag?post=4842"}],"curies":[{"name":"wp","href":"https:\/\/api.w.org\/{rel}","templated":true}]}}