{"id":5532,"date":"2025-12-02T19:09:11","date_gmt":"2025-12-02T11:09:11","guid":{"rendered":"https:\/\/mongolia.com.co\/?post_type=product&#038;p=5532"},"modified":"2025-12-08T17:32:33","modified_gmt":"2025-12-08T09:32:33","slug":"mongolsko-po-sousi-gobi-lovci-orlu","status":"publish","type":"product","link":"https:\/\/mongolia.com.co\/cs\/prohlidky\/mongolsko-po-sousi-gobi-lovci-orlu\/","title":{"rendered":"Mongolsk\u00e1 smy\u010dka do Khuvsgulu, Altaje a severn\u00ed Gobi"},"content":{"rendered":"<p>Vydejte se na cestu <a href=\"https:\/\/mongolia.com.co\/cs\/\">Dobrodru\u017estv\u00ed v Mongolsku 4\u00d74<\/a> s <strong>SIXT Offroad<\/strong> a pro\u017eijte jednu z nejkomplexn\u011bj\u0161\u00edch pozemn\u00edch tras po Mongolsku, kter\u00e9 jsou dnes k dispozici. Tato 18denn\u00ed expedice s voliteln\u00fdm prodlou\u017een\u00edm je ur\u010dena cestovatel\u016fm, kte\u0159\u00ed cht\u011bj\u00ed za\u017e\u00edt pravou mongolskou cestu autem - odlehlou, autentickou a plnou jedine\u010dn\u00fdch scen\u00e9ri\u00ed. Od hlubok\u00fdch les\u016f a rychle tekouc\u00edch \u0159ek severn\u00edho Mongolska a\u017e po rozlehl\u00e9 p\u00edse\u010dn\u00e9 duny, k\u0159i\u0161\u0165\u00e1lov\u00e1 jezera a vysokohorsk\u00e9 vrcholy na dalek\u00e9m z\u00e1pad\u011b - tato dlouh\u00e1 cesta po Mongolsku je navr\u017eena tak, aby uk\u00e1zala celou rozmanitost divok\u00e9 p\u0159\u00edrody t\u00e9to zem\u011b. P\u0159i proj\u00ed\u017ed\u011bn\u00ed t\u00e9to mongolsk\u00e9 smy\u010dky v pln\u011b vybaven\u00e9m voze Toyota Land Cruiser. <a href=\"https:\/\/mongolia.com.co\/cs\/mongolsko-pujcovna-aut-autopujcovna-selfdrive-tour\/\">Pron\u00e1jem auta 4\u00d74 Mongolsko<\/a>, projdete nedot\u010denou step\u00ed, projedete skryt\u00fdmi \u00fadol\u00edmi a dostanete se k lovc\u016fm orl\u016f, ko\u010dovn\u00fdm rodin\u00e1m a krajin\u011b, kterou vid\u00ed jen m\u00e1lo cestovatel\u016f.<\/p>\n<p>T\u00e1bo\u0159te pod nedot\u010denou no\u010dn\u00ed oblohou, vydejte se po drsn\u00fdch mongolsk\u00fdch stezk\u00e1ch a u\u017eijte si svobodu, jakou m\u00e1 pouze <a href=\"https:\/\/mongolia.com.co\/cs\/\">Mongolsko na vlastn\u00ed pohon<\/a> expedice m\u016f\u017ee nab\u00eddnout. A\u0165 u\u017e sn\u00edte o t\u0159\u00edt\u00fddenn\u00ed cest\u011b po Mongolsku, nebo ji chcete roz\u0161\u00ed\u0159it na m\u011bs\u00ed\u010dn\u00ed pozemn\u00ed expedici po Mongolsku, tato trasa p\u0159in\u00e1\u0161\u00ed maxim\u00e1ln\u00ed dobrodru\u017estv\u00ed, kulturn\u00ed ponor a prav\u00e9ho ducha vzd\u00e1len\u00e9ho ter\u00e9nn\u00edho pr\u016fzkumu.<\/p>\n<h3>Co uvid\u00edte na velk\u00e9m okruhu Mongolskem do Chuvsgulu, Altaje a Gobi<\/h3>\n<p>Tato mongolsk\u00e1 pozemn\u00ed trasa spojuje mnoho nejpozoruhodn\u011bj\u0161\u00edch p\u0159\u00edrodn\u00edch a kulturn\u00edch zaj\u00edmavost\u00ed zem\u011b. Na severu se dostanete do oblasti jezera Khuvsgul - \u010d\u00e1sti jednoho z nej\u010dist\u0161\u00edch a nejdel\u0161\u00edch propojen\u00fdch sladkovodn\u00edch syst\u00e9m\u016f na sv\u011bt\u011b, kter\u00fdm prot\u00e9kaj\u00ed \u0159eky Eg, Selenge a Orchon. Tyto legend\u00e1rn\u00ed vody jsou domovem nejv\u011bt\u0161\u00edho pstruha na sv\u011bt\u011b, tajmena, a proto je tato oblast korunou ka\u017ed\u00e9 dlouh\u00e9 cesty po Mongolsku.<\/p>\n<p>Jak va\u0161e mongolsk\u00e9 dobrodru\u017estv\u00ed s pohonem 4\u00d74 pokra\u010duje na z\u00e1pad, p\u0159ejedete Altan Els, nejsevern\u011bj\u0161\u00ed p\u00edse\u010dn\u00e9 duny v Mongolsku a jedin\u00e9 m\u00edsto na sv\u011bt\u011b, kde se vedle sebe pasou velbloudi baktrij\u0161t\u00ed a chundelat\u00ed jaci.<\/p>\n<p>Pot\u00e9 cesta stoup\u00e1 do dramatick\u00e9ho poho\u0159\u00ed Altaj, odlehl\u00e9ho pohrani\u010d\u00ed ledovc\u016f, nejvy\u0161\u0161\u00edch vrchol\u016f Mongolska, rozlehl\u00fdch p\u00e1nv\u00ed a ikonick\u00fdch divok\u00fdch zv\u00ed\u0159at, jako jsou nejv\u011bt\u0161\u00ed divok\u00e9 ovce na sv\u011bt\u011b, argali altajsk\u00e1, a mohutn\u00fd kozoro\u017eec altajsk\u00fd. Tento region je tak\u00e9 domovem kaza\u0161sk\u00fdch lovc\u016f orl\u016f, jejich\u017e stalet\u00e1 tradice je jedn\u00edm z nejsiln\u011bj\u0161\u00edch kulturn\u00edch vrchol\u016f ka\u017ed\u00e9 mongolsk\u00e9 smy\u010dky.<\/p>\n<p>Na jihu Mongolska se vyd\u00e1te do rozmanit\u00e9 pou\u0161t\u011b Gobi, kde \u017eij\u00ed divoc\u00ed velbloudi, sn\u011b\u017en\u00ed levharti, medv\u011bdi, antilopy a nespo\u010det druh\u016f p\u0159izp\u016fsoben\u00fdch pou\u0161tn\u00edm podm\u00ednk\u00e1m. Tyto dramatick\u00e9 kontrasty \u010din\u00ed z t\u00e9to mongolsk\u00e9 pozemn\u00ed expedice jednu z nejbohat\u0161\u00edch a nejpest\u0159ej\u0161\u00edch cest 4\u00d74 v Asii.<\/p>","protected":false},"excerpt":{"rendered":"<p>Prozkoumejte nej\u00fa\u017easn\u011bj\u0161\u00ed mongolsk\u00e9 krajiny daleko od vy\u0161lapan\u00fdch cest!<\/p>","protected":false},"featured_media":5583,"comment_status":"open","ping_status":"closed","template":"","meta":{"_acf_changed":false,"iawp_total_views":271},"product_brand":[],"product_cat":[17],"product_tag":[],"class_list":{"0":"post-5532","1":"product","2":"type-product","3":"status-publish","4":"has-post-thumbnail","6":"product_cat-tours","8":"first","9":"instock","10":"virtual","11":"sold-individually","12":"purchasable","13":"product-type-booking"},"acf":[],"_links":{"self":[{"href":"https:\/\/mongolia.com.co\/cs\/wp-json\/wp\/v2\/product\/5532","targetHints":{"allow":["GET"]}}],"collection":[{"href":"https:\/\/mongolia.com.co\/cs\/wp-json\/wp\/v2\/product"}],"about":[{"href":"https:\/\/mongolia.com.co\/cs\/wp-json\/wp\/v2\/types\/product"}],"replies":[{"embeddable":true,"href":"https:\/\/mongolia.com.co\/cs\/wp-json\/wp\/v2\/comments?post=5532"}],"version-history":[{"count":36,"href":"https:\/\/mongolia.com.co\/cs\/wp-json\/wp\/v2\/product\/5532\/revisions"}],"predecessor-version":[{"id":5635,"href":"https:\/\/mongolia.com.co\/cs\/wp-json\/wp\/v2\/product\/5532\/revisions\/5635"}],"wp:featuredmedia":[{"embeddable":true,"href":"https:\/\/mongolia.com.co\/cs\/wp-json\/wp\/v2\/media\/5583"}],"wp:attachment":[{"href":"https:\/\/mongolia.com.co\/cs\/wp-json\/wp\/v2\/media?parent=5532"}],"wp:term":[{"taxonomy":"product_brand","embeddable":true,"href":"https:\/\/mongolia.com.co\/cs\/wp-json\/wp\/v2\/product_brand?post=5532"},{"taxonomy":"product_cat","embeddable":true,"href":"https:\/\/mongolia.com.co\/cs\/wp-json\/wp\/v2\/product_cat?post=5532"},{"taxonomy":"product_tag","embeddable":true,"href":"https:\/\/mongolia.com.co\/cs\/wp-json\/wp\/v2\/product_tag?post=5532"}],"curies":[{"name":"wp","href":"https:\/\/api.w.org\/{rel}","templated":true}]}}