{"id":5616,"date":"2025-12-04T19:29:23","date_gmt":"2025-12-04T11:29:23","guid":{"rendered":"https:\/\/mongolia.com.co\/?post_type=product&#038;p=5616"},"modified":"2026-03-13T13:17:28","modified_gmt":"2026-03-13T05:17:28","slug":"mongolska-smycka-na-khuvsgulsky-altaj-a-jizni-gobi","status":"publish","type":"product","link":"https:\/\/mongolia.com.co\/cs\/prohlidky\/mongolska-smycka-na-khuvsgulsky-altaj-a-jizni-gobi\/","title":{"rendered":"Mongolsk\u00e1 smy\u010dka do Khuvsgulu, Altaje a ji\u017en\u00ed Gobi"},"content":{"rendered":"<h2 data-start=\"239\" data-end=\"322\"><strong data-start=\"241\" data-end=\"322\">3 t\u00fddny v Mongolsku - ultim\u00e1tn\u00ed pozemn\u00ed expedice nap\u0159\u00ed\u010d severem, z\u00e1padem a Gobi<\/strong><\/h2>\n<p data-start=\"324\" data-end=\"747\">Vydejte se na definitivn\u00ed <strong data-start=\"349\" data-end=\"379\">3 t\u00fddny dobrodru\u017en\u00e9 cesty po Mongolsku<\/strong> a objevte jednu z nej\u00fapln\u011bj\u0161\u00edch pozemn\u00edch cest, kter\u00e1 kdy byla vytvo\u0159ena. Tato 21denn\u00ed expedice ur\u010den\u00e1 pro cestovatele, kte\u0159\u00ed hledaj\u00ed drsnou krajinu, autentick\u00e1 setk\u00e1n\u00ed a opravdovou svobodu v divo\u010din\u011b, v\u00e1s provede nejzn\u00e1m\u011bj\u0161\u00edmi oblastmi Mongolska - od zalesn\u011bn\u00e9ho severu a legend\u00e1rn\u00edho jezera Chuvsgul a\u017e po vysokohorsk\u00e9 poho\u0159\u00ed Altaj a rozlehlou, filmovou pou\u0161\u0165 Gobi.<\/p>\n<p data-start=\"749\" data-end=\"1129\">A\u0165 u\u017e cestujete s pln\u011b vybaven\u00fdm <a href=\"https:\/\/mongolia.com.co\/cs\/mongolsko-pujcovna-aut-autopujcovna-selfdrive-tour\/\">Pron\u00e1jem vozu 4\u00d74<\/a> nebo se p\u0159ipojit k <a href=\"https:\/\/themongoliatour.com\/tours\/altai-tracks-to-eagle-hunters\/\" target=\"_blank\" rel=\"noopener\">prohl\u00eddka Mongolska s pr\u016fvodcem na vlastn\u00ed pohon na Altaji<\/a>, to <strong data-start=\"846\" data-end=\"880\">t\u0159\u00edt\u00fddenn\u00ed itiner\u00e1\u0159 Mongolska<\/strong> ukazuje zemi v jej\u00ed nejdivo\u010dej\u0161\u00ed podob\u011b. Budete sledovat odlehl\u00e9 cesty \u0159\u00ed\u010dn\u00edmi \u00fadol\u00edmi, sp\u00e1t pod z\u00e1\u0159ivou no\u010dn\u00ed oblohou, setk\u00e1te se s ko\u010dovn\u00fdmi rodinami, nav\u0161t\u00edv\u00edte kaza\u0161sk\u00e9 lovce orl\u016f a projdete tak rozmanit\u00fdm prost\u0159ed\u00edm, \u017ee v\u00e1m ka\u017ed\u00fd den bude p\u0159ipadat jako nov\u00fd sv\u011bt.<\/p>\n<p data-start=\"1131\" data-end=\"1530\">Tato trasa spojuje nej\u010dist\u0161\u00ed sladkovodn\u00ed syst\u00e9my Mongolska na severu, zlatav\u00e9 p\u00edse\u010dn\u00e9 duny na severoz\u00e1pad\u011b a jihu, sope\u010dn\u00e9 plo\u0161iny, vysokohorsk\u00e9 vrcholy na Altaji, starobyl\u00e9 kulturn\u00ed oblasti a dramatick\u00e9 ka\u0148ony a \u00fatesy Gobi. Pokud chcete poznat Mongolsko v cel\u00e9 jeho \u0161\u00ed\u0159i - od severu p\u0159es z\u00e1pad a\u017e po jih -, je tato kniha <strong data-start=\"1429\" data-end=\"1453\">3t\u00fddenn\u00ed z\u00e1jezd do Mongolska<\/strong> p\u0159in\u00e1\u0161\u00ed dokonalou rovnov\u00e1hu mezi dobrodru\u017estv\u00edm, kulturou a \u00fachvatnou p\u0159\u00edrodou.<\/p>\n<h3 data-start=\"1537\" data-end=\"1598\"><strong data-start=\"1539\" data-end=\"1598\">Co za\u017eijete na t\u00e9to 3t\u00fddenn\u00ed cest\u011b po Mongolsku<\/strong><\/h3>\n<h4 data-start=\"1600\" data-end=\"1648\"><strong data-start=\"1604\" data-end=\"1648\">Severn\u00ed vodn\u00ed cesty a lesn\u00ed divo\u010dina<\/strong><\/h4>\n<p data-start=\"1649\" data-end=\"2034\">Va\u0161e cesta za\u010d\u00edn\u00e1 pod\u00e9l historick\u00fdch \u0159\u00ed\u010dn\u00edch syst\u00e9m\u016f Selenge, Orkhon a Eg-part jedn\u00e9 z nej\u010dist\u0161\u00edch sladkovodn\u00edch s\u00edt\u00ed na sv\u011bt\u011b. Cesta na sever v\u00e1s zavede do nedot\u010den\u00e9 tajgy, klidn\u00fdch t\u00e1bor\u016f u \u0159ek a nakonec do klenotu severn\u00edho Mongolska: <strong data-start=\"1924\" data-end=\"1941\">Jezero Khuvsgul<\/strong>, nedot\u010den\u00e9 alpsk\u00e9 jezero proslul\u00e9 svou hloubkou, \u010distotou a dramatick\u00fdmi okoln\u00edmi horami.<\/p>\n<h4 data-start=\"2036\" data-end=\"2090\"><strong data-start=\"2040\" data-end=\"2090\">Altan Els a skryt\u00e1 z\u00e1padn\u00ed hranice Mongolska<\/strong><\/h4>\n<p data-start=\"2091\" data-end=\"2434\">Kdy\u017e p\u0159ejdete na z\u00e1pad, dostanete se k <strong data-start=\"2128\" data-end=\"2141\">Altan Els<\/strong>, nejsevern\u011bj\u0161\u00ed dunov\u00fd syst\u00e9m Mongolska a surrealistick\u00e1 p\u0159echodov\u00e1 z\u00f3na, kde se o jednu krajinu d\u011bl\u00ed velbloudi, jaci a ko\u010dovn\u00ed pastevci. Trasa pak stoup\u00e1 do mohutn\u00fdch hor. <strong data-start=\"2313\" data-end=\"2332\">Poho\u0159\u00ed Altaj<\/strong>, kde \u017eij\u00ed divok\u00e9 ovce argali, kozoro\u017eci, ledovce a rozlehl\u00e1 \u00fadol\u00ed, kter\u00e1 byla po tis\u00edcilet\u00ed utv\u00e1\u0159ena v\u011btrem a ledem.<\/p>\n<p data-start=\"2436\" data-end=\"2602\">Vrcholem ka\u017ed\u00e9 dlouh\u00e9 cesty po Mongolsku je setk\u00e1n\u00ed s <strong data-start=\"2489\" data-end=\"2513\">Kaza\u0161\u0161t\u00ed lovci orl\u016f<\/strong> Bayan-Ulgii - str\u00e1\u017eci jedn\u00e9 z posledn\u00edch p\u0159e\u017e\u00edvaj\u00edc\u00edch starobyl\u00fdch loveck\u00fdch tradic na Zemi.<\/p>\n<h4 data-start=\"2604\" data-end=\"2663\"><strong data-start=\"2608\" data-end=\"2663\">Uvs &amp; Uureg: vysokohorsk\u00e1 jezera Velk\u00e9 p\u00e1nve<\/strong><\/h4>\n<p data-start=\"2664\" data-end=\"2927\">Z Ulaangomu a <strong data-start=\"2682\" data-end=\"2694\">Jezero Uvs<\/strong>, nejv\u011bt\u0161\u00edho jezera v Mongolsku, a\u017e po vzd\u00e1len\u00e9 modr\u00e9 vody Mongolska. <strong data-start=\"2755\" data-end=\"2769\">Jezero Uureg<\/strong>, tato \u010d\u00e1st trasy nab\u00edz\u00ed jedny z nejfotogeni\u010dt\u011bj\u0161\u00edch alpsk\u00fdch scen\u00e9ri\u00ed v zemi. Mongolsko zde p\u016fsob\u00ed nekone\u010dn\u011b - bezb\u0159eh\u00e9, pr\u00e1zdn\u00e9 a neskute\u010dn\u011b kr\u00e1sn\u00e9.<\/p>\n<h4 data-start=\"2929\" data-end=\"2991\"><strong data-start=\"2933\" data-end=\"2991\">Pou\u0161\u0165 Gobi: Kamenn\u00e9 chr\u00e1my: duny, ka\u0148ony a tich\u00e9 kamenn\u00e9 chr\u00e1my<\/strong><\/h4>\n<p data-start=\"2992\" data-end=\"3169\">Va\u0161e t\u0159\u00edt\u00fddenn\u00ed expedice do Mongolska se pot\u00e9 sto\u010d\u00ed na jih do Gobi a vstoup\u00ed do sv\u011bta vysok\u00fdch dun, skryt\u00fdch \u00fadol\u00ed, divok\u00e9 p\u0159\u00edrody a prehistorick\u00e9 krajiny. Mezi nejzaj\u00edmav\u011bj\u0161\u00ed m\u00edsta pat\u0159\u00ed:<\/p>\n<ul data-start=\"3171\" data-end=\"3383\">\n<li data-start=\"3171\" data-end=\"3216\">\n<p data-start=\"3173\" data-end=\"3216\"><strong data-start=\"3173\" data-end=\"3187\">Barunbayan<\/strong> a <strong data-start=\"3192\" data-end=\"3214\">P\u00edse\u010dn\u00e9 duny Khongor<\/strong><\/p>\n<\/li>\n<li data-start=\"3217\" data-end=\"3258\">\n<p data-start=\"3219\" data-end=\"3258\">Hlubok\u00fd, chladn\u00fd ka\u0148on <strong data-start=\"3244\" data-end=\"3256\">Yolin Am<\/strong><\/p>\n<\/li>\n<li data-start=\"3259\" data-end=\"3322\">\n<p data-start=\"3261\" data-end=\"3322\">Z\u00e1\u0159iv\u011b b\u00edl\u00e9 \u00fatesy <strong data-start=\"3287\" data-end=\"3320\">Tsagaan Suvarga (B\u00edl\u00e1 st\u00fapa)<\/strong><\/p>\n<\/li>\n<li data-start=\"3323\" data-end=\"3383\">\n<p data-start=\"3325\" data-end=\"3383\">Starobyl\u00e9 \u017eulov\u00e9 \u00fatvary <strong data-start=\"3359\" data-end=\"3383\">Bagaa Gazriin Chuluu<\/strong><\/p>\n<\/li>\n<\/ul>\n<p data-start=\"3385\" data-end=\"3564\">Ukon\u010den\u00ed cesty v <strong data-start=\"3407\" data-end=\"3431\">N\u00e1rodn\u00ed park Terelj<\/strong>, se vr\u00e1t\u00edte do les\u016f, skaln\u00edch \u00fatvar\u016f a \u0161ir\u00fdch step\u00ed - ide\u00e1ln\u00ed uzav\u0159en\u00ed t\u0159\u00ed nezapomenuteln\u00fdch t\u00fddn\u016f nap\u0159\u00ed\u010d Mongolskem.<\/p>","protected":false},"excerpt":{"rendered":"<p>Prozkoumejte nej\u00fa\u017easn\u011bj\u0161\u00ed mongolsk\u00e9 krajiny daleko od vy\u0161lapan\u00fdch cest!<\/p>","protected":false},"featured_media":5627,"comment_status":"open","ping_status":"closed","template":"","meta":{"_acf_changed":false,"iawp_total_views":168},"product_brand":[],"product_cat":[17],"product_tag":[],"class_list":{"0":"post-5616","1":"product","2":"type-product","3":"status-publish","4":"has-post-thumbnail","6":"product_cat-tours","8":"first","9":"instock","10":"virtual","11":"sold-individually","12":"purchasable","13":"product-type-booking"},"acf":[],"_links":{"self":[{"href":"https:\/\/mongolia.com.co\/cs\/wp-json\/wp\/v2\/product\/5616","targetHints":{"allow":["GET"]}}],"collection":[{"href":"https:\/\/mongolia.com.co\/cs\/wp-json\/wp\/v2\/product"}],"about":[{"href":"https:\/\/mongolia.com.co\/cs\/wp-json\/wp\/v2\/types\/product"}],"replies":[{"embeddable":true,"href":"https:\/\/mongolia.com.co\/cs\/wp-json\/wp\/v2\/comments?post=5616"}],"version-history":[{"count":12,"href":"https:\/\/mongolia.com.co\/cs\/wp-json\/wp\/v2\/product\/5616\/revisions"}],"predecessor-version":[{"id":5660,"href":"https:\/\/mongolia.com.co\/cs\/wp-json\/wp\/v2\/product\/5616\/revisions\/5660"}],"wp:featuredmedia":[{"embeddable":true,"href":"https:\/\/mongolia.com.co\/cs\/wp-json\/wp\/v2\/media\/5627"}],"wp:attachment":[{"href":"https:\/\/mongolia.com.co\/cs\/wp-json\/wp\/v2\/media?parent=5616"}],"wp:term":[{"taxonomy":"product_brand","embeddable":true,"href":"https:\/\/mongolia.com.co\/cs\/wp-json\/wp\/v2\/product_brand?post=5616"},{"taxonomy":"product_cat","embeddable":true,"href":"https:\/\/mongolia.com.co\/cs\/wp-json\/wp\/v2\/product_cat?post=5616"},{"taxonomy":"product_tag","embeddable":true,"href":"https:\/\/mongolia.com.co\/cs\/wp-json\/wp\/v2\/product_tag?post=5616"}],"curies":[{"name":"wp","href":"https:\/\/api.w.org\/{rel}","templated":true}]}}