{"id":5744,"date":"2026-03-13T12:58:24","date_gmt":"2026-03-13T04:58:24","guid":{"rendered":"https:\/\/mongolia.com.co\/?post_type=product&#038;p=5744"},"modified":"2026-03-17T21:24:45","modified_gmt":"2026-03-17T13:24:45","slug":"zajimavosti-z-mongolska","status":"publish","type":"product","link":"https:\/\/mongolia.com.co\/cs\/prohlidky\/zajimavosti-z-mongolska\/","title":{"rendered":"Nejd\u016fle\u017eit\u011bj\u0161\u00ed ud\u00e1losti v Mongolsku"},"content":{"rendered":"<p>Tento <a href=\"https:\/\/mongolia.com.co\/cs\/?page_id=953\">z\u00e1jezd do Mongolska s vlastn\u00ed dopravou<\/a> v\u00e1s b\u011bhem deseti dn\u016f provede nejp\u016fsobiv\u011bj\u0161\u00ed krajinou st\u0159edn\u00edho Mongolska - od rozlehl\u00fdch step\u00ed v okol\u00ed Ul\u00e1nb\u00e1taru a\u017e po zelen\u00e9 \u00fadol\u00ed Orchon a klidn\u00e1 jezera v oblasti Archangai.<\/p>\n<p>Kr\u00e1tce po p\u0159\u00edjezdu v\u00e1s \u010dekaj\u00ed prvn\u00ed velkolep\u00e9 dojmy z \u017eulov\u00fdch \u00fatvar\u016f, otev\u0159en\u00fdch \u00fadol\u00ed a nom\u00e1dsk\u00e9 kultury s monument\u00e1ln\u00ed sochou \u010cingisch\u00e1na a n\u00e1rodn\u00edm parkem Gorkhi Terelj.<br \/>\nB\u011bhem dal\u0161\u00ed cesty objev\u00edte rozmanitou geologii zem\u011b: pozoruhodn\u00e9 skaln\u00ed \u00fatvary Baga Gazriin Chuluu, m\u00edrn\u00e9 duny Elsen Tasarkhai a rozs\u00e1hl\u00e9 \u0159\u00ed\u010dn\u00ed krajiny v \u00fadol\u00ed Orkhon, kter\u00e9 je zaps\u00e1no na seznamu UNESCO. Cestou se setk\u00e1te s ko\u010dovn\u00fdmi rodinami, pozn\u00e1te tradi\u010dn\u00ed zp\u016fsob \u017eivota a vychutn\u00e1te si zvl\u00e1\u0161tn\u00ed ticho a rozlehlost mongolsk\u00e9 p\u0159\u00edrody.<br \/>\nCesta kombinuje aktivn\u00ed z\u00e1\u017eitky z p\u0159\u00edrody s kulturn\u00edmi z\u00e1\u017eitky: t\u00fary sope\u010dnou krajinou, relaxace v hork\u00fdch pramenech v Tsenkheru, n\u00e1v\u0161t\u011bva historick\u00e9ho hlavn\u00edho m\u011bsta Karakorum a kl\u00e1\u0161tera Erdene Zuu. U jezera Ugii si m\u016f\u017eete vychutnat klidn\u00e9 z\u00e1pady slunce a vynikaj\u00edc\u00ed p\u0159\u00edle\u017eitosti k pozorov\u00e1n\u00ed pt\u00e1k\u016f, ne\u017e uvid\u00edte vz\u00e1cn\u00e9 kon\u011b P\u0159evalsk\u00e9ho ve voln\u00e9 p\u0159\u00edrod\u011b v n\u00e1rodn\u00edm parku Chustaj.<\/p>\n<p>Tento z\u00e1jezd je ide\u00e1ln\u00ed pro cestovatele, kte\u0159\u00ed cht\u011bj\u00ed flexibiln\u011b a intenzivn\u011b poznat nejzn\u00e1m\u011bj\u0161\u00ed m\u00edsta Mongolska. Jedete samostatn\u011b, ale jste doprov\u00e1zeni podrobnou instrukt\u00e1\u017e\u00ed a podporou na d\u00e1lku a proj\u00ed\u017ed\u00edte neust\u00e1le se m\u011bn\u00edc\u00ed krajinou - od step\u00ed a p\u00edsku po \u0159\u00ed\u010dn\u00ed \u00fadol\u00ed a vysokohorsk\u00e9 n\u00e1horn\u00ed plo\u0161iny. Cesta pln\u00e1 kontrast\u016f, p\u0159\u00edrodn\u00edch z\u00e1\u017eitk\u016f a autentick\u00fdch setk\u00e1n\u00ed, kter\u00e1 umo\u017e\u0148uje hlubok\u00fd vhled do p\u016fvodn\u00edho srdce Mongolska.<\/p>","protected":false},"excerpt":{"rendered":"<p>Prozkoumejte nejzaj\u00edmav\u011bj\u0161\u00ed m\u00edsta Mongolska na fascinuj\u00edc\u00ed cest\u011b autem!<\/p>","protected":false},"featured_media":4069,"comment_status":"open","ping_status":"closed","template":"","meta":{"_acf_changed":false,"iawp_total_views":183},"product_brand":[],"product_cat":[17],"product_tag":[],"class_list":{"0":"post-5744","1":"product","2":"type-product","3":"status-publish","4":"has-post-thumbnail","6":"product_cat-tours","8":"first","9":"instock","10":"virtual","11":"sold-individually","12":"purchasable","13":"product-type-booking"},"acf":[],"_links":{"self":[{"href":"https:\/\/mongolia.com.co\/cs\/wp-json\/wp\/v2\/product\/5744","targetHints":{"allow":["GET"]}}],"collection":[{"href":"https:\/\/mongolia.com.co\/cs\/wp-json\/wp\/v2\/product"}],"about":[{"href":"https:\/\/mongolia.com.co\/cs\/wp-json\/wp\/v2\/types\/product"}],"replies":[{"embeddable":true,"href":"https:\/\/mongolia.com.co\/cs\/wp-json\/wp\/v2\/comments?post=5744"}],"version-history":[{"count":17,"href":"https:\/\/mongolia.com.co\/cs\/wp-json\/wp\/v2\/product\/5744\/revisions"}],"predecessor-version":[{"id":5819,"href":"https:\/\/mongolia.com.co\/cs\/wp-json\/wp\/v2\/product\/5744\/revisions\/5819"}],"wp:featuredmedia":[{"embeddable":true,"href":"https:\/\/mongolia.com.co\/cs\/wp-json\/wp\/v2\/media\/4069"}],"wp:attachment":[{"href":"https:\/\/mongolia.com.co\/cs\/wp-json\/wp\/v2\/media?parent=5744"}],"wp:term":[{"taxonomy":"product_brand","embeddable":true,"href":"https:\/\/mongolia.com.co\/cs\/wp-json\/wp\/v2\/product_brand?post=5744"},{"taxonomy":"product_cat","embeddable":true,"href":"https:\/\/mongolia.com.co\/cs\/wp-json\/wp\/v2\/product_cat?post=5744"},{"taxonomy":"product_tag","embeddable":true,"href":"https:\/\/mongolia.com.co\/cs\/wp-json\/wp\/v2\/product_tag?post=5744"}],"curies":[{"name":"wp","href":"https:\/\/api.w.org\/{rel}","templated":true}]}}