{"id":5908,"date":"2026-04-12T21:28:03","date_gmt":"2026-04-12T13:28:03","guid":{"rendered":"https:\/\/mongolia.com.co\/?post_type=product&#038;p=5908"},"modified":"2026-04-12T22:39:59","modified_gmt":"2026-04-12T14:39:59","slug":"prirodni-utociste","status":"publish","type":"product","link":"https:\/\/mongolia.com.co\/cs\/prohlidky\/prirodni-utociste\/","title":{"rendered":"\u00dat\u011bk do p\u0159\u00edrody"},"content":{"rendered":"<p class=\"section-body\">Elsen Taserkhai \u2013 zn\u00e1m\u00fd tak\u00e9 jako \u201cMini Gobi\u201d \u2013 je rozs\u00e1hl\u00fd oblouk p\u00edse\u010dn\u00fdch dun ukryt\u00fd mezi horami a step\u00ed, jen p\u00e1r hodin od Ulaanbaataru. Toto \u0161esti-denn\u00ed \u00fato\u010di\u0161t\u011b je ur\u010deno pro cestovatele, kte\u0159\u00ed cht\u011bj\u00ed zpomalit: \u017e\u00e1dn\u00e9 nabit\u00e9 prohl\u00eddky pam\u00e1tek, \u017e\u00e1dn\u00e9 nucen\u00e9 pl\u00e1ny. Dny si m\u016f\u017eete vyplnit j\u00edzdou na velbloudech p\u0159i v\u00fdchodu slunce, dlouh\u00fdmi proch\u00e1zkami do dun, ve\u010dery s nom\u00e1dskou rodinou, nebo prost\u011b jen nicned\u011bl\u00e1n\u00edm. Pro ty, kte\u0159\u00ed cht\u011bj\u00ed v\u00edc, je v\u017edy k dispozici nab\u00eddka p\u0159edem rezervovateln\u00fdch z\u00e1\u017eitk\u016f \u2013 od ve\u010de\u0159\u00ed s jehn\u011b\u010d\u00edm pod sv\u00ed\u010dkami po fotografov\u00e1n\u00ed manul\u016f s pr\u016fvodcem.<\/p>\n<p>&nbsp;<\/p>\n<p class=\"section-body\">Bal\u00ed\u010dek je mo\u017en\u00e9 rezervovat jako pln\u011b soukrom\u00fd z\u00e1\u017eitek, nebo jednou ro\u010dn\u011b jako odjezd mal\u00e9 skupiny, kde jsou napl\u00e1nov\u00e1ny a zahrnuty dv\u011b kur\u00e1torovan\u00e9 aktivity denn\u011b.<\/p>","protected":false},"excerpt":{"rendered":"<p>U\u017eijte si t\u00fdden p\u0159\u00edrody, otev\u0159en\u00fdch prostranstv\u00ed, ticha a energizuj\u00edc\u00edch aktivit.<\/p>","protected":false},"featured_media":5911,"comment_status":"open","ping_status":"closed","template":"","meta":{"_acf_changed":false,"iawp_total_views":54},"product_brand":[],"product_cat":[17],"product_tag":[],"class_list":{"0":"post-5908","1":"product","2":"type-product","3":"status-publish","4":"has-post-thumbnail","6":"product_cat-tours","8":"first","9":"instock","10":"virtual","11":"sold-individually","12":"purchasable","13":"product-type-booking"},"acf":[],"_links":{"self":[{"href":"https:\/\/mongolia.com.co\/cs\/wp-json\/wp\/v2\/product\/5908","targetHints":{"allow":["GET"]}}],"collection":[{"href":"https:\/\/mongolia.com.co\/cs\/wp-json\/wp\/v2\/product"}],"about":[{"href":"https:\/\/mongolia.com.co\/cs\/wp-json\/wp\/v2\/types\/product"}],"replies":[{"embeddable":true,"href":"https:\/\/mongolia.com.co\/cs\/wp-json\/wp\/v2\/comments?post=5908"}],"version-history":[{"count":18,"href":"https:\/\/mongolia.com.co\/cs\/wp-json\/wp\/v2\/product\/5908\/revisions"}],"predecessor-version":[{"id":5967,"href":"https:\/\/mongolia.com.co\/cs\/wp-json\/wp\/v2\/product\/5908\/revisions\/5967"}],"wp:featuredmedia":[{"embeddable":true,"href":"https:\/\/mongolia.com.co\/cs\/wp-json\/wp\/v2\/media\/5911"}],"wp:attachment":[{"href":"https:\/\/mongolia.com.co\/cs\/wp-json\/wp\/v2\/media?parent=5908"}],"wp:term":[{"taxonomy":"product_brand","embeddable":true,"href":"https:\/\/mongolia.com.co\/cs\/wp-json\/wp\/v2\/product_brand?post=5908"},{"taxonomy":"product_cat","embeddable":true,"href":"https:\/\/mongolia.com.co\/cs\/wp-json\/wp\/v2\/product_cat?post=5908"},{"taxonomy":"product_tag","embeddable":true,"href":"https:\/\/mongolia.com.co\/cs\/wp-json\/wp\/v2\/product_tag?post=5908"}],"curies":[{"name":"wp","href":"https:\/\/api.w.org\/{rel}","templated":true}]}}