{"id":878,"date":"2024-02-01T08:52:42","date_gmt":"2024-02-01T08:52:42","guid":{"rendered":"https:\/\/mongolia.com.co\/?post_type=product&#038;p=878"},"modified":"2024-02-02T14:27:21","modified_gmt":"2024-02-02T14:27:21","slug":"toyota-land-cruiser-250","status":"publish","type":"product","link":"https:\/\/mongolia.com.co\/cs\/prohlidky\/toyota-land-cruiser-250\/","title":{"rendered":"Upgrade na Toyotu Land Cruiser 250"},"content":{"rendered":"","protected":false},"excerpt":{"rendered":"<p>Luxusn\u00ed offroad s nejmodern\u011bj\u0161\u00edm Land Cruiserem 2024 250<\/p>","protected":false},"featured_media":502,"comment_status":"open","ping_status":"closed","template":"","meta":{"_acf_changed":false,"iawp_total_views":107},"product_brand":[],"product_cat":[19],"product_tag":[],"class_list":{"0":"post-878","1":"product","2":"type-product","3":"status-publish","4":"has-post-thumbnail","6":"product_cat-tour-upgrades","8":"first","9":"instock","10":"virtual","11":"purchasable","12":"product-type-simple"},"acf":[],"_links":{"self":[{"href":"https:\/\/mongolia.com.co\/cs\/wp-json\/wp\/v2\/product\/878","targetHints":{"allow":["GET"]}}],"collection":[{"href":"https:\/\/mongolia.com.co\/cs\/wp-json\/wp\/v2\/product"}],"about":[{"href":"https:\/\/mongolia.com.co\/cs\/wp-json\/wp\/v2\/types\/product"}],"replies":[{"embeddable":true,"href":"https:\/\/mongolia.com.co\/cs\/wp-json\/wp\/v2\/comments?post=878"}],"version-history":[{"count":0,"href":"https:\/\/mongolia.com.co\/cs\/wp-json\/wp\/v2\/product\/878\/revisions"}],"wp:featuredmedia":[{"embeddable":true,"href":"https:\/\/mongolia.com.co\/cs\/wp-json\/wp\/v2\/media\/502"}],"wp:attachment":[{"href":"https:\/\/mongolia.com.co\/cs\/wp-json\/wp\/v2\/media?parent=878"}],"wp:term":[{"taxonomy":"product_brand","embeddable":true,"href":"https:\/\/mongolia.com.co\/cs\/wp-json\/wp\/v2\/product_brand?post=878"},{"taxonomy":"product_cat","embeddable":true,"href":"https:\/\/mongolia.com.co\/cs\/wp-json\/wp\/v2\/product_cat?post=878"},{"taxonomy":"product_tag","embeddable":true,"href":"https:\/\/mongolia.com.co\/cs\/wp-json\/wp\/v2\/product_tag?post=878"}],"curies":[{"name":"wp","href":"https:\/\/api.w.org\/{rel}","templated":true}]}}