{"id":5841,"date":"2026-04-01T22:13:11","date_gmt":"2026-04-01T14:13:11","guid":{"rendered":"https:\/\/mongolia.com.co\/?page_id=5841"},"modified":"2026-04-10T15:59:28","modified_gmt":"2026-04-10T07:59:28","slug":"mongoliet-ture","status":"publish","type":"page","link":"https:\/\/mongolia.com.co\/da\/mongoliet-ture\/","title":{"rendered":"Mongoliet Rejser"},"content":{"rendered":"","protected":false},"excerpt":{"rendered":"<p>Oplev sp\u00e6ndingen ved offroad-ture i Mongoliet. Naviger gennem enorme landskaber, m\u00f8d nomader, og afd\u00e6k gamle steder med vores ekspertguidede 4\u00d74-ture.<\/p>","protected":false},"author":2,"featured_media":527,"parent":0,"menu_order":0,"comment_status":"closed","ping_status":"closed","template":"","meta":{"_acf_changed":false,"iawp_total_views":668,"footnotes":""},"class_list":["post-5841","page","type-page","status-publish","has-post-thumbnail","hentry"],"acf":[],"_links":{"self":[{"href":"https:\/\/mongolia.com.co\/da\/wp-json\/wp\/v2\/pages\/5841","targetHints":{"allow":["GET"]}}],"collection":[{"href":"https:\/\/mongolia.com.co\/da\/wp-json\/wp\/v2\/pages"}],"about":[{"href":"https:\/\/mongolia.com.co\/da\/wp-json\/wp\/v2\/types\/page"}],"author":[{"embeddable":true,"href":"https:\/\/mongolia.com.co\/da\/wp-json\/wp\/v2\/users\/2"}],"replies":[{"embeddable":true,"href":"https:\/\/mongolia.com.co\/da\/wp-json\/wp\/v2\/comments?post=5841"}],"version-history":[{"count":15,"href":"https:\/\/mongolia.com.co\/da\/wp-json\/wp\/v2\/pages\/5841\/revisions"}],"predecessor-version":[{"id":5901,"href":"https:\/\/mongolia.com.co\/da\/wp-json\/wp\/v2\/pages\/5841\/revisions\/5901"}],"wp:featuredmedia":[{"embeddable":true,"href":"https:\/\/mongolia.com.co\/da\/wp-json\/wp\/v2\/media\/527"}],"wp:attachment":[{"href":"https:\/\/mongolia.com.co\/da\/wp-json\/wp\/v2\/media?parent=5841"}],"curies":[{"name":"wp","href":"https:\/\/api.w.org\/{rel}","templated":true}]}}