{"id":1032,"date":"2024-02-08T15:43:15","date_gmt":"2024-02-08T15:43:15","guid":{"rendered":"https:\/\/mongolia.com.co\/?post_type=product&#038;p=1032"},"modified":"2024-10-04T02:22:43","modified_gmt":"2024-10-03T18:22:43","slug":"gobi-sands","status":"publish","type":"product","link":"https:\/\/mongolia.com.co\/da\/ture\/gobi-sands\/","title":{"rendered":"Gobi-sand"},"content":{"rendered":"<p>Oplev hjertet af Mongoliet p\u00e5 Gobi Sands-turen, et 6 dages offroad-eventyr, der tager dig fra Ulaanbaatars livlige gader til Gobi-\u00f8rkenens majest\u00e6tiske klitter. Med en blanding af udfordrende k\u00f8reture, kulturel fordybelse og betagende naturlige vidundere lover denne rejse en uforglemmelig oplevelse gennem Mongoliets ut\u00e6mmede sk\u00f8nhed.<\/p>","protected":false},"excerpt":{"rendered":"<p>Et 6 dages eventyr gennem Mongoliets vilde landskaber fra Ulaanbaatar til Gobi-\u00f8rkenen.<\/p>","protected":false},"featured_media":1033,"comment_status":"open","ping_status":"closed","template":"","meta":{"_acf_changed":false,"iawp_total_views":2612},"product_brand":[],"product_cat":[17],"product_tag":[],"class_list":{"0":"post-1032","1":"product","2":"type-product","3":"status-publish","4":"has-post-thumbnail","6":"product_cat-tours","8":"first","9":"instock","10":"virtual","11":"sold-individually","12":"purchasable","13":"product-type-booking"},"acf":[],"_links":{"self":[{"href":"https:\/\/mongolia.com.co\/da\/wp-json\/wp\/v2\/product\/1032","targetHints":{"allow":["GET"]}}],"collection":[{"href":"https:\/\/mongolia.com.co\/da\/wp-json\/wp\/v2\/product"}],"about":[{"href":"https:\/\/mongolia.com.co\/da\/wp-json\/wp\/v2\/types\/product"}],"replies":[{"embeddable":true,"href":"https:\/\/mongolia.com.co\/da\/wp-json\/wp\/v2\/comments?post=1032"}],"version-history":[{"count":0,"href":"https:\/\/mongolia.com.co\/da\/wp-json\/wp\/v2\/product\/1032\/revisions"}],"wp:featuredmedia":[{"embeddable":true,"href":"https:\/\/mongolia.com.co\/da\/wp-json\/wp\/v2\/media\/1033"}],"wp:attachment":[{"href":"https:\/\/mongolia.com.co\/da\/wp-json\/wp\/v2\/media?parent=1032"}],"wp:term":[{"taxonomy":"product_brand","embeddable":true,"href":"https:\/\/mongolia.com.co\/da\/wp-json\/wp\/v2\/product_brand?post=1032"},{"taxonomy":"product_cat","embeddable":true,"href":"https:\/\/mongolia.com.co\/da\/wp-json\/wp\/v2\/product_cat?post=1032"},{"taxonomy":"product_tag","embeddable":true,"href":"https:\/\/mongolia.com.co\/da\/wp-json\/wp\/v2\/product_tag?post=1032"}],"curies":[{"name":"wp","href":"https:\/\/api.w.org\/{rel}","templated":true}]}}