{"id":1433,"date":"2024-02-21T18:07:32","date_gmt":"2024-02-21T18:07:32","guid":{"rendered":"https:\/\/mongolia.com.co\/?post_type=product&#038;p=1433"},"modified":"2024-10-04T02:22:42","modified_gmt":"2024-10-03T18:22:42","slug":"det-vilde-mongoliet","status":"publish","type":"product","link":"https:\/\/mongolia.com.co\/da\/ture\/det-vilde-mongoliet\/","title":{"rendered":"Det vilde Mongoliet"},"content":{"rendered":"<p>Oplev hjertet af det vilde Mongoliet p\u00e5 et eventyr, der f\u00f8rer dig fra Ulaanbaatars livlige gader til Gobi-\u00f8rkenens enorme vidder. Oplev sp\u00e6ndingen ved Khongorin Els klitterne, mysteriet ved de flammende klipper og roen ved Khar Nuur s\u00f8en. Bo i traditionelle Ger-lejre, del \u00f8jeblikke med nomadefamilier, og fordyb dig i den rige kultur og de fantastiske landskaber i Mongoliet. Denne rejse byder p\u00e5 en uovertruffen blanding af eventyr, natur og kulturel fordybelse p\u00e5 en af verdens mest ekstraordin\u00e6re destinationer.<\/p>\n<p>Hvis du har nogen sp\u00f8rgsm\u00e5l <a href=\"#contact-us\">Kontakt os her<\/a> eller send os en e-mail p\u00e5<br \/>\n<a href=\"mailto:contact@mongolia.com.co\">contact@mongolia.com.co<\/a><\/p>","protected":false},"excerpt":{"rendered":"<p>Et 20-dages mongolsk eventyr, hvor kulturel fordybelse og betagende landskaber smelter sammen og skaber en uforglemmelig rejse.<\/p>","protected":false},"featured_media":1434,"comment_status":"open","ping_status":"closed","template":"","meta":{"_acf_changed":false,"iawp_total_views":1002},"product_brand":[],"product_cat":[17],"product_tag":[],"class_list":{"0":"post-1433","1":"product","2":"type-product","3":"status-publish","4":"has-post-thumbnail","6":"product_cat-tours","8":"first","9":"instock","10":"virtual","11":"sold-individually","12":"purchasable","13":"product-type-booking"},"acf":[],"_links":{"self":[{"href":"https:\/\/mongolia.com.co\/da\/wp-json\/wp\/v2\/product\/1433","targetHints":{"allow":["GET"]}}],"collection":[{"href":"https:\/\/mongolia.com.co\/da\/wp-json\/wp\/v2\/product"}],"about":[{"href":"https:\/\/mongolia.com.co\/da\/wp-json\/wp\/v2\/types\/product"}],"replies":[{"embeddable":true,"href":"https:\/\/mongolia.com.co\/da\/wp-json\/wp\/v2\/comments?post=1433"}],"version-history":[{"count":0,"href":"https:\/\/mongolia.com.co\/da\/wp-json\/wp\/v2\/product\/1433\/revisions"}],"wp:featuredmedia":[{"embeddable":true,"href":"https:\/\/mongolia.com.co\/da\/wp-json\/wp\/v2\/media\/1434"}],"wp:attachment":[{"href":"https:\/\/mongolia.com.co\/da\/wp-json\/wp\/v2\/media?parent=1433"}],"wp:term":[{"taxonomy":"product_brand","embeddable":true,"href":"https:\/\/mongolia.com.co\/da\/wp-json\/wp\/v2\/product_brand?post=1433"},{"taxonomy":"product_cat","embeddable":true,"href":"https:\/\/mongolia.com.co\/da\/wp-json\/wp\/v2\/product_cat?post=1433"},{"taxonomy":"product_tag","embeddable":true,"href":"https:\/\/mongolia.com.co\/da\/wp-json\/wp\/v2\/product_tag?post=1433"}],"curies":[{"name":"wp","href":"https:\/\/api.w.org\/{rel}","templated":true}]}}