{"id":2387,"date":"2024-03-16T13:37:13","date_gmt":"2024-03-16T13:37:13","guid":{"rendered":"https:\/\/mongolia.com.co\/?post_type=product&#038;p=2387"},"modified":"2024-10-04T02:22:42","modified_gmt":"2024-10-03T18:22:42","slug":"orne-imperier","status":"publish","type":"product","link":"https:\/\/mongolia.com.co\/da\/ture\/orne-imperier\/","title":{"rendered":"\u00d8rnej\u00e6gere og imperier"},"content":{"rendered":"<p>Tag p\u00e5 et 14-dages episk eventyr gennem hjertet af Mongoliet for at bes\u00f8ge de nomadiske \u00f8rnej\u00e6gere. En rejse, der blander det \u00e6ldgamle med det ut\u00e6mmede, det fredfyldte med det spektakul\u00e6re. Fra de travle gader i Ulaanbaatar til det hviskende sand i Elsen Taserkhai lover denne tur en fordybelse i Mongoliets dybe sk\u00f8nhed og rige kulturelle tapet. Rid med vilde heste i skyggerne af Khustai Nationalpark, st\u00e5 i \u00e6refrygt ved det spirituelle Erdene Zu-kloster, og del fort\u00e6llinger under stjernerne med nomadefamilier. Hver dag udfolder sig som et kapitel fra en eventyrers dagbog og inviterer dig til at skrive din egen historie midt i Mongoliets endel\u00f8se himmel og vidtstrakte landskaber.<\/p>","protected":false},"excerpt":{"rendered":"<p>Et 14-dages mongolsk eventyr, hvor \u00e6ldgamle landskaber m\u00f8der tidl\u00f8se traditioner<\/p>","protected":false},"featured_media":2554,"comment_status":"open","ping_status":"closed","template":"","meta":{"_acf_changed":false,"iawp_total_views":1687},"product_brand":[],"product_cat":[17],"product_tag":[],"class_list":{"0":"post-2387","1":"product","2":"type-product","3":"status-publish","4":"has-post-thumbnail","6":"product_cat-tours","8":"first","9":"instock","10":"virtual","11":"sold-individually","12":"purchasable","13":"product-type-booking"},"acf":[],"_links":{"self":[{"href":"https:\/\/mongolia.com.co\/da\/wp-json\/wp\/v2\/product\/2387","targetHints":{"allow":["GET"]}}],"collection":[{"href":"https:\/\/mongolia.com.co\/da\/wp-json\/wp\/v2\/product"}],"about":[{"href":"https:\/\/mongolia.com.co\/da\/wp-json\/wp\/v2\/types\/product"}],"replies":[{"embeddable":true,"href":"https:\/\/mongolia.com.co\/da\/wp-json\/wp\/v2\/comments?post=2387"}],"version-history":[{"count":1,"href":"https:\/\/mongolia.com.co\/da\/wp-json\/wp\/v2\/product\/2387\/revisions"}],"predecessor-version":[{"id":5719,"href":"https:\/\/mongolia.com.co\/da\/wp-json\/wp\/v2\/product\/2387\/revisions\/5719"}],"wp:featuredmedia":[{"embeddable":true,"href":"https:\/\/mongolia.com.co\/da\/wp-json\/wp\/v2\/media\/2554"}],"wp:attachment":[{"href":"https:\/\/mongolia.com.co\/da\/wp-json\/wp\/v2\/media?parent=2387"}],"wp:term":[{"taxonomy":"product_brand","embeddable":true,"href":"https:\/\/mongolia.com.co\/da\/wp-json\/wp\/v2\/product_brand?post=2387"},{"taxonomy":"product_cat","embeddable":true,"href":"https:\/\/mongolia.com.co\/da\/wp-json\/wp\/v2\/product_cat?post=2387"},{"taxonomy":"product_tag","embeddable":true,"href":"https:\/\/mongolia.com.co\/da\/wp-json\/wp\/v2\/product_tag?post=2387"}],"curies":[{"name":"wp","href":"https:\/\/api.w.org\/{rel}","templated":true}]}}