{"id":3607,"date":"2026-03-16T13:20:51","date_gmt":"2026-03-16T05:20:51","guid":{"rendered":"https:\/\/mongolia.com.co\/?post_type=product&#038;p=3607"},"modified":"2026-03-17T22:26:24","modified_gmt":"2026-03-17T14:26:24","slug":"gobi-til-det-nordlige-mongoliet","status":"publish","type":"product","link":"https:\/\/mongolia.com.co\/da\/ture\/gobi-til-det-nordlige-mongoliet\/","title":{"rendered":"Mongoliet uden for alfarvej \u2013 Gobi, Stepper &amp; Nord"},"content":{"rendered":"<p>Denne k\u00f8r-selv-ekspedition i Mongoliet tager dig langt v\u00e6k fra den slagne vej gennem nogle af landets mest spektakul\u00e6re og afsidesliggende landskaber. I l\u00f8bet af to uforglemmelige uger rejser du fra de store stepper n\u00e6r Ulaanbaatar til Gobis b\u00f8lgende klitter, det mongolske imperiums historiske kerneland og de vilde nordlige skove - og overnatter undervejs p\u00e5 nogle af Mongoliets bedste lodges.<\/p>\n<p>Kort efter ankomsten begynder dit eventyr med Mongoliets mest ikoniske vartegn: den monumentale Chinggis Khan-statue og de dramatiske granitformationer i Terelj Nationalpark. N\u00e5r asfalten forsvinder bag dig, begynder den sande udforskning. Din 4\u00d74-rute f\u00f8rer dig gennem skjulte dale, klippefremspring og \u00e5bne stepper, hvor nomadehyrder stadig f\u00f8lger gamle traditioner, og dyrelivet strejfer frit omkring.<\/p>\n<p>N\u00e5r du rejser dybere ind i landet, m\u00f8der du Mongoliets sl\u00e5ende kontraster: de surrealistiske klippeformationer i Baga Gazriin Chuluu, de gyldne klitter i Elsen Tasarkhai i \u201cMini Gobi\u201d og de historiske landskaber omkring Karakorum og Erdene Zuu-klosteret. Undervejs m\u00f8der du nomadefamilier, oplever det traditionelle hyrdeliv og opdager den dybe stilhed og de enorme vidder, der g\u00f8r Mongoliet til en af verdens sidste store vildmarksdestinationer.<\/p>\n<p>L\u00e6ngere mod nord forvandles landskabet til frodige floddale, skovkl\u00e6dte bjerge og krystalklare vandveje. I den fjerntliggende Bulgan-region bor du p\u00e5 en smuk lodge langs Eg-floden - et uber\u00f8rt paradis, der er ber\u00f8mt for sit dyreliv, sin uber\u00f8rte natur og den legendariske taimen-fisk. Her afsl\u00f8rer raftingture, natursk\u00f8nne vandreture og aftener ved lejrb\u00e5let en mere stille og sj\u00e6ldent bes\u00f8gt side af Mongoliet.<\/p>\n<p>Denne tur blander eventyrlig off-road k\u00f8rsel med kulturelle opdagelser og \u00f8jeblikke af ren afslapning. Omhyggeligt udvalgte lejre, traditionelle ger-ophold og nogle af de bedste lodges i Mongoliet sikrer komfort, mens du forbliver fordybet i naturen. Med detaljeret rutevejledning og st\u00f8tte under hele rejsen kan du udforske Mongoliet p\u00e5 egen h\u00e5nd, mens du oplever dets mest autentiske og betagende regioner. En rejse designet til rejsende, der s\u00f8ger eventyr, frihed og en dyb forbindelse med Mongoliets vilde landskaber og tidl\u00f8se nomadekultur.<\/p>","protected":false},"excerpt":{"rendered":"<p>Tag p\u00e5 en rejse uden for alfarvej gennem Mongoliet fra Gobis sandklitter til vilde floddale, og bo p\u00e5 de bedste lodges i Mongoliet.<\/p>","protected":false},"featured_media":5788,"comment_status":"open","ping_status":"closed","template":"","meta":{"_acf_changed":false,"iawp_total_views":60},"product_brand":[],"product_cat":[17],"product_tag":[],"class_list":{"0":"post-3607","1":"product","2":"type-product","3":"status-publish","4":"has-post-thumbnail","6":"product_cat-tours","8":"first","9":"instock","10":"virtual","11":"sold-individually","12":"purchasable","13":"product-type-booking"},"acf":[],"_links":{"self":[{"href":"https:\/\/mongolia.com.co\/da\/wp-json\/wp\/v2\/product\/3607","targetHints":{"allow":["GET"]}}],"collection":[{"href":"https:\/\/mongolia.com.co\/da\/wp-json\/wp\/v2\/product"}],"about":[{"href":"https:\/\/mongolia.com.co\/da\/wp-json\/wp\/v2\/types\/product"}],"replies":[{"embeddable":true,"href":"https:\/\/mongolia.com.co\/da\/wp-json\/wp\/v2\/comments?post=3607"}],"version-history":[{"count":41,"href":"https:\/\/mongolia.com.co\/da\/wp-json\/wp\/v2\/product\/3607\/revisions"}],"predecessor-version":[{"id":5830,"href":"https:\/\/mongolia.com.co\/da\/wp-json\/wp\/v2\/product\/3607\/revisions\/5830"}],"wp:featuredmedia":[{"embeddable":true,"href":"https:\/\/mongolia.com.co\/da\/wp-json\/wp\/v2\/media\/5788"}],"wp:attachment":[{"href":"https:\/\/mongolia.com.co\/da\/wp-json\/wp\/v2\/media?parent=3607"}],"wp:term":[{"taxonomy":"product_brand","embeddable":true,"href":"https:\/\/mongolia.com.co\/da\/wp-json\/wp\/v2\/product_brand?post=3607"},{"taxonomy":"product_cat","embeddable":true,"href":"https:\/\/mongolia.com.co\/da\/wp-json\/wp\/v2\/product_cat?post=3607"},{"taxonomy":"product_tag","embeddable":true,"href":"https:\/\/mongolia.com.co\/da\/wp-json\/wp\/v2\/product_tag?post=3607"}],"curies":[{"name":"wp","href":"https:\/\/api.w.org\/{rel}","templated":true}]}}