{"id":3816,"date":"2024-03-28T07:03:53","date_gmt":"2024-03-28T07:03:53","guid":{"rendered":"https:\/\/mongolia.com.co\/?post_type=product&#038;p=3816"},"modified":"2024-10-04T02:22:42","modified_gmt":"2024-10-03T18:22:42","slug":"nordlige-soer-til-sydlige-sandomrader","status":"publish","type":"product","link":"https:\/\/mongolia.com.co\/da\/ture\/nordlige-soer-til-sydlige-sandomrader\/","title":{"rendered":"Nordlige s\u00f8er til sydlige sandstrande"},"content":{"rendered":"<p>Tag p\u00e5 en uforglemmelig 19-dages eventyrrejse i Mongoliet gennem landets hjerte, fra de travle gader i Ulaanbaatar til de fredfyldte vidder i Gobi-\u00f8rkenen. Kryds barske landskaber, opdag gamle vulkaner, og slap af ved krystalklare s\u00f8er, mens du dykker ned i en verden, hvor eventyret ikke kender nogen gr\u00e6nser. Hver dag byder p\u00e5 et nyt eventyr, hvad enten det er at vandre op ad slumrende vulkaner, sejle i kajak i uber\u00f8rt vand eller opleve sp\u00e6ndingen ved en kameltur over de flammende klipper. Fordyb dig i den nomadiske livsstil, tag et bad i varme kilder under stjernehimlen, og v\u00e5gn op til en betagende solopgang over store sandklitter. Denne tur er ikke bare en rejse gennem Mongoliet; det er en rejse ind i hjertet af dets landskaber, kultur og gr\u00e6nsel\u00f8se eventyr.<\/p>","protected":false},"excerpt":{"rendered":"<p>Et nord-syd-eventyr med gamle landskaber og nomadekulturer p\u00e5 en uforglemmelig rejse.<\/p>","protected":false},"featured_media":3844,"comment_status":"open","ping_status":"closed","template":"","meta":{"_acf_changed":false,"iawp_total_views":1033},"product_brand":[],"product_cat":[17],"product_tag":[37],"class_list":{"0":"post-3816","1":"product","2":"type-product","3":"status-publish","4":"has-post-thumbnail","6":"product_cat-tours","7":"product_tag-northern-lakes-to-southern-sands","9":"first","10":"instock","11":"virtual","12":"sold-individually","13":"purchasable","14":"product-type-booking"},"acf":[],"_links":{"self":[{"href":"https:\/\/mongolia.com.co\/da\/wp-json\/wp\/v2\/product\/3816","targetHints":{"allow":["GET"]}}],"collection":[{"href":"https:\/\/mongolia.com.co\/da\/wp-json\/wp\/v2\/product"}],"about":[{"href":"https:\/\/mongolia.com.co\/da\/wp-json\/wp\/v2\/types\/product"}],"replies":[{"embeddable":true,"href":"https:\/\/mongolia.com.co\/da\/wp-json\/wp\/v2\/comments?post=3816"}],"version-history":[{"count":0,"href":"https:\/\/mongolia.com.co\/da\/wp-json\/wp\/v2\/product\/3816\/revisions"}],"wp:featuredmedia":[{"embeddable":true,"href":"https:\/\/mongolia.com.co\/da\/wp-json\/wp\/v2\/media\/3844"}],"wp:attachment":[{"href":"https:\/\/mongolia.com.co\/da\/wp-json\/wp\/v2\/media?parent=3816"}],"wp:term":[{"taxonomy":"product_brand","embeddable":true,"href":"https:\/\/mongolia.com.co\/da\/wp-json\/wp\/v2\/product_brand?post=3816"},{"taxonomy":"product_cat","embeddable":true,"href":"https:\/\/mongolia.com.co\/da\/wp-json\/wp\/v2\/product_cat?post=3816"},{"taxonomy":"product_tag","embeddable":true,"href":"https:\/\/mongolia.com.co\/da\/wp-json\/wp\/v2\/product_tag?post=3816"}],"curies":[{"name":"wp","href":"https:\/\/api.w.org\/{rel}","templated":true}]}}