{"id":39,"date":"2024-01-23T17:22:25","date_gmt":"2024-01-23T17:22:25","guid":{"rendered":"https:\/\/mongolia.com.co\/?post_type=product&#038;p=39"},"modified":"2024-10-04T02:22:43","modified_gmt":"2024-10-03T18:22:43","slug":"kharakorum-sogen","status":"publish","type":"product","link":"https:\/\/mongolia.com.co\/da\/ture\/kharakorum-sogen\/","title":{"rendered":"Kharakorum Quest"},"content":{"rendered":"<p>Er du klar til at v\u00e6kke din eventyrlyst og fordybe dig i den uber\u00f8rte sk\u00f8nhed i det centrale Mongoliet? SIXT Car Rental inviterer dig med p\u00e5 en 5-dages ekspedition, der er mere end en k\u00f8retur - det er en rejse gennem tid og terr\u00e6n. Fra de hviskende gr\u00e6sarealer i Khustai Nationalpark, hjemsted for den majest\u00e6tiske Przewalski-hest, til de mystiske ruiner i Kharakorum, den gamle mongolske hovedstad, udfolder hver kilometer en historie. Dette er ikke bare en tur; det er en oplevelse.<\/p>","protected":false},"excerpt":{"rendered":"<p>Oplev magien i det centrale Mongoliet: 5-dages k\u00f8r-selv-tur med SIXT<\/p>","protected":false},"featured_media":94,"comment_status":"open","ping_status":"closed","template":"","meta":{"_acf_changed":false,"iawp_total_views":1930},"product_brand":[],"product_cat":[17],"product_tag":[],"class_list":{"0":"post-39","1":"product","2":"type-product","3":"status-publish","4":"has-post-thumbnail","6":"product_cat-tours","8":"first","9":"instock","10":"virtual","11":"sold-individually","12":"purchasable","13":"product-type-booking"},"acf":[],"_links":{"self":[{"href":"https:\/\/mongolia.com.co\/da\/wp-json\/wp\/v2\/product\/39","targetHints":{"allow":["GET"]}}],"collection":[{"href":"https:\/\/mongolia.com.co\/da\/wp-json\/wp\/v2\/product"}],"about":[{"href":"https:\/\/mongolia.com.co\/da\/wp-json\/wp\/v2\/types\/product"}],"replies":[{"embeddable":true,"href":"https:\/\/mongolia.com.co\/da\/wp-json\/wp\/v2\/comments?post=39"}],"version-history":[{"count":0,"href":"https:\/\/mongolia.com.co\/da\/wp-json\/wp\/v2\/product\/39\/revisions"}],"wp:featuredmedia":[{"embeddable":true,"href":"https:\/\/mongolia.com.co\/da\/wp-json\/wp\/v2\/media\/94"}],"wp:attachment":[{"href":"https:\/\/mongolia.com.co\/da\/wp-json\/wp\/v2\/media?parent=39"}],"wp:term":[{"taxonomy":"product_brand","embeddable":true,"href":"https:\/\/mongolia.com.co\/da\/wp-json\/wp\/v2\/product_brand?post=39"},{"taxonomy":"product_cat","embeddable":true,"href":"https:\/\/mongolia.com.co\/da\/wp-json\/wp\/v2\/product_cat?post=39"},{"taxonomy":"product_tag","embeddable":true,"href":"https:\/\/mongolia.com.co\/da\/wp-json\/wp\/v2\/product_tag?post=39"}],"curies":[{"name":"wp","href":"https:\/\/api.w.org\/{rel}","templated":true}]}}