{"id":413,"date":"2024-01-26T11:15:18","date_gmt":"2024-01-26T11:15:18","guid":{"rendered":"https:\/\/mongolia.com.co\/?post_type=product&#038;p=413"},"modified":"2025-08-21T19:35:58","modified_gmt":"2025-08-21T11:35:58","slug":"mongolias-stepper-ind-i-gobi","status":"publish","type":"product","link":"https:\/\/mongolia.com.co\/da\/ture\/mongolias-stepper-ind-i-gobi\/","title":{"rendered":"Stepper ind i Gobi"},"content":{"rendered":"<p>Oplev magien i Mongoliets stepper og klitter p\u00e5 denne 15-dages rejse gennem det centrale Mongoliet og Gobi-\u00f8rkenen. M\u00f8d vilde heste i Khustai Nationalpark, og m\u00e6rk sp\u00e6ndingen ved at k\u00f8re offroad i store, ut\u00e6mmede landskaber. Gl\u00e6d dig over den kulturelle rigdom i gamle klostre og historiske steder. Fra det hviskende sand i Khongor-klitterne til den \u00e5ndelige ro i Ongii-klosteret udfolder hver dag et nyt kapitel af opdagelser.<\/p>","protected":false},"excerpt":{"rendered":"<p>Oplev Mongoliets vilde sk\u00f8nhed p\u00e5 en 15-dages off-road selvk\u00f8rende ekspedition fra stepperne til Gobi-\u00f8rkenen<\/p>","protected":false},"featured_media":5360,"comment_status":"open","ping_status":"closed","template":"","meta":{"_acf_changed":false,"iawp_total_views":1397},"product_brand":[],"product_cat":[17],"product_tag":[],"class_list":{"0":"post-413","1":"product","2":"type-product","3":"status-publish","4":"has-post-thumbnail","6":"product_cat-tours","8":"first","9":"instock","10":"virtual","11":"sold-individually","12":"purchasable","13":"product-type-booking"},"acf":[],"_links":{"self":[{"href":"https:\/\/mongolia.com.co\/da\/wp-json\/wp\/v2\/product\/413","targetHints":{"allow":["GET"]}}],"collection":[{"href":"https:\/\/mongolia.com.co\/da\/wp-json\/wp\/v2\/product"}],"about":[{"href":"https:\/\/mongolia.com.co\/da\/wp-json\/wp\/v2\/types\/product"}],"replies":[{"embeddable":true,"href":"https:\/\/mongolia.com.co\/da\/wp-json\/wp\/v2\/comments?post=413"}],"version-history":[{"count":6,"href":"https:\/\/mongolia.com.co\/da\/wp-json\/wp\/v2\/product\/413\/revisions"}],"predecessor-version":[{"id":5361,"href":"https:\/\/mongolia.com.co\/da\/wp-json\/wp\/v2\/product\/413\/revisions\/5361"}],"wp:featuredmedia":[{"embeddable":true,"href":"https:\/\/mongolia.com.co\/da\/wp-json\/wp\/v2\/media\/5360"}],"wp:attachment":[{"href":"https:\/\/mongolia.com.co\/da\/wp-json\/wp\/v2\/media?parent=413"}],"wp:term":[{"taxonomy":"product_brand","embeddable":true,"href":"https:\/\/mongolia.com.co\/da\/wp-json\/wp\/v2\/product_brand?post=413"},{"taxonomy":"product_cat","embeddable":true,"href":"https:\/\/mongolia.com.co\/da\/wp-json\/wp\/v2\/product_cat?post=413"},{"taxonomy":"product_tag","embeddable":true,"href":"https:\/\/mongolia.com.co\/da\/wp-json\/wp\/v2\/product_tag?post=413"}],"curies":[{"name":"wp","href":"https:\/\/api.w.org\/{rel}","templated":true}]}}