{"id":4301,"date":"2024-06-18T16:53:43","date_gmt":"2024-06-18T16:53:43","guid":{"rendered":"https:\/\/mongolia.com.co\/?post_type=product&#038;p=4301"},"modified":"2024-10-04T02:22:42","modified_gmt":"2024-10-03T18:22:42","slug":"tur-i-terelj-park","status":"publish","type":"product","link":"https:\/\/mongolia.com.co\/da\/ture\/tur-i-terelj-park\/","title":{"rendered":"Rundvisning i Terelj Park"},"content":{"rendered":"<p>Oplev Mongoliets ut\u00e6mmede sk\u00f8nhed p\u00e5 en sp\u00e6ndende offroad-tur, der tager dig fra Ulaanbaatars travle gader til de fredfyldte landskaber i Terelj og videre. Denne rejse kombinerer kulturelle sev\u00e6rdigheder, betagende naturscenerier og sp\u00e6ndende aktiviteter og tilbyder en perfekt blanding af eventyr og afslapning. Fra ridning og picnic ved Tuul-floden til udforskning af gamle templer og ikoniske statuer - hvert \u00f8jeblik p\u00e5 denne tur lover uforglemmelige oplevelser. Uanset om du beundrer Chinggis Khaan-statuen eller ser vilde dyr i Gun Galuut, vil dette eventyr efterlade dig med varige minder om Mongoliets mangfoldige vidundere.<\/p>","protected":false},"excerpt":{"rendered":"<p>Tag med p\u00e5 Terelj Park Tour p\u00e5 en sp\u00e6ndende rejse gennem Mongoliets fantastiske landskaber og rige kulturarv!<\/p>","protected":false},"featured_media":4323,"comment_status":"open","ping_status":"closed","template":"","meta":{"_acf_changed":false,"iawp_total_views":1412},"product_brand":[],"product_cat":[17],"product_tag":[35],"class_list":{"0":"post-4301","1":"product","2":"type-product","3":"status-publish","4":"has-post-thumbnail","6":"product_cat-tours","7":"product_tag-terelj-park-tour","9":"first","10":"instock","11":"virtual","12":"sold-individually","13":"purchasable","14":"product-type-booking"},"acf":[],"_links":{"self":[{"href":"https:\/\/mongolia.com.co\/da\/wp-json\/wp\/v2\/product\/4301","targetHints":{"allow":["GET"]}}],"collection":[{"href":"https:\/\/mongolia.com.co\/da\/wp-json\/wp\/v2\/product"}],"about":[{"href":"https:\/\/mongolia.com.co\/da\/wp-json\/wp\/v2\/types\/product"}],"replies":[{"embeddable":true,"href":"https:\/\/mongolia.com.co\/da\/wp-json\/wp\/v2\/comments?post=4301"}],"version-history":[{"count":0,"href":"https:\/\/mongolia.com.co\/da\/wp-json\/wp\/v2\/product\/4301\/revisions"}],"wp:featuredmedia":[{"embeddable":true,"href":"https:\/\/mongolia.com.co\/da\/wp-json\/wp\/v2\/media\/4323"}],"wp:attachment":[{"href":"https:\/\/mongolia.com.co\/da\/wp-json\/wp\/v2\/media?parent=4301"}],"wp:term":[{"taxonomy":"product_brand","embeddable":true,"href":"https:\/\/mongolia.com.co\/da\/wp-json\/wp\/v2\/product_brand?post=4301"},{"taxonomy":"product_cat","embeddable":true,"href":"https:\/\/mongolia.com.co\/da\/wp-json\/wp\/v2\/product_cat?post=4301"},{"taxonomy":"product_tag","embeddable":true,"href":"https:\/\/mongolia.com.co\/da\/wp-json\/wp\/v2\/product_tag?post=4301"}],"curies":[{"name":"wp","href":"https:\/\/api.w.org\/{rel}","templated":true}]}}