{"id":4842,"date":"2024-09-26T17:34:05","date_gmt":"2024-09-26T09:34:05","guid":{"rendered":"https:\/\/mongolia.com.co\/?post_type=product&#038;p=4842"},"modified":"2024-10-04T02:22:42","modified_gmt":"2024-10-03T18:22:42","slug":"vintertur-i-mongoliet","status":"publish","type":"product","link":"https:\/\/mongolia.com.co\/da\/ture\/vintertur-i-mongoliet\/","title":{"rendered":"Vinterunderland"},"content":{"rendered":"<p>Oplev vinterlandskabets magi p\u00e5 denne opslugende 12-dages offroad vintertur i Mongoliet. Fra Ulaanbaatars travle gader til Khuvsgul-s\u00f8ens fredfyldte bredder vil du udforske Mongoliets skjulte perler under et t\u00e6ppe af sne. Rid gennem uber\u00f8rte skove, tag p\u00e5 vandretur til slumrende vulkaner, og slap af i varmen fra naturlige varme kilder. Denne rejse byder p\u00e5 en uovertruffen blanding af eventyr, afslapning og kulturel udforskning. Uanset om du isfisker p\u00e5 frosne s\u00f8er eller g\u00e5r ad Kharkorins \u00e6ldgamle trapper, lover hver dag unikke m\u00f8der med Mongoliets betagende vintervildmark.<\/p>","protected":false},"excerpt":{"rendered":"<p>Oplev Mongoliets magiske vinter gennem uforglemmelige eventyr, natursk\u00f8nne hytter og historiske udforskninger.<\/p>","protected":false},"featured_media":4865,"comment_status":"open","ping_status":"closed","template":"","meta":{"_acf_changed":false,"iawp_total_views":1172},"product_brand":[],"product_cat":[17],"product_tag":[],"class_list":{"0":"post-4842","1":"product","2":"type-product","3":"status-publish","4":"has-post-thumbnail","6":"product_cat-tours","8":"first","9":"instock","10":"virtual","11":"sold-individually","12":"purchasable","13":"product-type-booking"},"acf":[],"_links":{"self":[{"href":"https:\/\/mongolia.com.co\/da\/wp-json\/wp\/v2\/product\/4842","targetHints":{"allow":["GET"]}}],"collection":[{"href":"https:\/\/mongolia.com.co\/da\/wp-json\/wp\/v2\/product"}],"about":[{"href":"https:\/\/mongolia.com.co\/da\/wp-json\/wp\/v2\/types\/product"}],"replies":[{"embeddable":true,"href":"https:\/\/mongolia.com.co\/da\/wp-json\/wp\/v2\/comments?post=4842"}],"version-history":[{"count":0,"href":"https:\/\/mongolia.com.co\/da\/wp-json\/wp\/v2\/product\/4842\/revisions"}],"wp:featuredmedia":[{"embeddable":true,"href":"https:\/\/mongolia.com.co\/da\/wp-json\/wp\/v2\/media\/4865"}],"wp:attachment":[{"href":"https:\/\/mongolia.com.co\/da\/wp-json\/wp\/v2\/media?parent=4842"}],"wp:term":[{"taxonomy":"product_brand","embeddable":true,"href":"https:\/\/mongolia.com.co\/da\/wp-json\/wp\/v2\/product_brand?post=4842"},{"taxonomy":"product_cat","embeddable":true,"href":"https:\/\/mongolia.com.co\/da\/wp-json\/wp\/v2\/product_cat?post=4842"},{"taxonomy":"product_tag","embeddable":true,"href":"https:\/\/mongolia.com.co\/da\/wp-json\/wp\/v2\/product_tag?post=4842"}],"curies":[{"name":"wp","href":"https:\/\/api.w.org\/{rel}","templated":true}]}}