{"id":5532,"date":"2025-12-02T19:09:11","date_gmt":"2025-12-02T11:09:11","guid":{"rendered":"https:\/\/mongolia.com.co\/?post_type=product&#038;p=5532"},"modified":"2025-12-08T17:32:33","modified_gmt":"2025-12-08T09:32:33","slug":"mongoliet-overland-tur-gobi-ornejaegere","status":"publish","type":"product","link":"https:\/\/mongolia.com.co\/da\/ture\/mongoliet-overland-tur-gobi-ornejaegere\/","title":{"rendered":"Mongoliet Loop til Khuvsgul, Altai og det nordlige Gobi"},"content":{"rendered":"<p>Begiv dig ud p\u00e5 den ultimative <a href=\"https:\/\/mongolia.com.co\/da\/\">Mongoliets 4\u00d74-eventyr<\/a> med <strong>SIXT Offroad<\/strong> og oplev en af de mest komplette Mongoliet-landruter, der findes i dag. Denne 18-dages k\u00f8r-selv-ekspedition med valgfrie forl\u00e6ngelser er skabt til rejsende, der \u00f8nsker en \u00e6gte k\u00f8r-selv-rejse i Mongoliet - fjerntliggende, autentisk og fyldt med enest\u00e5ende natur. Fra de dybe skove og hurtigtflydende floder i det nordlige Mongoliet til de store sandklitter, krystals\u00f8er og h\u00f8jtliggende tinder i det fjerne vest er dette en lang Mongoliet-tur, der er designet til at vise den fulde mangfoldighed i landets vildmark. Mens du navigerer rundt i Mongoliet i din fuldt udstyrede Toyota Land Cruiser <a href=\"https:\/\/mongolia.com.co\/da\/mongoliet-biludlejning-bilflade-kor-selv-tur\/\">4\u00d74 Mongoliet udlejningsbil<\/a>, Her krydser du uber\u00f8rt steppe, k\u00f8rer gennem skjulte dale og n\u00e5r \u00f8rnej\u00e6gere, nomadefamilier og landskaber, som kun f\u00e5 rejsende nogensinde ser.<\/p>\n<p>Sl\u00e5 lejr under den uber\u00f8rte nattehimmel, f\u00f8lg de barske mongolske stier og nyd den frihed, som kun en <a href=\"https:\/\/mongolia.com.co\/da\/\">k\u00f8r selv Mongoliet<\/a> ekspedition kan tilbyde. Uanset om du dr\u00f8mmer om en tre ugers Mongoliet-rejse eller vil udvide den til en m\u00e5neds Mongoliet-ekspedition over land, giver denne rute maksimalt eventyr, kulturel fordybelse og den sande \u00e5nd af fjerntliggende off-road-udforskning.<\/p>\n<h3>Hvad du vil se p\u00e5 den store Mongoliet-rundtur til Khuvsgul, Altai og Gobi<\/h3>\n<p>Denne rute gennem Mongoliet forbinder mange af landets mest ekstraordin\u00e6re naturlige og kulturelle vidundere. I nord kommer du til Khuvsgul-s\u00f8-regionen - en del af et af verdens reneste og l\u00e6ngste sammenh\u00e6ngende ferskvandssystemer, der flyder gennem floderne Eg, Selenge og Orkhon. Disse legendariske farvande er hjemsted for verdens st\u00f8rste \u00f8rredart, taimen, hvilket g\u00f8r dette omr\u00e5de til en kronjuvel p\u00e5 enhver lang Mongoliet-tur.<\/p>\n<p>N\u00e5r dit 4\u00d74-eventyr i Mongoliet forts\u00e6tter mod vest, krydser du Altan Els, de nordligste sandklitter i Mongoliet og det eneste sted i verden, hvor baktriske kameler og lurvede yakokser gr\u00e6sser side om side.<\/p>\n<p>Derefter g\u00e5r turen op i de dramatiske Altai-bjerge, et fjerntliggende gr\u00e6nseomr\u00e5de med gletsjere, Mongoliets h\u00f8jeste tinder, store bassiner og et ikonisk dyreliv som verdens st\u00f8rste vilde f\u00e5r, Altai argali, og den massive Altai ibex. Denne region er ogs\u00e5 hjemsted for kasakhiske \u00f8rnej\u00e6gere, hvis \u00e5rhundredgamle tradition er et af de st\u00e6rkeste kulturelle h\u00f8jdepunkter p\u00e5 enhver rejse i Mongoliet.<\/p>\n<p>I syd f\u00f8rer din selvk\u00f8rende Mongoliet-ekspedition dig ind i den mangfoldige Gobi-\u00f8rken, som er hjemsted for vilde kameler, sneleoparder, bj\u00f8rne, antiloper og utallige \u00f8rkentilpassede arter. Disse dramatiske kontraster g\u00f8r denne Mongoliet-ekspedition over land til en af de rigeste og mest varierede 4\u00d74-rejser i Asien.<\/p>","protected":false},"excerpt":{"rendered":"<p>Udforsk Mongoliets mest fantastiske landskaber langt v\u00e6k fra den slagne vej!<\/p>","protected":false},"featured_media":5583,"comment_status":"open","ping_status":"closed","template":"","meta":{"_acf_changed":false,"iawp_total_views":273},"product_brand":[],"product_cat":[17],"product_tag":[],"class_list":{"0":"post-5532","1":"product","2":"type-product","3":"status-publish","4":"has-post-thumbnail","6":"product_cat-tours","8":"first","9":"instock","10":"virtual","11":"sold-individually","12":"purchasable","13":"product-type-booking"},"acf":[],"_links":{"self":[{"href":"https:\/\/mongolia.com.co\/da\/wp-json\/wp\/v2\/product\/5532","targetHints":{"allow":["GET"]}}],"collection":[{"href":"https:\/\/mongolia.com.co\/da\/wp-json\/wp\/v2\/product"}],"about":[{"href":"https:\/\/mongolia.com.co\/da\/wp-json\/wp\/v2\/types\/product"}],"replies":[{"embeddable":true,"href":"https:\/\/mongolia.com.co\/da\/wp-json\/wp\/v2\/comments?post=5532"}],"version-history":[{"count":36,"href":"https:\/\/mongolia.com.co\/da\/wp-json\/wp\/v2\/product\/5532\/revisions"}],"predecessor-version":[{"id":5635,"href":"https:\/\/mongolia.com.co\/da\/wp-json\/wp\/v2\/product\/5532\/revisions\/5635"}],"wp:featuredmedia":[{"embeddable":true,"href":"https:\/\/mongolia.com.co\/da\/wp-json\/wp\/v2\/media\/5583"}],"wp:attachment":[{"href":"https:\/\/mongolia.com.co\/da\/wp-json\/wp\/v2\/media?parent=5532"}],"wp:term":[{"taxonomy":"product_brand","embeddable":true,"href":"https:\/\/mongolia.com.co\/da\/wp-json\/wp\/v2\/product_brand?post=5532"},{"taxonomy":"product_cat","embeddable":true,"href":"https:\/\/mongolia.com.co\/da\/wp-json\/wp\/v2\/product_cat?post=5532"},{"taxonomy":"product_tag","embeddable":true,"href":"https:\/\/mongolia.com.co\/da\/wp-json\/wp\/v2\/product_tag?post=5532"}],"curies":[{"name":"wp","href":"https:\/\/api.w.org\/{rel}","templated":true}]}}