{"id":5616,"date":"2025-12-04T19:29:23","date_gmt":"2025-12-04T11:29:23","guid":{"rendered":"https:\/\/mongolia.com.co\/?post_type=product&#038;p=5616"},"modified":"2026-03-13T13:17:28","modified_gmt":"2026-03-13T05:17:28","slug":"mongoliet-loop-til-khuvsgul-altai-og-det-sydlige-gobi","status":"publish","type":"product","link":"https:\/\/mongolia.com.co\/da\/ture\/mongoliet-loop-til-khuvsgul-altai-og-det-sydlige-gobi\/","title":{"rendered":"Mongoliet Loop til Khuvsgul, Altai og det sydlige Gobi"},"content":{"rendered":"<h2 data-start=\"239\" data-end=\"322\"><strong data-start=\"241\" data-end=\"322\">3 uger i Mongoliet - den ultimative overlandsekspedition gennem nord, vest og Gobi<\/strong><\/h2>\n<p data-start=\"324\" data-end=\"747\">G\u00e5 i gang med den endelige <strong data-start=\"349\" data-end=\"379\">3 ugers eventyrrejse i Mongoliet<\/strong> og oplev en af de mest komplette ruter over land, der nogensinde er skabt. Denne 21-dages ekspedition, der er designet til rejsende, der s\u00f8ger r\u00e5 landskaber, autentiske m\u00f8der og \u00e6gte vildmarksfrihed, f\u00f8rer dig gennem Mongoliets mest ikoniske regioner - fra det skovkl\u00e6dte nord og den legendariske Khuvsgul-s\u00f8 til de h\u00f8jtliggende Altai-bjerge og den enorme, filmiske Gobi-\u00f8rken.<\/p>\n<p data-start=\"749\" data-end=\"1129\">Uanset om du rejser med en fuldt udstyret <a href=\"https:\/\/mongolia.com.co\/da\/mongoliet-biludlejning-bilflade-kor-selv-tur\/\">4\u00d74 udlejningsbil<\/a> eller blive medlem af en <a href=\"https:\/\/themongoliatour.com\/tours\/altai-tracks-to-eagle-hunters\/\" target=\"_blank\" rel=\"noopener\">guidet Mongoliet-tur i egen bil til Altai<\/a>, dette <strong data-start=\"846\" data-end=\"880\">tre ugers rejse til Mongoliet<\/strong> viser landet, n\u00e5r det er vildest. Du vil f\u00f8lge afsidesliggende spor gennem floddale, sove under str\u00e5lende nattehimle, m\u00f8de nomadefamilier, bes\u00f8ge kasakhiske \u00f8rnej\u00e6gere og krydse milj\u00f8er, der er s\u00e5 forskellige, at hver dag f\u00f8les som en ny verden.<\/p>\n<p data-start=\"1131\" data-end=\"1530\">Denne rute forbinder Mongoliets reneste ferskvandssystemer i nord, de gyldne sandklitter i nordvest og syd, vulkanske plateauer, alpetoppe i Altai, gamle kulturregioner og de dramatiske kl\u00f8fter og klipper i Gobi. Hvis du \u00f8nsker at opleve Mongoliet i sin fulde skala - fra nord til vest til syd - er dette <strong data-start=\"1429\" data-end=\"1453\">3-ugers rundrejse i Mongoliet<\/strong> leverer den perfekte balance mellem eventyr, kultur og betagende natur.<\/p>\n<h3 data-start=\"1537\" data-end=\"1598\"><strong data-start=\"1539\" data-end=\"1598\">Hvad du vil opleve p\u00e5 denne 3 ugers Mongoliet-rute<\/strong><\/h3>\n<h4 data-start=\"1600\" data-end=\"1648\"><strong data-start=\"1604\" data-end=\"1648\">Nordlige vandveje og skovkl\u00e6dte vildmarker<\/strong><\/h4>\n<p data-start=\"1649\" data-end=\"2034\">Din rejse begynder med at f\u00f8lge de historiske flodsystemer Selenge, Orkhon og Eg-part i et af de reneste ferskvandsnetv\u00e6rk i verden. Vejen nordp\u00e5 f\u00f8rer dig ind i den uber\u00f8rte taiga, fredelige lejre ved flodbredden og endelig ind i det nordlige Mongoliets juvel: <strong data-start=\"1924\" data-end=\"1941\">Khuvsgul-s\u00f8en<\/strong>, en uber\u00f8rt alpes\u00f8, der er kendt for sin dybde, klarhed og de dramatiske omkringliggende bjerge.<\/p>\n<h4 data-start=\"2036\" data-end=\"2090\"><strong data-start=\"2040\" data-end=\"2090\">Altan Els og Mongoliets skjulte vestlige gr\u00e6nse<\/strong><\/h4>\n<p data-start=\"2091\" data-end=\"2434\">N\u00e5r du krydser ind i vest, kommer du til <strong data-start=\"2128\" data-end=\"2141\">Altan Els<\/strong>, Det er Mongoliets nordligste klitsystem og en surrealistisk overgangszone, hvor kameler, yakokser og nomadehyrder deler det samme landskab. Ruten klatrer derefter op i det m\u00e6gtige <strong data-start=\"2313\" data-end=\"2332\">Altai-bjergene<\/strong>, Det er hjemsted for vilde argalif\u00e5r, stenbukke, gletsjere og vidtstrakte dale, der er formet af \u00e5rtusinders vind og is.<\/p>\n<p data-start=\"2436\" data-end=\"2602\">Et h\u00f8jdepunkt p\u00e5 enhver lang Mongoliet-rejse er at m\u00f8de de <strong data-start=\"2489\" data-end=\"2513\">Kasakhiske \u00f8rnej\u00e6gere<\/strong> af Bayan-Ulgi - vogtere af en af de sidste overlevende gamle jagttraditioner p\u00e5 jorden.<\/p>\n<h4 data-start=\"2604\" data-end=\"2663\"><strong data-start=\"2608\" data-end=\"2663\">Uvs &amp; Uureg: H\u00f8jtliggende s\u00f8er i det store bassin<\/strong><\/h4>\n<p data-start=\"2664\" data-end=\"2927\">Fra Ulaangom og <strong data-start=\"2682\" data-end=\"2694\">Uvs-s\u00f8en<\/strong>, den st\u00f8rste s\u00f8 i Mongoliet, til det fjerntliggende bl\u00e5 vand i <strong data-start=\"2755\" data-end=\"2769\">Uureg-s\u00f8en<\/strong>, Denne del af ruten byder p\u00e5 nogle af landets mest fotogene alpine landskaber. Her f\u00f8les Mongoliet uendeligt - r\u00e5t, tomt og ufatteligt smukt.<\/p>\n<h4 data-start=\"2929\" data-end=\"2991\"><strong data-start=\"2933\" data-end=\"2991\">Gobi-\u00f8rkenen: Klitter, kl\u00f8fter og tavse stentempler<\/strong><\/h4>\n<p data-start=\"2992\" data-end=\"3169\">Din tre uger lange Mongoliet-ekspedition drejer derefter mod syd ind i Gobi, hvor du kommer ind i en verden af t\u00e5rnh\u00f8je klitter, skjulte dale, dyreliv og forhistoriske landskaber. H\u00f8jdepunkterne omfatter:<\/p>\n<ul data-start=\"3171\" data-end=\"3383\">\n<li data-start=\"3171\" data-end=\"3216\">\n<p data-start=\"3173\" data-end=\"3216\"><strong data-start=\"3173\" data-end=\"3187\">Barunbayan<\/strong> og <strong data-start=\"3192\" data-end=\"3214\">Khongors sanddyner<\/strong><\/p>\n<\/li>\n<li data-start=\"3217\" data-end=\"3258\">\n<p data-start=\"3219\" data-end=\"3258\">Den dybe, k\u00f8lige kl\u00f8ft i <strong data-start=\"3244\" data-end=\"3256\">Yolin Am<\/strong><\/p>\n<\/li>\n<li data-start=\"3259\" data-end=\"3322\">\n<p data-start=\"3261\" data-end=\"3322\">De levende hvide klipper i <strong data-start=\"3287\" data-end=\"3320\">Tsagaan Suvarga (hvid stupa)<\/strong><\/p>\n<\/li>\n<li data-start=\"3323\" data-end=\"3383\">\n<p data-start=\"3325\" data-end=\"3383\">De gamle granitformationer i <strong data-start=\"3359\" data-end=\"3383\">Bagaa Gazriin Chuluu<\/strong><\/p>\n<\/li>\n<\/ul>\n<p data-start=\"3385\" data-end=\"3564\">Rejsen slutter i <strong data-start=\"3407\" data-end=\"3431\">Terelj nationalpark<\/strong>, vender du tilbage til skove, klippeformationer og \u00e5bne stepper - en ideel afslutning p\u00e5 tre uforglemmelige uger i Mongoliet.<\/p>","protected":false},"excerpt":{"rendered":"<p>Udforsk Mongoliets mest fantastiske landskaber langt v\u00e6k fra den slagne vej!<\/p>","protected":false},"featured_media":5627,"comment_status":"open","ping_status":"closed","template":"","meta":{"_acf_changed":false,"iawp_total_views":171},"product_brand":[],"product_cat":[17],"product_tag":[],"class_list":{"0":"post-5616","1":"product","2":"type-product","3":"status-publish","4":"has-post-thumbnail","6":"product_cat-tours","8":"first","9":"instock","10":"virtual","11":"sold-individually","12":"purchasable","13":"product-type-booking"},"acf":[],"_links":{"self":[{"href":"https:\/\/mongolia.com.co\/da\/wp-json\/wp\/v2\/product\/5616","targetHints":{"allow":["GET"]}}],"collection":[{"href":"https:\/\/mongolia.com.co\/da\/wp-json\/wp\/v2\/product"}],"about":[{"href":"https:\/\/mongolia.com.co\/da\/wp-json\/wp\/v2\/types\/product"}],"replies":[{"embeddable":true,"href":"https:\/\/mongolia.com.co\/da\/wp-json\/wp\/v2\/comments?post=5616"}],"version-history":[{"count":12,"href":"https:\/\/mongolia.com.co\/da\/wp-json\/wp\/v2\/product\/5616\/revisions"}],"predecessor-version":[{"id":5660,"href":"https:\/\/mongolia.com.co\/da\/wp-json\/wp\/v2\/product\/5616\/revisions\/5660"}],"wp:featuredmedia":[{"embeddable":true,"href":"https:\/\/mongolia.com.co\/da\/wp-json\/wp\/v2\/media\/5627"}],"wp:attachment":[{"href":"https:\/\/mongolia.com.co\/da\/wp-json\/wp\/v2\/media?parent=5616"}],"wp:term":[{"taxonomy":"product_brand","embeddable":true,"href":"https:\/\/mongolia.com.co\/da\/wp-json\/wp\/v2\/product_brand?post=5616"},{"taxonomy":"product_cat","embeddable":true,"href":"https:\/\/mongolia.com.co\/da\/wp-json\/wp\/v2\/product_cat?post=5616"},{"taxonomy":"product_tag","embeddable":true,"href":"https:\/\/mongolia.com.co\/da\/wp-json\/wp\/v2\/product_tag?post=5616"}],"curies":[{"name":"wp","href":"https:\/\/api.w.org\/{rel}","templated":true}]}}