{"id":5744,"date":"2026-03-13T12:58:24","date_gmt":"2026-03-13T04:58:24","guid":{"rendered":"https:\/\/mongolia.com.co\/?post_type=product&#038;p=5744"},"modified":"2026-03-17T21:24:45","modified_gmt":"2026-03-17T13:24:45","slug":"hojdepunkter-i-mongoliet","status":"publish","type":"product","link":"https:\/\/mongolia.com.co\/da\/ture\/hojdepunkter-i-mongoliet\/","title":{"rendered":"H\u00f8jdepunkter i Mongoliet"},"content":{"rendered":"<p>Denne <a href=\"https:\/\/mongolia.com.co\/da\/?page_id=953\">selvk\u00f8rende Mongoliet tur<\/a> tager dig med gennem Centralmongoliets mest imponerende landskaber p\u00e5 ti dage \u2013 fra de vidtstrakte stepper omkring Ulaanbaatar til den gr\u00f8nne Orkhon-dal og Arkhangai-regionens rolige s\u00f8er.<\/p>\n<p>Kort efter ankomst vil du opleve dine f\u00f8rste spektakul\u00e6re indtryk af granitformationer, \u00e5bne dale og nomadekultur med den monumentale Chinggis Khan-statue og Gorkhi Terelj Nationalpark.<br \/>\nMens din rejse forts\u00e6tter, vil du opdage landets mangfoldige geologi: de sl\u00e5ende klippeformationer i Baga Gazriin Chuluu, de blide klitter i Elsen Tasarkhai og de vidtstrakte flodlandskaber i den UNESCO-beskyttede Orkhon-dal. Undervejs vil du m\u00f8de nomadefamilier, opleve traditionelle livsformer og nyde den s\u00e6rlige stilhed og vildmark i den mongolske natur.<br \/>\nTuren kombinerer aktive naturoplevelser med kulturelle h\u00f8jdepunkter: vandreture gennem vulkanske landskaber, afslapning i Tsenkher's varme kilder, et bes\u00f8g i den historiske hovedstad Karakorum og Erdene Zuu-klosteret. Ved Ugii-s\u00f8en kan du nyde fredfyldte solnedgange og fremragende fuglekiggeri, f\u00f8r du ser de sj\u00e6ldne Przewalski-heste i naturen i Khustai Nationalpark.<\/p>\n<p>Denne tur er ideel for rejsende, der \u00f8nsker at opdage Mongoliets ber\u00f8mte h\u00f8jdepunkter p\u00e5 en fleksibel og intensiv m\u00e5de. Du k\u00f8rer selvst\u00e6ndigt, men ledsages af en detaljeret briefing og fjernsupport, og rejser gennem konstant skiftende landskaber \u2013 fra stepper og sand til floddale og alpine plateauer. En rejse fuld af kontraster, naturoplevelser og autentiske m\u00f8der, der giver et dybt indblik i Mongoliets oprindelige hjerte.<\/p>","protected":false},"excerpt":{"rendered":"<p>Udforsk Mongoliet's h\u00f8jdepunkter p\u00e5 en fascinerende selv-k\u00f8rselstur!<\/p>","protected":false},"featured_media":4069,"comment_status":"open","ping_status":"closed","template":"","meta":{"_acf_changed":false,"iawp_total_views":145},"product_brand":[],"product_cat":[17],"product_tag":[],"class_list":{"0":"post-5744","1":"product","2":"type-product","3":"status-publish","4":"has-post-thumbnail","6":"product_cat-tours","8":"first","9":"instock","10":"virtual","11":"sold-individually","12":"purchasable","13":"product-type-booking"},"acf":[],"_links":{"self":[{"href":"https:\/\/mongolia.com.co\/da\/wp-json\/wp\/v2\/product\/5744","targetHints":{"allow":["GET"]}}],"collection":[{"href":"https:\/\/mongolia.com.co\/da\/wp-json\/wp\/v2\/product"}],"about":[{"href":"https:\/\/mongolia.com.co\/da\/wp-json\/wp\/v2\/types\/product"}],"replies":[{"embeddable":true,"href":"https:\/\/mongolia.com.co\/da\/wp-json\/wp\/v2\/comments?post=5744"}],"version-history":[{"count":17,"href":"https:\/\/mongolia.com.co\/da\/wp-json\/wp\/v2\/product\/5744\/revisions"}],"predecessor-version":[{"id":5819,"href":"https:\/\/mongolia.com.co\/da\/wp-json\/wp\/v2\/product\/5744\/revisions\/5819"}],"wp:featuredmedia":[{"embeddable":true,"href":"https:\/\/mongolia.com.co\/da\/wp-json\/wp\/v2\/media\/4069"}],"wp:attachment":[{"href":"https:\/\/mongolia.com.co\/da\/wp-json\/wp\/v2\/media?parent=5744"}],"wp:term":[{"taxonomy":"product_brand","embeddable":true,"href":"https:\/\/mongolia.com.co\/da\/wp-json\/wp\/v2\/product_brand?post=5744"},{"taxonomy":"product_cat","embeddable":true,"href":"https:\/\/mongolia.com.co\/da\/wp-json\/wp\/v2\/product_cat?post=5744"},{"taxonomy":"product_tag","embeddable":true,"href":"https:\/\/mongolia.com.co\/da\/wp-json\/wp\/v2\/product_tag?post=5744"}],"curies":[{"name":"wp","href":"https:\/\/api.w.org\/{rel}","templated":true}]}}