{"id":5908,"date":"2026-04-12T21:28:03","date_gmt":"2026-04-12T13:28:03","guid":{"rendered":"https:\/\/mongolia.com.co\/?post_type=product&#038;p=5908"},"modified":"2026-04-12T22:39:59","modified_gmt":"2026-04-12T14:39:59","slug":"naturoplevelse","status":"publish","type":"product","link":"https:\/\/mongolia.com.co\/da\/ture\/naturoplevelse\/","title":{"rendered":"Naturoase"},"content":{"rendered":"<p class=\"section-body\">Elsen Taserkhai \u2013 ogs\u00e5 kendt som \u201cMini Gobi\u201d \u2013 er en vidtstrakt bue af sanddyner, der ligger gemt mellem bjerge og steppe, kun f\u00e5 timers k\u00f8rsel fra Ulaanbaatar. Dette 6-dages retr\u00e6te er designet til rejsende, der \u00f8nsker at s\u00e6nke tempoet: ingen sightseeing i et hastigt tempo, ingen tvungne tidsplaner. Dine dage er dine til at fylde med kamelture ved solopgang, lange vandreture ud i klitterne, aftener med en nomadefamilie, eller simpelthen at lave ingenting. For dem, der \u00f8nsker mere, er en menu med forudbestillede oplevelser \u2013 fra lammedinner ved stearinlysets sk\u00e6r til fotografering af oversk\u00e6gsl\u00f8ver med guide \u2013 altid tilg\u00e6ngelig.<\/p>\n<p>&nbsp;<\/p>\n<p class=\"section-body\">Pakken kan bookes som en fuldt privat oplevelse, eller \u00e9n gang om \u00e5ret som en lille grupperejse, hvor der arrangeres og inkluderes to kuraterede aktiviteter om dagen.<\/p>","protected":false},"excerpt":{"rendered":"<p>Nyd en uge med natur, \u00e5bne vidder, stilhed og energigivende aktiviteter.<\/p>","protected":false},"featured_media":5911,"comment_status":"open","ping_status":"closed","template":"","meta":{"_acf_changed":false,"iawp_total_views":54},"product_brand":[],"product_cat":[17],"product_tag":[],"class_list":{"0":"post-5908","1":"product","2":"type-product","3":"status-publish","4":"has-post-thumbnail","6":"product_cat-tours","8":"first","9":"instock","10":"virtual","11":"sold-individually","12":"purchasable","13":"product-type-booking"},"acf":[],"_links":{"self":[{"href":"https:\/\/mongolia.com.co\/da\/wp-json\/wp\/v2\/product\/5908","targetHints":{"allow":["GET"]}}],"collection":[{"href":"https:\/\/mongolia.com.co\/da\/wp-json\/wp\/v2\/product"}],"about":[{"href":"https:\/\/mongolia.com.co\/da\/wp-json\/wp\/v2\/types\/product"}],"replies":[{"embeddable":true,"href":"https:\/\/mongolia.com.co\/da\/wp-json\/wp\/v2\/comments?post=5908"}],"version-history":[{"count":18,"href":"https:\/\/mongolia.com.co\/da\/wp-json\/wp\/v2\/product\/5908\/revisions"}],"predecessor-version":[{"id":5967,"href":"https:\/\/mongolia.com.co\/da\/wp-json\/wp\/v2\/product\/5908\/revisions\/5967"}],"wp:featuredmedia":[{"embeddable":true,"href":"https:\/\/mongolia.com.co\/da\/wp-json\/wp\/v2\/media\/5911"}],"wp:attachment":[{"href":"https:\/\/mongolia.com.co\/da\/wp-json\/wp\/v2\/media?parent=5908"}],"wp:term":[{"taxonomy":"product_brand","embeddable":true,"href":"https:\/\/mongolia.com.co\/da\/wp-json\/wp\/v2\/product_brand?post=5908"},{"taxonomy":"product_cat","embeddable":true,"href":"https:\/\/mongolia.com.co\/da\/wp-json\/wp\/v2\/product_cat?post=5908"},{"taxonomy":"product_tag","embeddable":true,"href":"https:\/\/mongolia.com.co\/da\/wp-json\/wp\/v2\/product_tag?post=5908"}],"curies":[{"name":"wp","href":"https:\/\/api.w.org\/{rel}","templated":true}]}}