{"id":5841,"date":"2026-04-01T22:13:11","date_gmt":"2026-04-01T14:13:11","guid":{"rendered":"https:\/\/mongolia.com.co\/?page_id=5841"},"modified":"2026-04-10T15:59:28","modified_gmt":"2026-04-10T07:59:28","slug":"mongolei-reisen","status":"publish","type":"page","link":"https:\/\/mongolia.com.co\/de\/mongolei-reisen\/","title":{"rendered":"Mongolei Reisen"},"content":{"rendered":"","protected":false},"excerpt":{"rendered":"<p>Entdecken Sie den Nervenkitzel von Offroad-Touren in der Mongolei. Navigieren Sie durch weite Landschaften, treffen Sie Nomaden und entdecken Sie antike St\u00e4tten auf unseren von Experten gef\u00fchrten 4\u00d74-Reisen.<\/p>","protected":false},"author":2,"featured_media":527,"parent":0,"menu_order":0,"comment_status":"closed","ping_status":"closed","template":"","meta":{"_acf_changed":false,"iawp_total_views":869,"footnotes":""},"class_list":["post-5841","page","type-page","status-publish","has-post-thumbnail","hentry"],"acf":[],"_links":{"self":[{"href":"https:\/\/mongolia.com.co\/de\/wp-json\/wp\/v2\/pages\/5841","targetHints":{"allow":["GET"]}}],"collection":[{"href":"https:\/\/mongolia.com.co\/de\/wp-json\/wp\/v2\/pages"}],"about":[{"href":"https:\/\/mongolia.com.co\/de\/wp-json\/wp\/v2\/types\/page"}],"author":[{"embeddable":true,"href":"https:\/\/mongolia.com.co\/de\/wp-json\/wp\/v2\/users\/2"}],"replies":[{"embeddable":true,"href":"https:\/\/mongolia.com.co\/de\/wp-json\/wp\/v2\/comments?post=5841"}],"version-history":[{"count":15,"href":"https:\/\/mongolia.com.co\/de\/wp-json\/wp\/v2\/pages\/5841\/revisions"}],"predecessor-version":[{"id":5901,"href":"https:\/\/mongolia.com.co\/de\/wp-json\/wp\/v2\/pages\/5841\/revisions\/5901"}],"wp:featuredmedia":[{"embeddable":true,"href":"https:\/\/mongolia.com.co\/de\/wp-json\/wp\/v2\/media\/527"}],"wp:attachment":[{"href":"https:\/\/mongolia.com.co\/de\/wp-json\/wp\/v2\/media?parent=5841"}],"curies":[{"name":"wp","href":"https:\/\/api.w.org\/{rel}","templated":true}]}}