{"id":5868,"date":"2026-04-01T23:57:27","date_gmt":"2026-04-01T15:57:27","guid":{"rendered":"https:\/\/mongolia.com.co\/?page_id=5868"},"modified":"2026-04-01T23:57:32","modified_gmt":"2026-04-01T15:57:32","slug":"gobi-wusten-tour","status":"publish","type":"page","link":"https:\/\/mongolia.com.co\/de\/gobi-wusten-tour\/","title":{"rendered":"Tour durch die W\u00fcste Gobi"},"content":{"rendered":"","protected":false},"excerpt":{"rendered":"<p>Entdecken Sie den Nervenkitzel von Offroad-Touren in der Mongolei. Navigieren Sie durch weite Landschaften, treffen Sie Nomaden und entdecken Sie antike St\u00e4tten auf unseren von Experten gef\u00fchrten 4\u00d74-Reisen.<\/p>","protected":false},"author":2,"featured_media":527,"parent":0,"menu_order":0,"comment_status":"closed","ping_status":"closed","template":"","meta":{"_acf_changed":false,"iawp_total_views":13,"footnotes":""},"class_list":["post-5868","page","type-page","status-publish","has-post-thumbnail","hentry"],"acf":[],"_links":{"self":[{"href":"https:\/\/mongolia.com.co\/de\/wp-json\/wp\/v2\/pages\/5868","targetHints":{"allow":["GET"]}}],"collection":[{"href":"https:\/\/mongolia.com.co\/de\/wp-json\/wp\/v2\/pages"}],"about":[{"href":"https:\/\/mongolia.com.co\/de\/wp-json\/wp\/v2\/types\/page"}],"author":[{"embeddable":true,"href":"https:\/\/mongolia.com.co\/de\/wp-json\/wp\/v2\/users\/2"}],"replies":[{"embeddable":true,"href":"https:\/\/mongolia.com.co\/de\/wp-json\/wp\/v2\/comments?post=5868"}],"version-history":[{"count":3,"href":"https:\/\/mongolia.com.co\/de\/wp-json\/wp\/v2\/pages\/5868\/revisions"}],"predecessor-version":[{"id":5871,"href":"https:\/\/mongolia.com.co\/de\/wp-json\/wp\/v2\/pages\/5868\/revisions\/5871"}],"wp:featuredmedia":[{"embeddable":true,"href":"https:\/\/mongolia.com.co\/de\/wp-json\/wp\/v2\/media\/527"}],"wp:attachment":[{"href":"https:\/\/mongolia.com.co\/de\/wp-json\/wp\/v2\/media?parent=5868"}],"curies":[{"name":"wp","href":"https:\/\/api.w.org\/{rel}","templated":true}]}}