{"id":1032,"date":"2024-02-08T15:43:15","date_gmt":"2024-02-08T15:43:15","guid":{"rendered":"https:\/\/mongolia.com.co\/?post_type=product&#038;p=1032"},"modified":"2024-10-04T02:22:43","modified_gmt":"2024-10-03T18:22:43","slug":"gobi-sand","status":"publish","type":"product","link":"https:\/\/mongolia.com.co\/de\/touren\/gobi-sand\/","title":{"rendered":"W\u00fcste Gobi"},"content":{"rendered":"<p>Entdecken Sie das Herz der Mongolei auf der Gobi Sands Tour, einem 6-t\u00e4gigen Offroad-Abenteuer, das Sie von den pulsierenden Stra\u00dfen von Ulaanbaatar zu den majest\u00e4tischen D\u00fcnen der W\u00fcste Gobi f\u00fchrt. Mit einer Mischung aus anspruchsvollen Fahrten, kulturellem Eintauchen und atemberaubenden Naturwundern verspricht diese Reise ein unvergessliches Erlebnis in der ungez\u00e4hmten Sch\u00f6nheit der Mongolei.<\/p>","protected":false},"excerpt":{"rendered":"<p>Ein 6-t\u00e4giges Abenteuer durch die wilden Landschaften der Mongolei von Ulaanbaatar bis zur W\u00fcste Gobi.<\/p>","protected":false},"featured_media":1033,"comment_status":"open","ping_status":"closed","template":"","meta":{"_acf_changed":false,"iawp_total_views":2545},"product_brand":[],"product_cat":[17],"product_tag":[],"class_list":{"0":"post-1032","1":"product","2":"type-product","3":"status-publish","4":"has-post-thumbnail","6":"product_cat-tours","8":"first","9":"instock","10":"virtual","11":"sold-individually","12":"purchasable","13":"product-type-booking"},"acf":[],"_links":{"self":[{"href":"https:\/\/mongolia.com.co\/de\/wp-json\/wp\/v2\/product\/1032","targetHints":{"allow":["GET"]}}],"collection":[{"href":"https:\/\/mongolia.com.co\/de\/wp-json\/wp\/v2\/product"}],"about":[{"href":"https:\/\/mongolia.com.co\/de\/wp-json\/wp\/v2\/types\/product"}],"replies":[{"embeddable":true,"href":"https:\/\/mongolia.com.co\/de\/wp-json\/wp\/v2\/comments?post=1032"}],"version-history":[{"count":0,"href":"https:\/\/mongolia.com.co\/de\/wp-json\/wp\/v2\/product\/1032\/revisions"}],"wp:featuredmedia":[{"embeddable":true,"href":"https:\/\/mongolia.com.co\/de\/wp-json\/wp\/v2\/media\/1033"}],"wp:attachment":[{"href":"https:\/\/mongolia.com.co\/de\/wp-json\/wp\/v2\/media?parent=1032"}],"wp:term":[{"taxonomy":"product_brand","embeddable":true,"href":"https:\/\/mongolia.com.co\/de\/wp-json\/wp\/v2\/product_brand?post=1032"},{"taxonomy":"product_cat","embeddable":true,"href":"https:\/\/mongolia.com.co\/de\/wp-json\/wp\/v2\/product_cat?post=1032"},{"taxonomy":"product_tag","embeddable":true,"href":"https:\/\/mongolia.com.co\/de\/wp-json\/wp\/v2\/product_tag?post=1032"}],"curies":[{"name":"wp","href":"https:\/\/api.w.org\/{rel}","templated":true}]}}