{"id":1433,"date":"2024-02-21T18:07:32","date_gmt":"2024-02-21T18:07:32","guid":{"rendered":"https:\/\/mongolia.com.co\/?post_type=product&#038;p=1433"},"modified":"2024-10-04T02:22:42","modified_gmt":"2024-10-03T18:22:42","slug":"wilde-mongolei","status":"publish","type":"product","link":"https:\/\/mongolia.com.co\/de\/touren\/wilde-mongolei\/","title":{"rendered":"Wilde Mongolei"},"content":{"rendered":"<p>Entdecken Sie das Herz der wilden Mongolei auf einer Reise, die Sie von den pulsierenden Stra\u00dfen von Ulaanbaatar in die Weite der W\u00fcste Gobi f\u00fchrt. Erleben Sie den Nervenkitzel der Khongorin Els D\u00fcnen, das Geheimnis der Flaming Cliffs und die Ruhe des Khar Nuur Sees. \u00dcbernachten Sie in traditionellen Ger-Camps, erleben Sie Momente mit Nomadenfamilien und tauchen Sie ein in die reiche Kultur und die atemberaubenden Landschaften der Mongolei. Diese Reise bietet eine unvergleichliche Mischung aus Abenteuer, Natur und kulturellem Eintauchen in einem der au\u00dfergew\u00f6hnlichsten Reiseziele der Welt.<\/p>\n<p>Wenn Sie zu Ihrer Mongolei Reise Fragen haben <a href=\"#contact-us\">Kontaktieren Sie uns hier<\/a> oder senden Sie uns eine E-Mail an<br \/>\n<a href=\"mailto:contact@mongolia.com.co\">contact@mongolia.com.co<\/a><\/p>","protected":false},"excerpt":{"rendered":"<p>Ein 20-t\u00e4giges Mongolei-Abenteuer, bei dem kulturelles Eintauchen und atemberaubende Landschaften zu einer unvergesslichen Reise verschmelzen<\/p>","protected":false},"featured_media":1434,"comment_status":"open","ping_status":"closed","template":"","meta":{"_acf_changed":false,"iawp_total_views":1006},"product_brand":[],"product_cat":[17],"product_tag":[],"class_list":{"0":"post-1433","1":"product","2":"type-product","3":"status-publish","4":"has-post-thumbnail","6":"product_cat-tours","8":"first","9":"instock","10":"virtual","11":"sold-individually","12":"purchasable","13":"product-type-booking"},"acf":[],"_links":{"self":[{"href":"https:\/\/mongolia.com.co\/de\/wp-json\/wp\/v2\/product\/1433","targetHints":{"allow":["GET"]}}],"collection":[{"href":"https:\/\/mongolia.com.co\/de\/wp-json\/wp\/v2\/product"}],"about":[{"href":"https:\/\/mongolia.com.co\/de\/wp-json\/wp\/v2\/types\/product"}],"replies":[{"embeddable":true,"href":"https:\/\/mongolia.com.co\/de\/wp-json\/wp\/v2\/comments?post=1433"}],"version-history":[{"count":0,"href":"https:\/\/mongolia.com.co\/de\/wp-json\/wp\/v2\/product\/1433\/revisions"}],"wp:featuredmedia":[{"embeddable":true,"href":"https:\/\/mongolia.com.co\/de\/wp-json\/wp\/v2\/media\/1434"}],"wp:attachment":[{"href":"https:\/\/mongolia.com.co\/de\/wp-json\/wp\/v2\/media?parent=1433"}],"wp:term":[{"taxonomy":"product_brand","embeddable":true,"href":"https:\/\/mongolia.com.co\/de\/wp-json\/wp\/v2\/product_brand?post=1433"},{"taxonomy":"product_cat","embeddable":true,"href":"https:\/\/mongolia.com.co\/de\/wp-json\/wp\/v2\/product_cat?post=1433"},{"taxonomy":"product_tag","embeddable":true,"href":"https:\/\/mongolia.com.co\/de\/wp-json\/wp\/v2\/product_tag?post=1433"}],"curies":[{"name":"wp","href":"https:\/\/api.w.org\/{rel}","templated":true}]}}