{"id":3607,"date":"2026-03-16T13:20:51","date_gmt":"2026-03-16T05:20:51","guid":{"rendered":"https:\/\/mongolia.com.co\/?post_type=product&#038;p=3607"},"modified":"2026-03-17T22:26:24","modified_gmt":"2026-03-17T14:26:24","slug":"gobi-in-die-nordliche-mongolei","status":"publish","type":"product","link":"https:\/\/mongolia.com.co\/de\/touren\/gobi-in-die-nordliche-mongolei\/","title":{"rendered":"Mongolei abseits der ausgetretenen Pfade \u2013 W\u00fcste Gobi, Steppen &amp; Norden"},"content":{"rendered":"<p>Diese Selbstfahrerexpedition in die Mongolei f\u00fchrt Sie weit abseits der ausgetretenen Pfade durch einige der spektakul\u00e4rsten und abgelegensten Landschaften des Landes. In zwei unvergesslichen Wochen reisen Sie von den weiten Steppen in der N\u00e4he von Ulaanbaatar in die wogenden D\u00fcnen der Gobi, in das historische Kernland des Mongolenreiches und in die wilden W\u00e4lder des Nordens - und \u00fcbernachten unterwegs in einigen der besten Lodges der Mongolei.<\/p>\n<p>Kurz nach der Ankunft beginnt Ihr Abenteuer mit den Wahrzeichen der Mongolei: der monumentalen Dschingis-Khan-Statue und den dramatischen Granitformationen des Terelj-Nationalparks. Sobald der Asphalt hinter Ihnen verschwindet, beginnt die eigentliche Erkundung. Ihre 4\u00d74-Route f\u00fchrt Sie durch versteckte T\u00e4ler, \u00fcber Felsen und durch die offene Steppe, in der Nomadenhirten noch alten Traditionen folgen und wilde Tiere frei umherstreifen.<\/p>\n<p>Tiefer ins Land hinein reisen Sie und erleben die eindrucksvollen Kontraste der Mongolei: die surrealen Felsformationen von Baga Gazriin Chuluu, die goldenen D\u00fcnen von Elsen Tasarkhai in der \u201cMini-Gobi\u201d und die historischen Landschaften rund um Karakorum und das Kloster Erdene Zuu. Unterwegs treffen Sie nomadische Familien, erleben traditionelles Hirtenleben und entdecken die tiefe Stille und Weite, die die Mongolei zu einem der letzten gro\u00dfen Wildnisgebiete der Welt machen.<\/p>\n<p>Weiter n\u00f6rdlich verwandelt sich die Landschaft in \u00fcppige Flusst\u00e4ler, bewaldete Berge und kristallklare Wasserwege. In der abgelegenen Bulgan-Region \u00fcbernachten Sie in einer wundersch\u00f6nen Lodge am Ufer des Eg-Flusses - einem unber\u00fchrten Paradies, das f\u00fcr seine wilden Tiere, die unber\u00fchrte Natur und die legend\u00e4ren Taimen-Fische bekannt ist. Hier zeigen Rafting-Touren, malerische Wanderungen und Abende am Lagerfeuer eine ruhigere und selten besuchte Seite der Mongolei.<\/p>\n<p>Diese Tour verbindet abenteuerliche Offroad-Fahrten mit kulturellen Entdeckungen und Momenten der puren Entspannung. Sorgf\u00e4ltig ausgew\u00e4hlte Camps, traditionelle Ger-Unterk\u00fcnfte und einige der besten Lodges der Mongolei sorgen f\u00fcr Komfort, w\u00e4hrend Sie in die Natur eintauchen. Mit detaillierter Routenf\u00fchrung und Unterst\u00fctzung w\u00e4hrend der gesamten Reise erkunden Sie die Mongolei auf eigene Faust und erleben dabei ihre authentischsten und atemberaubendsten Regionen. Eine Reise f\u00fcr Reisende, die Abenteuer, Freiheit und eine tiefe Verbundenheit mit den wilden Landschaften und der zeitlosen Nomadenkultur der Mongolei suchen.<\/p>","protected":false},"excerpt":{"rendered":"<p>Begeben Sie sich auf eine Reise abseits ausgetretener Pfade durch die Mongolei, von den Sandd\u00fcnen der Gobi bis zu wilden Flusst\u00e4lern, und \u00fcbernachten Sie in den besten Lodges der Mongolei.<\/p>","protected":false},"featured_media":5788,"comment_status":"open","ping_status":"closed","template":"","meta":{"_acf_changed":false,"iawp_total_views":60},"product_brand":[],"product_cat":[17],"product_tag":[],"class_list":{"0":"post-3607","1":"product","2":"type-product","3":"status-publish","4":"has-post-thumbnail","6":"product_cat-tours","8":"first","9":"instock","10":"virtual","11":"sold-individually","12":"purchasable","13":"product-type-booking"},"acf":[],"_links":{"self":[{"href":"https:\/\/mongolia.com.co\/de\/wp-json\/wp\/v2\/product\/3607","targetHints":{"allow":["GET"]}}],"collection":[{"href":"https:\/\/mongolia.com.co\/de\/wp-json\/wp\/v2\/product"}],"about":[{"href":"https:\/\/mongolia.com.co\/de\/wp-json\/wp\/v2\/types\/product"}],"replies":[{"embeddable":true,"href":"https:\/\/mongolia.com.co\/de\/wp-json\/wp\/v2\/comments?post=3607"}],"version-history":[{"count":41,"href":"https:\/\/mongolia.com.co\/de\/wp-json\/wp\/v2\/product\/3607\/revisions"}],"predecessor-version":[{"id":5830,"href":"https:\/\/mongolia.com.co\/de\/wp-json\/wp\/v2\/product\/3607\/revisions\/5830"}],"wp:featuredmedia":[{"embeddable":true,"href":"https:\/\/mongolia.com.co\/de\/wp-json\/wp\/v2\/media\/5788"}],"wp:attachment":[{"href":"https:\/\/mongolia.com.co\/de\/wp-json\/wp\/v2\/media?parent=3607"}],"wp:term":[{"taxonomy":"product_brand","embeddable":true,"href":"https:\/\/mongolia.com.co\/de\/wp-json\/wp\/v2\/product_brand?post=3607"},{"taxonomy":"product_cat","embeddable":true,"href":"https:\/\/mongolia.com.co\/de\/wp-json\/wp\/v2\/product_cat?post=3607"},{"taxonomy":"product_tag","embeddable":true,"href":"https:\/\/mongolia.com.co\/de\/wp-json\/wp\/v2\/product_tag?post=3607"}],"curies":[{"name":"wp","href":"https:\/\/api.w.org\/{rel}","templated":true}]}}