{"id":39,"date":"2024-01-23T17:22:25","date_gmt":"2024-01-23T17:22:25","guid":{"rendered":"https:\/\/mongolia.com.co\/?post_type=product&#038;p=39"},"modified":"2024-10-04T02:22:43","modified_gmt":"2024-10-03T18:22:43","slug":"suche-nach-kharakorum","status":"publish","type":"product","link":"https:\/\/mongolia.com.co\/de\/touren\/suche-nach-kharakorum\/","title":{"rendered":"Kharakorum Spuren Suche"},"content":{"rendered":"<p>Sind Sie bereit, Ihren Abenteuergeist zu wecken und in die unber\u00fchrte Sch\u00f6nheit der Zentralmongolei einzutauchen? Die SIXT Autovermietung l\u00e4dt Sie zu einer 5-t\u00e4gigen Expedition ein, die mehr als nur eine Fahrt ist - es ist eine Reise durch Zeit und Land. Von den fl\u00fcsternden Graslandschaften des Khustai-Nationalparks, der Heimat des majest\u00e4tischen Przewalski-Pferdes, bis zu den mystischen Ruinen von Kharakorum, der alten mongolischen Hauptstadt, entfaltet jeder Kilometer eine Geschichte. Dies ist nicht nur eine Tour, es ist ein Erlebnis.<\/p>","protected":false},"excerpt":{"rendered":"<p>Erleben Sie die Magie der Zentralmongolei: 5-t\u00e4gige Selbstfahrertour mit SIXT<\/p>","protected":false},"featured_media":94,"comment_status":"open","ping_status":"closed","template":"","meta":{"_acf_changed":false,"iawp_total_views":1932},"product_brand":[],"product_cat":[17],"product_tag":[],"class_list":{"0":"post-39","1":"product","2":"type-product","3":"status-publish","4":"has-post-thumbnail","6":"product_cat-tours","8":"first","9":"instock","10":"virtual","11":"sold-individually","12":"purchasable","13":"product-type-booking"},"acf":[],"_links":{"self":[{"href":"https:\/\/mongolia.com.co\/de\/wp-json\/wp\/v2\/product\/39","targetHints":{"allow":["GET"]}}],"collection":[{"href":"https:\/\/mongolia.com.co\/de\/wp-json\/wp\/v2\/product"}],"about":[{"href":"https:\/\/mongolia.com.co\/de\/wp-json\/wp\/v2\/types\/product"}],"replies":[{"embeddable":true,"href":"https:\/\/mongolia.com.co\/de\/wp-json\/wp\/v2\/comments?post=39"}],"version-history":[{"count":0,"href":"https:\/\/mongolia.com.co\/de\/wp-json\/wp\/v2\/product\/39\/revisions"}],"wp:featuredmedia":[{"embeddable":true,"href":"https:\/\/mongolia.com.co\/de\/wp-json\/wp\/v2\/media\/94"}],"wp:attachment":[{"href":"https:\/\/mongolia.com.co\/de\/wp-json\/wp\/v2\/media?parent=39"}],"wp:term":[{"taxonomy":"product_brand","embeddable":true,"href":"https:\/\/mongolia.com.co\/de\/wp-json\/wp\/v2\/product_brand?post=39"},{"taxonomy":"product_cat","embeddable":true,"href":"https:\/\/mongolia.com.co\/de\/wp-json\/wp\/v2\/product_cat?post=39"},{"taxonomy":"product_tag","embeddable":true,"href":"https:\/\/mongolia.com.co\/de\/wp-json\/wp\/v2\/product_tag?post=39"}],"curies":[{"name":"wp","href":"https:\/\/api.w.org\/{rel}","templated":true}]}}