{"id":413,"date":"2024-01-26T11:15:18","date_gmt":"2024-01-26T11:15:18","guid":{"rendered":"https:\/\/mongolia.com.co\/?post_type=product&#038;p=413"},"modified":"2025-08-21T19:35:58","modified_gmt":"2025-08-21T11:35:58","slug":"steppe-in-die-gobi","status":"publish","type":"product","link":"https:\/\/mongolia.com.co\/de\/touren\/steppe-in-die-gobi\/","title":{"rendered":"Reise durch die Steppen in die Gobi"},"content":{"rendered":"<p>Erleben Sie auf dieser 15-t\u00e4gigen Reise durch die Zentralmongolei und die W\u00fcste Gobi den Zauber der mongolischen Steppen und D\u00fcnen. Begegnen Sie wilden Pferden im Khustai-Nationalpark und erleben Sie den Nervenkitzel von Off-Road-Fahrten in weiten, ungez\u00e4hmten Landschaften. Genie\u00dfen Sie den kulturellen Reichtum der alten Kl\u00f6ster und historischen St\u00e4tten. Vom fl\u00fcsternden Sand der Khongor-D\u00fcnen bis zur spirituellen Gelassenheit des Ongii-Klosters - jeder Tag er\u00f6ffnet ein neues Kapitel der Entdeckung.<\/p>","protected":false},"excerpt":{"rendered":"<p>Entdecken Sie die wilde Sch\u00f6nheit der Mongolei auf einer 15-t\u00e4gigen Selbstfahrerexpedition von der Steppe zur W\u00fcste Gobi<\/p>","protected":false},"featured_media":5360,"comment_status":"open","ping_status":"closed","template":"","meta":{"_acf_changed":false,"iawp_total_views":1330},"product_brand":[],"product_cat":[17],"product_tag":[],"class_list":{"0":"post-413","1":"product","2":"type-product","3":"status-publish","4":"has-post-thumbnail","6":"product_cat-tours","8":"first","9":"instock","10":"virtual","11":"sold-individually","12":"purchasable","13":"product-type-booking"},"acf":[],"_links":{"self":[{"href":"https:\/\/mongolia.com.co\/de\/wp-json\/wp\/v2\/product\/413","targetHints":{"allow":["GET"]}}],"collection":[{"href":"https:\/\/mongolia.com.co\/de\/wp-json\/wp\/v2\/product"}],"about":[{"href":"https:\/\/mongolia.com.co\/de\/wp-json\/wp\/v2\/types\/product"}],"replies":[{"embeddable":true,"href":"https:\/\/mongolia.com.co\/de\/wp-json\/wp\/v2\/comments?post=413"}],"version-history":[{"count":6,"href":"https:\/\/mongolia.com.co\/de\/wp-json\/wp\/v2\/product\/413\/revisions"}],"predecessor-version":[{"id":5361,"href":"https:\/\/mongolia.com.co\/de\/wp-json\/wp\/v2\/product\/413\/revisions\/5361"}],"wp:featuredmedia":[{"embeddable":true,"href":"https:\/\/mongolia.com.co\/de\/wp-json\/wp\/v2\/media\/5360"}],"wp:attachment":[{"href":"https:\/\/mongolia.com.co\/de\/wp-json\/wp\/v2\/media?parent=413"}],"wp:term":[{"taxonomy":"product_brand","embeddable":true,"href":"https:\/\/mongolia.com.co\/de\/wp-json\/wp\/v2\/product_brand?post=413"},{"taxonomy":"product_cat","embeddable":true,"href":"https:\/\/mongolia.com.co\/de\/wp-json\/wp\/v2\/product_cat?post=413"},{"taxonomy":"product_tag","embeddable":true,"href":"https:\/\/mongolia.com.co\/de\/wp-json\/wp\/v2\/product_tag?post=413"}],"curies":[{"name":"wp","href":"https:\/\/api.w.org\/{rel}","templated":true}]}}