{"id":4842,"date":"2024-09-26T17:34:05","date_gmt":"2024-09-26T09:34:05","guid":{"rendered":"https:\/\/mongolia.com.co\/?post_type=product&#038;p=4842"},"modified":"2024-10-04T02:22:42","modified_gmt":"2024-10-03T18:22:42","slug":"mongolei-winter-tour","status":"publish","type":"product","link":"https:\/\/mongolia.com.co\/de\/touren\/mongolei-winter-tour\/","title":{"rendered":"Winterwunderland"},"content":{"rendered":"<p>Erleben Sie den Zauber der Winterlandschaften auf dieser 12-t\u00e4gigen Offroad-Winterreise durch die Mongolei. Von den belebten Stra\u00dfen Ulaanbaatars bis zu den ruhigen Ufern des Khuvsgul-Sees erkunden Sie die verborgenen Sch\u00e4tze der Mongolei unter einer Schneedecke. Reiten Sie durch unber\u00fchrte W\u00e4lder, wandern Sie auf erloschenen Vulkanen und entspannen Sie sich in der W\u00e4rme nat\u00fcrlicher hei\u00dfer Quellen. Diese Reise bietet eine unvergleichliche Mischung aus Abenteuer, Entspannung und kultureller Erkundung. Ob beim Eisfischen auf zugefrorenen Seen oder beim Wandern auf den uralten Stufen von Kharkorin, jeder Tag verspricht einzigartige Begegnungen mit der atemberaubenden Winterwildnis der Mongolei.<\/p>","protected":false},"excerpt":{"rendered":"<p>Erleben Sie den magischen Winter der Mongolei mit unvergesslichen Abenteuern, malerischen Lodges und historischen Erkundungen<\/p>","protected":false},"featured_media":4865,"comment_status":"open","ping_status":"closed","template":"","meta":{"_acf_changed":false,"iawp_total_views":1172},"product_brand":[],"product_cat":[17],"product_tag":[],"class_list":{"0":"post-4842","1":"product","2":"type-product","3":"status-publish","4":"has-post-thumbnail","6":"product_cat-tours","8":"first","9":"instock","10":"virtual","11":"sold-individually","12":"purchasable","13":"product-type-booking"},"acf":[],"_links":{"self":[{"href":"https:\/\/mongolia.com.co\/de\/wp-json\/wp\/v2\/product\/4842","targetHints":{"allow":["GET"]}}],"collection":[{"href":"https:\/\/mongolia.com.co\/de\/wp-json\/wp\/v2\/product"}],"about":[{"href":"https:\/\/mongolia.com.co\/de\/wp-json\/wp\/v2\/types\/product"}],"replies":[{"embeddable":true,"href":"https:\/\/mongolia.com.co\/de\/wp-json\/wp\/v2\/comments?post=4842"}],"version-history":[{"count":0,"href":"https:\/\/mongolia.com.co\/de\/wp-json\/wp\/v2\/product\/4842\/revisions"}],"wp:featuredmedia":[{"embeddable":true,"href":"https:\/\/mongolia.com.co\/de\/wp-json\/wp\/v2\/media\/4865"}],"wp:attachment":[{"href":"https:\/\/mongolia.com.co\/de\/wp-json\/wp\/v2\/media?parent=4842"}],"wp:term":[{"taxonomy":"product_brand","embeddable":true,"href":"https:\/\/mongolia.com.co\/de\/wp-json\/wp\/v2\/product_brand?post=4842"},{"taxonomy":"product_cat","embeddable":true,"href":"https:\/\/mongolia.com.co\/de\/wp-json\/wp\/v2\/product_cat?post=4842"},{"taxonomy":"product_tag","embeddable":true,"href":"https:\/\/mongolia.com.co\/de\/wp-json\/wp\/v2\/product_tag?post=4842"}],"curies":[{"name":"wp","href":"https:\/\/api.w.org\/{rel}","templated":true}]}}