{"id":5532,"date":"2025-12-02T19:09:11","date_gmt":"2025-12-02T11:09:11","guid":{"rendered":"https:\/\/mongolia.com.co\/?post_type=product&#038;p=5532"},"modified":"2025-12-08T17:32:33","modified_gmt":"2025-12-08T09:32:33","slug":"mongolei-uberlandtour-gobi-adlerjager","status":"publish","type":"product","link":"https:\/\/mongolia.com.co\/de\/touren\/mongolei-uberlandtour-gobi-adlerjager\/","title":{"rendered":"Mongolei-Schleife nach Khuvsgul, Altai und Nordgobi"},"content":{"rendered":"<p>Begeben Sie sich auf die ultimative <a href=\"https:\/\/mongolia.com.co\/de\/\">Mongolei 4\u00d74 Abenteuer<\/a> mit <strong>SIXT Offroad<\/strong> und erleben Sie eine der vollst\u00e4ndigsten Mongolei \u00dcberlandrouten, die es derzeit gibt. Diese 18-t\u00e4gige Selbstfahrerexpedition mit optionalen Verl\u00e4ngerungen ist f\u00fcr Reisende konzipiert, die eine echte Mongolei-Selbstfahrereise wollen - abgelegen, authentisch und vollgepackt mit einmaligen Landschaften. Von den tiefen W\u00e4ldern und schnell flie\u00dfenden Fl\u00fcssen der n\u00f6rdlichen Mongolei bis hin zu den riesigen Sandd\u00fcnen, kristallklaren Seen und hoch gelegenen Gipfeln im \u00e4u\u00dfersten Westen ist dies eine lange Mongolei-Tour, die die ganze Vielfalt der Wildnis des Landes zeigt. W\u00e4hrend Sie diese Mongolei-Runde in Ihrem voll ausgestatteten Toyota Land Cruiser durchfahren <a href=\"https:\/\/mongolia.com.co\/de\/mongolei-mietwagen-flotte-selbstfahrer-reisen\/\">4\u00d74 Mongolei Mietwagen<\/a>, Durchqueren Sie unber\u00fchrte Steppen, fahren Sie durch verborgene T\u00e4ler und treffen Sie auf Adlerj\u00e4ger, Nomadenfamilien und Landschaften, die nur wenige Reisende je zu Gesicht bekommen.<\/p>\n<p>Zelten Sie unter einem unber\u00fchrten Nachthimmel, folgen Sie den zerkl\u00fcfteten \u00dcberlandpisten der Mongolei und genie\u00dfen Sie die Freiheit, die nur ein <a href=\"https:\/\/mongolia.com.co\/de\/\">Selbstfahrer Mongolei<\/a> Expedition bieten kann. Egal, ob Sie von einer dreiw\u00f6chigen Mongolei-Reise tr\u00e4umen oder sie zu einer einmonatigen Mongolei-Expedition \u00fcber Land ausbauen m\u00f6chten, diese Route bietet ein Maximum an Abenteuer, kulturellem Eintauchen und dem wahren Geist der abgelegenen Offroad-Erkundung.<\/p>\n<h3>Was Sie auf der gro\u00dfen Mongoleischleife nach Khuvsgul, Altai und Gobi sehen werden<\/h3>\n<p>Diese \u00dcberlandroute durch die Mongolei verbindet viele der au\u00dfergew\u00f6hnlichsten Natur- und Kulturwunder des Landes. Im Norden erreichen Sie die Region des Khuvsgul-Sees - Teil eines der saubersten und l\u00e4ngsten zusammenh\u00e4ngenden S\u00fc\u00dfwassersysteme der Welt, das von den Fl\u00fcssen Eg, Selenge und Orkhon durchflossen wird. Diese legend\u00e4ren Gew\u00e4sser beherbergen die gr\u00f6\u00dfte Forellenart der Welt, den Taimen, und machen dieses Gebiet zu einem Kronjuwel jeder langen Mongoleireise.<\/p>\n<p>Auf Ihrem 4\u00d74-Abenteuer in der Mongolei geht es weiter nach Westen, wo Sie Altan Els durchqueren, die n\u00f6rdlichsten Sandd\u00fcnen der Mongolei und der einzige Ort auf der Welt, an dem baktrische Kamele und zottelige Yaks Seite an Seite grasen.<\/p>\n<p>Dann geht es hinauf in das dramatische Altai-Gebirge, eine abgelegene Grenzregion mit Gletschern, den h\u00f6chsten Gipfeln der Mongolei, riesigen Becken und ikonischen Wildtieren wie dem gr\u00f6\u00dften Wildschaf der Welt, dem Altai-Argali, und dem massigen Altai-Steinbock. Diese Region ist auch die Heimat der kasachischen Adlerj\u00e4ger, deren jahrhundertealte Tradition einer der st\u00e4rksten kulturellen H\u00f6hepunkte jeder Mongolei-Rundreise ist.<\/p>\n<p>Im S\u00fcden f\u00fchrt Sie Ihre Mongolei-Selbstfahrerexpedition in die vielf\u00e4ltige W\u00fcste Gobi - Lebensraum f\u00fcr wilde Kamele, Schneeleoparden, B\u00e4ren, Antilopen und unz\u00e4hlige an die W\u00fcste angepasste Tierarten. Diese dramatischen Kontraste machen diese Mongolei-\u00dcberlandexpedition zu einer der abwechslungsreichsten 4\u00d74-Reisen in Asien.<\/p>","protected":false},"excerpt":{"rendered":"<p>Entdecken Sie die atemberaubendsten Landschaften der Mongolei fernab der ausgetretenen Pfade!<\/p>","protected":false},"featured_media":5583,"comment_status":"open","ping_status":"closed","template":"","meta":{"_acf_changed":false,"iawp_total_views":271},"product_brand":[],"product_cat":[17],"product_tag":[],"class_list":{"0":"post-5532","1":"product","2":"type-product","3":"status-publish","4":"has-post-thumbnail","6":"product_cat-tours","8":"first","9":"instock","10":"virtual","11":"sold-individually","12":"purchasable","13":"product-type-booking"},"acf":[],"_links":{"self":[{"href":"https:\/\/mongolia.com.co\/de\/wp-json\/wp\/v2\/product\/5532","targetHints":{"allow":["GET"]}}],"collection":[{"href":"https:\/\/mongolia.com.co\/de\/wp-json\/wp\/v2\/product"}],"about":[{"href":"https:\/\/mongolia.com.co\/de\/wp-json\/wp\/v2\/types\/product"}],"replies":[{"embeddable":true,"href":"https:\/\/mongolia.com.co\/de\/wp-json\/wp\/v2\/comments?post=5532"}],"version-history":[{"count":36,"href":"https:\/\/mongolia.com.co\/de\/wp-json\/wp\/v2\/product\/5532\/revisions"}],"predecessor-version":[{"id":5635,"href":"https:\/\/mongolia.com.co\/de\/wp-json\/wp\/v2\/product\/5532\/revisions\/5635"}],"wp:featuredmedia":[{"embeddable":true,"href":"https:\/\/mongolia.com.co\/de\/wp-json\/wp\/v2\/media\/5583"}],"wp:attachment":[{"href":"https:\/\/mongolia.com.co\/de\/wp-json\/wp\/v2\/media?parent=5532"}],"wp:term":[{"taxonomy":"product_brand","embeddable":true,"href":"https:\/\/mongolia.com.co\/de\/wp-json\/wp\/v2\/product_brand?post=5532"},{"taxonomy":"product_cat","embeddable":true,"href":"https:\/\/mongolia.com.co\/de\/wp-json\/wp\/v2\/product_cat?post=5532"},{"taxonomy":"product_tag","embeddable":true,"href":"https:\/\/mongolia.com.co\/de\/wp-json\/wp\/v2\/product_tag?post=5532"}],"curies":[{"name":"wp","href":"https:\/\/api.w.org\/{rel}","templated":true}]}}