{"id":5616,"date":"2025-12-04T19:29:23","date_gmt":"2025-12-04T11:29:23","guid":{"rendered":"https:\/\/mongolia.com.co\/?post_type=product&#038;p=5616"},"modified":"2026-03-13T13:17:28","modified_gmt":"2026-03-13T05:17:28","slug":"mongoleischleife-nach-khuvsgul-altai-und-sudgobi","status":"publish","type":"product","link":"https:\/\/mongolia.com.co\/de\/touren\/mongoleischleife-nach-khuvsgul-altai-und-sudgobi\/","title":{"rendered":"Mongolei-Schleife nach Khuvsgul, Altai und S\u00fcdgobi"},"content":{"rendered":"<h2 data-start=\"239\" data-end=\"322\"><strong data-start=\"241\" data-end=\"322\">3 Wochen Mongolei - Die ultimative \u00dcberlandexpedition durch den Norden, Westen und die Gobi<\/strong><\/h2>\n<p data-start=\"324\" data-end=\"747\">Machen Sie sich auf den Weg zur endg\u00fcltigen <strong data-start=\"349\" data-end=\"379\">3 Wochen Mongolei Abenteuerreise<\/strong> und entdecken Sie eine der vollst\u00e4ndigsten \u00dcberlandrouten, die je geschaffen wurden. Diese 21-t\u00e4gige Expedition, die f\u00fcr Reisende konzipiert wurde, die raue Landschaften, authentische Begegnungen und echte Freiheit in der Wildnis suchen, f\u00fchrt Sie durch die bekanntesten Regionen der Mongolei - vom bewaldeten Norden und dem legend\u00e4ren Khuvsgul-See bis hin zum hochgelegenen Altai-Gebirge und der riesigen, filmreifen W\u00fcste Gobi.<\/p>\n<p data-start=\"749\" data-end=\"1129\">Ob Sie nun mit einem voll ausgestatteten <a href=\"https:\/\/mongolia.com.co\/de\/mongolei-mietwagen-flotte-selbstfahrer-reisen\/\">4\u00d74-Mietwagen<\/a> oder den Beitritt zu einer <a href=\"https:\/\/themongoliatour.com\/tours\/altai-tracks-to-eagle-hunters\/\" target=\"_blank\" rel=\"noopener\">Gef\u00fchrte Mongolei-Selbstfahrer-Tour zum Altai<\/a>, diese <strong data-start=\"846\" data-end=\"880\">Drei Wochen Mongolei-Route<\/strong> zeigt das Land von seiner wildesten Seite. Sie folgen abgelegenen Pfaden durch Flusst\u00e4ler, schlafen unter einem strahlenden Nachthimmel, treffen Nomadenfamilien, besuchen kasachische Adlerj\u00e4ger und durchqueren Umgebungen, die so unterschiedlich sind, dass sich jeder Tag wie eine neue Welt anf\u00fchlt.<\/p>\n<p data-start=\"1131\" data-end=\"1530\">Diese Route verbindet die reinsten S\u00fc\u00dfwassersysteme der Mongolei im Norden, die goldenen Sandd\u00fcnen im Nordwesten und S\u00fcden, vulkanische Hochebenen, alpine Gipfel im Altai, uralte Kulturregionen und die dramatischen Canyons und Klippen der Gobi. Wenn Sie die Mongolei in ihrem ganzen Ausma\u00df erleben m\u00f6chten - von Norden \u00fcber Westen bis S\u00fcden -, dann ist diese <strong data-start=\"1429\" data-end=\"1453\">3-w\u00f6chige Mongolei-Tour<\/strong> bietet die perfekte Mischung aus Abenteuer, Kultur und atemberaubender Natur.<\/p>\n<h3 data-start=\"1537\" data-end=\"1598\"><strong data-start=\"1539\" data-end=\"1598\">Was Sie auf dieser 3-w\u00f6chigen Mongolei-Route erleben werden<\/strong><\/h3>\n<h4 data-start=\"1600\" data-end=\"1648\"><strong data-start=\"1604\" data-end=\"1648\">N\u00f6rdliche Wasserstra\u00dfen und bewaldete Wildnis<\/strong><\/h4>\n<p data-start=\"1649\" data-end=\"2034\">Ihre Reise beginnt, indem Sie den historischen Flusssystemen von Selenge, Orkhon und Eg-part folgen, einem der saubersten S\u00fc\u00dfwassernetze der Welt. Die Stra\u00dfe nach Norden f\u00fchrt Sie in die unber\u00fchrte Taiga, zu friedlichen Camps am Flussufer und schlie\u00dflich in das Juwel der n\u00f6rdlichen Mongolei: <strong data-start=\"1924\" data-end=\"1941\">Khuvsgul See<\/strong>, ein unber\u00fchrter Alpensee, der f\u00fcr seine Tiefe, Klarheit und die dramatischen Berge in seiner Umgebung bekannt ist.<\/p>\n<h4 data-start=\"2036\" data-end=\"2090\"><strong data-start=\"2040\" data-end=\"2090\">Altan Els und die verborgene Westgrenze der Mongolei<\/strong><\/h4>\n<p data-start=\"2091\" data-end=\"2434\">Wenn Sie in den Westen fahren, erreichen Sie <strong data-start=\"2128\" data-end=\"2141\">Altan Els<\/strong>, Das ist das n\u00f6rdlichste D\u00fcnensystem der Mongolei und eine surreale \u00dcbergangszone, in der Kamele, Yaks und nomadische Hirten die gleiche Landschaft teilen. Die Route steigt dann in das m\u00e4chtige <strong data-start=\"2313\" data-end=\"2332\">Altai-Gebirge<\/strong>, Sie ist die Heimat von wilden Argali-Schafen, Steinb\u00f6cken, Gletschern und weitl\u00e4ufigen T\u00e4lern, die von Jahrtausenden von Wind und Eis geformt wurden.<\/p>\n<p data-start=\"2436\" data-end=\"2602\">Ein H\u00f6hepunkt jeder langen Mongoleireise ist die Begegnung mit den <strong data-start=\"2489\" data-end=\"2513\">Kasachische Adlerj\u00e4ger<\/strong> von Bayan-Ulgii, den Bewahrern einer der letzten \u00fcberlebenden alten Jagdtraditionen der Erde.<\/p>\n<h4 data-start=\"2604\" data-end=\"2663\"><strong data-start=\"2608\" data-end=\"2663\">Uvs &amp; Uureg: Hochgebirgsseen des Gro\u00dfen Beckens<\/strong><\/h4>\n<p data-start=\"2664\" data-end=\"2927\">Von Ulaangom und <strong data-start=\"2682\" data-end=\"2694\">Uvs See<\/strong>, dem gr\u00f6\u00dften See der Mongolei, bis hin zu den entlegenen blauen Gew\u00e4ssern des <strong data-start=\"2755\" data-end=\"2769\">Uureg-See<\/strong>, Dieser Teil der Route bietet einige der fotogensten Berglandschaften des Landes. Hier f\u00fchlt sich die Mongolei endlos an - schroff, leer und unfassbar sch\u00f6n.<\/p>\n<h4 data-start=\"2929\" data-end=\"2991\"><strong data-start=\"2933\" data-end=\"2991\">Die W\u00fcste Gobi: D\u00fcnen, Canyons und stille Steintempel<\/strong><\/h4>\n<p data-start=\"2992\" data-end=\"3169\">Ihre dreiw\u00f6chige Mongolei-Expedition f\u00fchrt Sie dann nach S\u00fcden in die Gobi, in eine Welt mit hoch aufragenden D\u00fcnen, versteckten T\u00e4lern, wilden Tieren und pr\u00e4historischen Landschaften. Zu den H\u00f6hepunkten geh\u00f6ren:<\/p>\n<ul data-start=\"3171\" data-end=\"3383\">\n<li data-start=\"3171\" data-end=\"3216\">\n<p data-start=\"3173\" data-end=\"3216\"><strong data-start=\"3173\" data-end=\"3187\">Barunbayan<\/strong> und <strong data-start=\"3192\" data-end=\"3214\">Khongor Sandd\u00fcnen<\/strong><\/p>\n<\/li>\n<li data-start=\"3217\" data-end=\"3258\">\n<p data-start=\"3219\" data-end=\"3258\">Die tiefe, k\u00fchle Schlucht von <strong data-start=\"3244\" data-end=\"3256\">Yolin Am<\/strong><\/p>\n<\/li>\n<li data-start=\"3259\" data-end=\"3322\">\n<p data-start=\"3261\" data-end=\"3322\">Die leuchtend wei\u00dfen Klippen von <strong data-start=\"3287\" data-end=\"3320\">Tsagaan Suvarga (Wei\u00dfe Stupa)<\/strong><\/p>\n<\/li>\n<li data-start=\"3323\" data-end=\"3383\">\n<p data-start=\"3325\" data-end=\"3383\">Die alten Granitformationen von <strong data-start=\"3359\" data-end=\"3383\">Bagaa Gazriin Chuluu<\/strong><\/p>\n<\/li>\n<\/ul>\n<p data-start=\"3385\" data-end=\"3564\">Beendigung der Reise in <strong data-start=\"3407\" data-end=\"3431\">Terelj-Nationalpark<\/strong>, Nach der R\u00fcckkehr in die Mongolei erleben Sie W\u00e4lder, Felsformationen und weite Steppen - ein idealer Abschluss f\u00fcr drei unvergessliche Wochen in der Mongolei.<\/p>","protected":false},"excerpt":{"rendered":"<p>Entdecken Sie die atemberaubendsten Landschaften der Mongolei fernab der ausgetretenen Pfade!<\/p>","protected":false},"featured_media":5627,"comment_status":"open","ping_status":"closed","template":"","meta":{"_acf_changed":false,"iawp_total_views":168},"product_brand":[],"product_cat":[17],"product_tag":[],"class_list":{"0":"post-5616","1":"product","2":"type-product","3":"status-publish","4":"has-post-thumbnail","6":"product_cat-tours","8":"first","9":"instock","10":"virtual","11":"sold-individually","12":"purchasable","13":"product-type-booking"},"acf":[],"_links":{"self":[{"href":"https:\/\/mongolia.com.co\/de\/wp-json\/wp\/v2\/product\/5616","targetHints":{"allow":["GET"]}}],"collection":[{"href":"https:\/\/mongolia.com.co\/de\/wp-json\/wp\/v2\/product"}],"about":[{"href":"https:\/\/mongolia.com.co\/de\/wp-json\/wp\/v2\/types\/product"}],"replies":[{"embeddable":true,"href":"https:\/\/mongolia.com.co\/de\/wp-json\/wp\/v2\/comments?post=5616"}],"version-history":[{"count":12,"href":"https:\/\/mongolia.com.co\/de\/wp-json\/wp\/v2\/product\/5616\/revisions"}],"predecessor-version":[{"id":5660,"href":"https:\/\/mongolia.com.co\/de\/wp-json\/wp\/v2\/product\/5616\/revisions\/5660"}],"wp:featuredmedia":[{"embeddable":true,"href":"https:\/\/mongolia.com.co\/de\/wp-json\/wp\/v2\/media\/5627"}],"wp:attachment":[{"href":"https:\/\/mongolia.com.co\/de\/wp-json\/wp\/v2\/media?parent=5616"}],"wp:term":[{"taxonomy":"product_brand","embeddable":true,"href":"https:\/\/mongolia.com.co\/de\/wp-json\/wp\/v2\/product_brand?post=5616"},{"taxonomy":"product_cat","embeddable":true,"href":"https:\/\/mongolia.com.co\/de\/wp-json\/wp\/v2\/product_cat?post=5616"},{"taxonomy":"product_tag","embeddable":true,"href":"https:\/\/mongolia.com.co\/de\/wp-json\/wp\/v2\/product_tag?post=5616"}],"curies":[{"name":"wp","href":"https:\/\/api.w.org\/{rel}","templated":true}]}}