{"id":5744,"date":"2026-03-13T12:58:24","date_gmt":"2026-03-13T04:58:24","guid":{"rendered":"https:\/\/mongolia.com.co\/?post_type=product&#038;p=5744"},"modified":"2026-03-17T21:24:45","modified_gmt":"2026-03-17T13:24:45","slug":"highlights-der-mongolei","status":"publish","type":"product","link":"https:\/\/mongolia.com.co\/de\/touren\/highlights-der-mongolei\/","title":{"rendered":"H\u00f6hepunkte der Mongolei"},"content":{"rendered":"<p>Diese <a href=\"https:\/\/mongolia.com.co\/de\/?page_id=953\">Selbstfahrertour Mongolei<\/a> f\u00fchrt Sie in zehn Tagen durch die eindrucksvollsten Landschaften der zentralen Mongolei - von den weiten Steppen um Ulaanbaatar \u00fcber das gr\u00fcne Orkhon-Tal bis zu den stillen Seen der Arkhangai-Region.<\/p>\n<p>Kurz nach Ihrer Ankunft erleben Sie mit der monumentalen Chinggis-Khan-Statue und dem Gorkhi-Terelj-Nationalpark erste spektakul\u00e4re Eindr\u00fccke von Granitformationen, offenen T\u00e4lern und nomadischer Kultur.<br \/>\nAuf Ihrer weiteren Reise werden Sie die vielf\u00e4ltige Geologie des Landes entdecken: die beeindruckenden Felsformationen von Baga Gazriin Chuluu, die sanften D\u00fcnen von Elsen Tasarkhai und die weiten Flusslandschaften des UNESCO-gesch\u00fctzten Orkhon-Tals. Unterwegs treffen Sie Nomadenfamilien, erleben traditionelle Lebensweisen und genie\u00dfen die besondere Stille und Weite der mongolischen Natur.<br \/>\nDie Reise verbindet aktive Naturerlebnisse mit kulturellen H\u00f6hepunkten: Wanderungen durch vulkanische Landschaften, Entspannung in den hei\u00dfen Quellen von Tsenkher, ein Besuch der historischen Hauptstadt Karakorum und des Klosters Erdene Zuu. Am Ugii-See k\u00f6nnen Sie friedliche Sonnenunterg\u00e4nge und hervorragende M\u00f6glichkeiten zur Vogelbeobachtung genie\u00dfen, bevor Sie im Khustai-Nationalpark die seltenen Przewalski-Pferde in freier Wildbahn sehen.<\/p>\n<p>Diese Tour ist ideal f\u00fcr Reisende, die die ber\u00fchmten H\u00f6hepunkte der Mongolei auf flexible und intensive Weise entdecken wollen. Sie fahren selbstst\u00e4ndig, werden aber durch ein ausf\u00fchrliches Briefing und Fernbetreuung begleitet und reisen durch st\u00e4ndig wechselnde Landschaften - von Steppen und Sand bis hin zu Flusst\u00e4lern und alpinen Hochebenen. Eine Reise voller Kontraste, Naturerlebnisse und authentischer Begegnungen, die einen tiefen Einblick in das urspr\u00fcngliche Herz der Mongolei erm\u00f6glicht.<\/p>","protected":false},"excerpt":{"rendered":"<p>Entdecken Sie die Highlights der Mongolei auf einer faszinierenden Selbstfahrer-Tour!<\/p>","protected":false},"featured_media":4069,"comment_status":"open","ping_status":"closed","template":"","meta":{"_acf_changed":false,"iawp_total_views":183},"product_brand":[],"product_cat":[17],"product_tag":[],"class_list":{"0":"post-5744","1":"product","2":"type-product","3":"status-publish","4":"has-post-thumbnail","6":"product_cat-tours","8":"first","9":"instock","10":"virtual","11":"sold-individually","12":"purchasable","13":"product-type-booking"},"acf":[],"_links":{"self":[{"href":"https:\/\/mongolia.com.co\/de\/wp-json\/wp\/v2\/product\/5744","targetHints":{"allow":["GET"]}}],"collection":[{"href":"https:\/\/mongolia.com.co\/de\/wp-json\/wp\/v2\/product"}],"about":[{"href":"https:\/\/mongolia.com.co\/de\/wp-json\/wp\/v2\/types\/product"}],"replies":[{"embeddable":true,"href":"https:\/\/mongolia.com.co\/de\/wp-json\/wp\/v2\/comments?post=5744"}],"version-history":[{"count":17,"href":"https:\/\/mongolia.com.co\/de\/wp-json\/wp\/v2\/product\/5744\/revisions"}],"predecessor-version":[{"id":5819,"href":"https:\/\/mongolia.com.co\/de\/wp-json\/wp\/v2\/product\/5744\/revisions\/5819"}],"wp:featuredmedia":[{"embeddable":true,"href":"https:\/\/mongolia.com.co\/de\/wp-json\/wp\/v2\/media\/4069"}],"wp:attachment":[{"href":"https:\/\/mongolia.com.co\/de\/wp-json\/wp\/v2\/media?parent=5744"}],"wp:term":[{"taxonomy":"product_brand","embeddable":true,"href":"https:\/\/mongolia.com.co\/de\/wp-json\/wp\/v2\/product_brand?post=5744"},{"taxonomy":"product_cat","embeddable":true,"href":"https:\/\/mongolia.com.co\/de\/wp-json\/wp\/v2\/product_cat?post=5744"},{"taxonomy":"product_tag","embeddable":true,"href":"https:\/\/mongolia.com.co\/de\/wp-json\/wp\/v2\/product_tag?post=5744"}],"curies":[{"name":"wp","href":"https:\/\/api.w.org\/{rel}","templated":true}]}}