{"id":5908,"date":"2026-04-12T21:28:03","date_gmt":"2026-04-12T13:28:03","guid":{"rendered":"https:\/\/mongolia.com.co\/?post_type=product&#038;p=5908"},"modified":"2026-04-12T22:39:59","modified_gmt":"2026-04-12T14:39:59","slug":"natururlaub","status":"publish","type":"product","link":"https:\/\/mongolia.com.co\/de\/touren\/natururlaub\/","title":{"rendered":"Natururlaub"},"content":{"rendered":"<p class=\"section-body\">Elsen Taserkhai \u2013 auch bekannt als die \u201cMini-Gobi\u201d \u2013 ist ein weitl\u00e4ufiger Sandd\u00fcnenkomplex, eingebettet zwischen Bergen und Steppe, nur wenige Autostunden von Ulaanbaatar entfernt. Dieser 6-t\u00e4gige R\u00fcckzugsort ist konzipiert f\u00fcr Reisende, die es ruhiger angehen lassen wollen: keine Besichtigungstouren von einem Ort zum n\u00e4chsten, keine straffen Zeitpl\u00e4ne. Ihre Tage stehen Ihnen zur freien Gestaltung zur Verf\u00fcgung: Kamelreiten im Sonnenaufgang, lange Spazierg\u00e4nge in die D\u00fcnen, Abende mit einer Nomadenfamilie oder einfach nur Nichtstun. F\u00fcr diejenigen, die mehr erleben m\u00f6chten, steht jederzeit eine Auswahl an vorbuchbaren Erlebnissen bereit \u2013 von Lammfleisch-Dinner bei Kerzenschein bis hin zu gef\u00fchrten Fototouren mit Katzen des Pallas.<\/p>\n<p>&nbsp;<\/p>\n<p class=\"section-body\">Das Paket ist als rein privates Erlebnis buchbar oder einmal im Jahr als Kleingruppenreise, bei der zwei kuratierte Aktivit\u00e4ten pro Tag arrangiert und inbegriffen sind.<\/p>","protected":false},"excerpt":{"rendered":"<p>Genie\u00dfen Sie eine Woche Natur, weite Fl\u00e4chen, Stille und belebende Aktivit\u00e4ten.<\/p>","protected":false},"featured_media":5911,"comment_status":"open","ping_status":"closed","template":"","meta":{"_acf_changed":false,"iawp_total_views":4},"product_brand":[],"product_cat":[17],"product_tag":[],"class_list":{"0":"post-5908","1":"product","2":"type-product","3":"status-publish","4":"has-post-thumbnail","6":"product_cat-tours","8":"first","9":"instock","10":"virtual","11":"sold-individually","12":"purchasable","13":"product-type-booking"},"acf":[],"_links":{"self":[{"href":"https:\/\/mongolia.com.co\/de\/wp-json\/wp\/v2\/product\/5908","targetHints":{"allow":["GET"]}}],"collection":[{"href":"https:\/\/mongolia.com.co\/de\/wp-json\/wp\/v2\/product"}],"about":[{"href":"https:\/\/mongolia.com.co\/de\/wp-json\/wp\/v2\/types\/product"}],"replies":[{"embeddable":true,"href":"https:\/\/mongolia.com.co\/de\/wp-json\/wp\/v2\/comments?post=5908"}],"version-history":[{"count":18,"href":"https:\/\/mongolia.com.co\/de\/wp-json\/wp\/v2\/product\/5908\/revisions"}],"predecessor-version":[{"id":5967,"href":"https:\/\/mongolia.com.co\/de\/wp-json\/wp\/v2\/product\/5908\/revisions\/5967"}],"wp:featuredmedia":[{"embeddable":true,"href":"https:\/\/mongolia.com.co\/de\/wp-json\/wp\/v2\/media\/5911"}],"wp:attachment":[{"href":"https:\/\/mongolia.com.co\/de\/wp-json\/wp\/v2\/media?parent=5908"}],"wp:term":[{"taxonomy":"product_brand","embeddable":true,"href":"https:\/\/mongolia.com.co\/de\/wp-json\/wp\/v2\/product_brand?post=5908"},{"taxonomy":"product_cat","embeddable":true,"href":"https:\/\/mongolia.com.co\/de\/wp-json\/wp\/v2\/product_cat?post=5908"},{"taxonomy":"product_tag","embeddable":true,"href":"https:\/\/mongolia.com.co\/de\/wp-json\/wp\/v2\/product_tag?post=5908"}],"curies":[{"name":"wp","href":"https:\/\/api.w.org\/{rel}","templated":true}]}}