{"id":1433,"date":"2024-02-21T18:07:32","date_gmt":"2024-02-21T18:07:32","guid":{"rendered":"https:\/\/mongolia.com.co\/?post_type=product&#038;p=1433"},"modified":"2024-10-04T02:22:42","modified_gmt":"2024-10-03T18:22:42","slug":"mongolia-salvaje","status":"publish","type":"product","link":"https:\/\/mongolia.com.co\/es\/visitas\/mongolia-salvaje\/","title":{"rendered":"Mongolia salvaje"},"content":{"rendered":"<p>Descubra el coraz\u00f3n de la Mongolia salvaje en una aventura que le llevar\u00e1 desde las vibrantes calles de Ul\u00e1n Bator hasta la vasta extensi\u00f3n del desierto de Gobi. Experimente la emoci\u00f3n de las dunas de Khongorin Els, el misterio de los Acantilados Llameantes y la serenidad del lago Khar Nuur. Al\u00f3jese en campamentos Ger tradicionales, comparta momentos con familias n\u00f3madas y sum\u00e9rjase en la rica cultura y los impresionantes paisajes de Mongolia. Este viaje ofrece una mezcla inigualable de aventura, naturaleza e inmersi\u00f3n cultural en uno de los destinos m\u00e1s extraordinarios del mundo.<\/p>\n<p>Si tiene alguna pregunta <a href=\"#contact-us\">p\u00f3ngase en contacto con nosotros<\/a> o env\u00edenos un correo electr\u00f3nico a<br \/>\n<a href=\"mailto:contact@mongolia.com.co\">contact@mongolia.com.co<\/a><\/p>","protected":false},"excerpt":{"rendered":"<p>Una aventura de 20 d\u00edas en Mongolia, donde la inmersi\u00f3n cultural y los impresionantes paisajes se funden para crear un viaje inolvidable.<\/p>","protected":false},"featured_media":1434,"comment_status":"open","ping_status":"closed","template":"","meta":{"_acf_changed":false,"iawp_total_views":1004},"product_brand":[],"product_cat":[17],"product_tag":[],"class_list":{"0":"post-1433","1":"product","2":"type-product","3":"status-publish","4":"has-post-thumbnail","6":"product_cat-tours","8":"first","9":"instock","10":"virtual","11":"sold-individually","12":"purchasable","13":"product-type-booking"},"acf":[],"_links":{"self":[{"href":"https:\/\/mongolia.com.co\/es\/wp-json\/wp\/v2\/product\/1433","targetHints":{"allow":["GET"]}}],"collection":[{"href":"https:\/\/mongolia.com.co\/es\/wp-json\/wp\/v2\/product"}],"about":[{"href":"https:\/\/mongolia.com.co\/es\/wp-json\/wp\/v2\/types\/product"}],"replies":[{"embeddable":true,"href":"https:\/\/mongolia.com.co\/es\/wp-json\/wp\/v2\/comments?post=1433"}],"version-history":[{"count":0,"href":"https:\/\/mongolia.com.co\/es\/wp-json\/wp\/v2\/product\/1433\/revisions"}],"wp:featuredmedia":[{"embeddable":true,"href":"https:\/\/mongolia.com.co\/es\/wp-json\/wp\/v2\/media\/1434"}],"wp:attachment":[{"href":"https:\/\/mongolia.com.co\/es\/wp-json\/wp\/v2\/media?parent=1433"}],"wp:term":[{"taxonomy":"product_brand","embeddable":true,"href":"https:\/\/mongolia.com.co\/es\/wp-json\/wp\/v2\/product_brand?post=1433"},{"taxonomy":"product_cat","embeddable":true,"href":"https:\/\/mongolia.com.co\/es\/wp-json\/wp\/v2\/product_cat?post=1433"},{"taxonomy":"product_tag","embeddable":true,"href":"https:\/\/mongolia.com.co\/es\/wp-json\/wp\/v2\/product_tag?post=1433"}],"curies":[{"name":"wp","href":"https:\/\/api.w.org\/{rel}","templated":true}]}}