{"id":2387,"date":"2024-03-16T13:37:13","date_gmt":"2024-03-16T13:37:13","guid":{"rendered":"https:\/\/mongolia.com.co\/?post_type=product&#038;p=2387"},"modified":"2024-10-04T02:22:42","modified_gmt":"2024-10-03T18:22:42","slug":"aguilas-imperios","status":"publish","type":"product","link":"https:\/\/mongolia.com.co\/es\/visitas\/aguilas-imperios\/","title":{"rendered":"Cazadores de \u00e1guilas e imperios"},"content":{"rendered":"<p>Emb\u00e1rquese en una aventura \u00e9pica de 14 d\u00edas por el coraz\u00f3n de Mongolia para visitar a los n\u00f3madas cazadores de \u00e1guilas. Un viaje que mezcla lo antiguo con lo ind\u00f3mito, lo sereno con lo espectacular. Desde las bulliciosas calles de Ul\u00e1n Bator hasta las susurrantes arenas de Elsen Taserkhai, este viaje promete una inmersi\u00f3n en la profunda belleza y el rico tapiz cultural de Mongolia. Cabalgue con caballos salvajes a la sombra del Parque Nacional de Khustai, as\u00f3mbrese ante el espiritual monasterio de Erdene Zu y comparta historias bajo las estrellas con familias n\u00f3madas. Cada d\u00eda se desarrolla como un cap\u00edtulo del diario de un aventurero, invit\u00e1ndole a escribir su propia historia en medio de los cielos infinitos y los extensos paisajes de Mongolia.<\/p>","protected":false},"excerpt":{"rendered":"<p>Una aventura de 14 d\u00edas en Mongolia, donde los paisajes ancestrales se encuentran con tradiciones intemporales<\/p>","protected":false},"featured_media":2554,"comment_status":"open","ping_status":"closed","template":"","meta":{"_acf_changed":false,"iawp_total_views":1691},"product_brand":[],"product_cat":[17],"product_tag":[],"class_list":{"0":"post-2387","1":"product","2":"type-product","3":"status-publish","4":"has-post-thumbnail","6":"product_cat-tours","8":"first","9":"instock","10":"virtual","11":"sold-individually","12":"purchasable","13":"product-type-booking"},"acf":[],"_links":{"self":[{"href":"https:\/\/mongolia.com.co\/es\/wp-json\/wp\/v2\/product\/2387","targetHints":{"allow":["GET"]}}],"collection":[{"href":"https:\/\/mongolia.com.co\/es\/wp-json\/wp\/v2\/product"}],"about":[{"href":"https:\/\/mongolia.com.co\/es\/wp-json\/wp\/v2\/types\/product"}],"replies":[{"embeddable":true,"href":"https:\/\/mongolia.com.co\/es\/wp-json\/wp\/v2\/comments?post=2387"}],"version-history":[{"count":1,"href":"https:\/\/mongolia.com.co\/es\/wp-json\/wp\/v2\/product\/2387\/revisions"}],"predecessor-version":[{"id":5719,"href":"https:\/\/mongolia.com.co\/es\/wp-json\/wp\/v2\/product\/2387\/revisions\/5719"}],"wp:featuredmedia":[{"embeddable":true,"href":"https:\/\/mongolia.com.co\/es\/wp-json\/wp\/v2\/media\/2554"}],"wp:attachment":[{"href":"https:\/\/mongolia.com.co\/es\/wp-json\/wp\/v2\/media?parent=2387"}],"wp:term":[{"taxonomy":"product_brand","embeddable":true,"href":"https:\/\/mongolia.com.co\/es\/wp-json\/wp\/v2\/product_brand?post=2387"},{"taxonomy":"product_cat","embeddable":true,"href":"https:\/\/mongolia.com.co\/es\/wp-json\/wp\/v2\/product_cat?post=2387"},{"taxonomy":"product_tag","embeddable":true,"href":"https:\/\/mongolia.com.co\/es\/wp-json\/wp\/v2\/product_tag?post=2387"}],"curies":[{"name":"wp","href":"https:\/\/api.w.org\/{rel}","templated":true}]}}