{"id":3607,"date":"2026-03-16T13:20:51","date_gmt":"2026-03-16T05:20:51","guid":{"rendered":"https:\/\/mongolia.com.co\/?post_type=product&#038;p=3607"},"modified":"2026-03-17T22:26:24","modified_gmt":"2026-03-17T14:26:24","slug":"gobi-a-mongolia-septentrional","status":"publish","type":"product","link":"https:\/\/mongolia.com.co\/es\/visitas\/gobi-a-mongolia-septentrional\/","title":{"rendered":"Mongolia fuera de lo com\u00fan \u2013 Gobi, Estepas y Norte"},"content":{"rendered":"<p>Esta expedici\u00f3n autoguiada por Mongolia te lleva mucho m\u00e1s all\u00e1 de los caminos trillados a trav\u00e9s de algunos de los paisajes m\u00e1s espectaculares y remotos del pa\u00eds. Durante dos semanas inolvidables, viajar\u00e1s desde las vastas estepas cerca de Ul\u00e1n Bator hasta las dunas ondulantes del Gobi, los hist\u00f3ricos corazones del Imperio Mongol y los salvajes bosques del norte, aloj\u00e1ndote a lo largo del camino en algunos de los mejores lodges de Mongolia.<\/p>\n<p>Poco despu\u00e9s de su llegada, su aventura comienza con los lugares m\u00e1s emblem\u00e1ticos de Mongolia: la monumental Estatua de Chinggis Khan y las dram\u00e1ticas formaciones de granito del Parque Nacional Terelj. A medida que el asfalto queda atr\u00e1s, comienza la verdadera exploraci\u00f3n. Su ruta 4x4 lo lleva a trav\u00e9s de valles escondidos, afloramientos rocosos y estepas abiertas donde los pastores n\u00f3madas a\u00fan siguen antiguas tradiciones y la vida silvestre campa a sus anchas.<\/p>\n<p>Viajando m\u00e1s adentro del pa\u00eds, te encontrar\u00e1s con los impactantes contrastes de Mongolia: las surrealistas formaciones rocosas de Baga Gazriin Chuluu, las dunas doradas de Elsen Tasarkhai en el \u201cMini Gobi\u201d, y los paisajes hist\u00f3ricos que rodean Karakorum y el Monasterio Erdene Zuu. A lo largo del camino, conocer\u00e1s familias n\u00f3madas, experimentar\u00e1s la vida tradicional de pastoreo y descubrir\u00e1s el profundo silencio y la inmensidad que hacen de Mongolia uno de los \u00faltimos grandes destinos salvajes del mundo.<\/p>\n<p>M\u00e1s al norte, el paisaje se transforma en exuberantes valles fluviales, monta\u00f1as boscosas y v\u00edas fluviales cristalinas. En la remota regi\u00f3n de Bulgan, te alojas en un hermoso albergue junto al r\u00edo Eg, un para\u00edso virgen famoso por su vida silvestre, su naturaleza pr\u00edstina y su legendario pez taimen. Aqu\u00ed, los viajes en balsa, las caminatas esc\u00e9nicas y las noches junto a la hoguera revelan un lado m\u00e1s tranquilo y rara vez visitado de Mongolia.<\/p>\n<p>Este tour combina una aventura de conducci\u00f3n todoterreno con descubrimientos culturales y momentos de pura relajaci\u00f3n. Campamentos cuidadosamente seleccionados, estancias en yurtas tradicionales y algunos de los mejores lodges de Mongolia garantizan la comodidad mientras se permanece inmerso en la naturaleza. Con una gu\u00eda detallada de la ruta y apoyo durante todo el viaje, explorar\u00e1s Mongolia de forma independiente mientras experimentas sus regiones m\u00e1s aut\u00e9nticas y impresionantes. Un viaje dise\u00f1ado para viajeros que buscan aventura, libertad y una profunda conexi\u00f3n con los paisajes salvajes y la cultura n\u00f3mada atemporal de Mongolia.<\/p>","protected":false},"excerpt":{"rendered":"<p>Emb\u00e1rquese en un viaje fuera de lo com\u00fan por Mongolia, desde las dunas de arena del Gobi hasta los salvajes valles fluviales, aloj\u00e1ndose en los mejores lodges de Mongolia.<\/p>","protected":false},"featured_media":5788,"comment_status":"open","ping_status":"closed","template":"","meta":{"_acf_changed":false,"iawp_total_views":60},"product_brand":[],"product_cat":[17],"product_tag":[],"class_list":{"0":"post-3607","1":"product","2":"type-product","3":"status-publish","4":"has-post-thumbnail","6":"product_cat-tours","8":"first","9":"instock","10":"virtual","11":"sold-individually","12":"purchasable","13":"product-type-booking"},"acf":[],"_links":{"self":[{"href":"https:\/\/mongolia.com.co\/es\/wp-json\/wp\/v2\/product\/3607","targetHints":{"allow":["GET"]}}],"collection":[{"href":"https:\/\/mongolia.com.co\/es\/wp-json\/wp\/v2\/product"}],"about":[{"href":"https:\/\/mongolia.com.co\/es\/wp-json\/wp\/v2\/types\/product"}],"replies":[{"embeddable":true,"href":"https:\/\/mongolia.com.co\/es\/wp-json\/wp\/v2\/comments?post=3607"}],"version-history":[{"count":41,"href":"https:\/\/mongolia.com.co\/es\/wp-json\/wp\/v2\/product\/3607\/revisions"}],"predecessor-version":[{"id":5830,"href":"https:\/\/mongolia.com.co\/es\/wp-json\/wp\/v2\/product\/3607\/revisions\/5830"}],"wp:featuredmedia":[{"embeddable":true,"href":"https:\/\/mongolia.com.co\/es\/wp-json\/wp\/v2\/media\/5788"}],"wp:attachment":[{"href":"https:\/\/mongolia.com.co\/es\/wp-json\/wp\/v2\/media?parent=3607"}],"wp:term":[{"taxonomy":"product_brand","embeddable":true,"href":"https:\/\/mongolia.com.co\/es\/wp-json\/wp\/v2\/product_brand?post=3607"},{"taxonomy":"product_cat","embeddable":true,"href":"https:\/\/mongolia.com.co\/es\/wp-json\/wp\/v2\/product_cat?post=3607"},{"taxonomy":"product_tag","embeddable":true,"href":"https:\/\/mongolia.com.co\/es\/wp-json\/wp\/v2\/product_tag?post=3607"}],"curies":[{"name":"wp","href":"https:\/\/api.w.org\/{rel}","templated":true}]}}