{"id":3816,"date":"2024-03-28T07:03:53","date_gmt":"2024-03-28T07:03:53","guid":{"rendered":"https:\/\/mongolia.com.co\/?post_type=product&#038;p=3816"},"modified":"2024-10-04T02:22:42","modified_gmt":"2024-10-03T18:22:42","slug":"de-los-lagos-del-norte-a-las-arenas-del-sur","status":"publish","type":"product","link":"https:\/\/mongolia.com.co\/es\/visitas\/de-los-lagos-del-norte-a-las-arenas-del-sur\/","title":{"rendered":"De los lagos del norte a las arenas del sur"},"content":{"rendered":"<p>Emb\u00e1rquese en un inolvidable viaje de aventura de 19 d\u00edas por el coraz\u00f3n de Mongolia, desde las bulliciosas calles de Ul\u00e1n Bator hasta las serenas extensiones del desierto de Gobi. Atraviese paisajes escarpados, descubra antiguos volcanes y rel\u00e1jese junto a lagos cristalinos mientras se sumerge en un mundo donde la aventura no tiene l\u00edmites. Cada d\u00eda promete una nueva aventura, ya sea escalando volcanes inactivos, navegando en kayak por aguas v\u00edrgenes o experimentando la emoci\u00f3n de un paseo en camello por los Acantilados Llameantes. Sum\u00e9rjase en el estilo de vida n\u00f3mada, sum\u00e9rjase en aguas termales bajo cielos estrellados y despi\u00e9rtese con impresionantes amaneceres sobre inmensas dunas de arena. Este viaje no es s\u00f3lo un recorrido por Mongolia; es un viaje al coraz\u00f3n de sus paisajes, su cultura y sus aventuras sin l\u00edmites.<\/p>","protected":false},"excerpt":{"rendered":"<p>Una aventura de norte a sur de antiguos paisajes y culturas n\u00f3madas en un viaje inolvidable.<\/p>","protected":false},"featured_media":3844,"comment_status":"open","ping_status":"closed","template":"","meta":{"_acf_changed":false,"iawp_total_views":1039},"product_brand":[],"product_cat":[17],"product_tag":[37],"class_list":{"0":"post-3816","1":"product","2":"type-product","3":"status-publish","4":"has-post-thumbnail","6":"product_cat-tours","7":"product_tag-northern-lakes-to-southern-sands","9":"first","10":"instock","11":"virtual","12":"sold-individually","13":"purchasable","14":"product-type-booking"},"acf":[],"_links":{"self":[{"href":"https:\/\/mongolia.com.co\/es\/wp-json\/wp\/v2\/product\/3816","targetHints":{"allow":["GET"]}}],"collection":[{"href":"https:\/\/mongolia.com.co\/es\/wp-json\/wp\/v2\/product"}],"about":[{"href":"https:\/\/mongolia.com.co\/es\/wp-json\/wp\/v2\/types\/product"}],"replies":[{"embeddable":true,"href":"https:\/\/mongolia.com.co\/es\/wp-json\/wp\/v2\/comments?post=3816"}],"version-history":[{"count":0,"href":"https:\/\/mongolia.com.co\/es\/wp-json\/wp\/v2\/product\/3816\/revisions"}],"wp:featuredmedia":[{"embeddable":true,"href":"https:\/\/mongolia.com.co\/es\/wp-json\/wp\/v2\/media\/3844"}],"wp:attachment":[{"href":"https:\/\/mongolia.com.co\/es\/wp-json\/wp\/v2\/media?parent=3816"}],"wp:term":[{"taxonomy":"product_brand","embeddable":true,"href":"https:\/\/mongolia.com.co\/es\/wp-json\/wp\/v2\/product_brand?post=3816"},{"taxonomy":"product_cat","embeddable":true,"href":"https:\/\/mongolia.com.co\/es\/wp-json\/wp\/v2\/product_cat?post=3816"},{"taxonomy":"product_tag","embeddable":true,"href":"https:\/\/mongolia.com.co\/es\/wp-json\/wp\/v2\/product_tag?post=3816"}],"curies":[{"name":"wp","href":"https:\/\/api.w.org\/{rel}","templated":true}]}}