{"id":39,"date":"2024-01-23T17:22:25","date_gmt":"2024-01-23T17:22:25","guid":{"rendered":"https:\/\/mongolia.com.co\/?post_type=product&#038;p=39"},"modified":"2024-10-04T02:22:43","modified_gmt":"2024-10-03T18:22:43","slug":"busqueda-de-kharakorum","status":"publish","type":"product","link":"https:\/\/mongolia.com.co\/es\/visitas\/busqueda-de-kharakorum\/","title":{"rendered":"B\u00fasqueda Kharakorum"},"content":{"rendered":"<p>\u00bfEst\u00e1 listo para despertar su esp\u00edritu aventurero y sumergirse en la belleza intacta de Mongolia Central? SIXT Car Rental le invita a una expedici\u00f3n de 5 d\u00edas que es m\u00e1s que un viaje en coche: es un viaje a trav\u00e9s del tiempo y del terreno. Desde las susurrantes praderas del Parque Nacional de Khustai, hogar del majestuoso caballo de Przewalski, hasta las m\u00edsticas ruinas de Kharakorum, la antigua capital mongola, cada kil\u00f3metro despliega una historia. Esto no es s\u00f3lo un viaje; es una experiencia.<\/p>","protected":false},"excerpt":{"rendered":"<p>Experimente la magia de Mongolia Central: 5 d\u00edas en coche con SIXT<\/p>","protected":false},"featured_media":94,"comment_status":"open","ping_status":"closed","template":"","meta":{"_acf_changed":false,"iawp_total_views":1991},"product_brand":[],"product_cat":[17],"product_tag":[],"class_list":{"0":"post-39","1":"product","2":"type-product","3":"status-publish","4":"has-post-thumbnail","6":"product_cat-tours","8":"first","9":"instock","10":"virtual","11":"sold-individually","12":"purchasable","13":"product-type-booking"},"acf":[],"_links":{"self":[{"href":"https:\/\/mongolia.com.co\/es\/wp-json\/wp\/v2\/product\/39","targetHints":{"allow":["GET"]}}],"collection":[{"href":"https:\/\/mongolia.com.co\/es\/wp-json\/wp\/v2\/product"}],"about":[{"href":"https:\/\/mongolia.com.co\/es\/wp-json\/wp\/v2\/types\/product"}],"replies":[{"embeddable":true,"href":"https:\/\/mongolia.com.co\/es\/wp-json\/wp\/v2\/comments?post=39"}],"version-history":[{"count":0,"href":"https:\/\/mongolia.com.co\/es\/wp-json\/wp\/v2\/product\/39\/revisions"}],"wp:featuredmedia":[{"embeddable":true,"href":"https:\/\/mongolia.com.co\/es\/wp-json\/wp\/v2\/media\/94"}],"wp:attachment":[{"href":"https:\/\/mongolia.com.co\/es\/wp-json\/wp\/v2\/media?parent=39"}],"wp:term":[{"taxonomy":"product_brand","embeddable":true,"href":"https:\/\/mongolia.com.co\/es\/wp-json\/wp\/v2\/product_brand?post=39"},{"taxonomy":"product_cat","embeddable":true,"href":"https:\/\/mongolia.com.co\/es\/wp-json\/wp\/v2\/product_cat?post=39"},{"taxonomy":"product_tag","embeddable":true,"href":"https:\/\/mongolia.com.co\/es\/wp-json\/wp\/v2\/product_tag?post=39"}],"curies":[{"name":"wp","href":"https:\/\/api.w.org\/{rel}","templated":true}]}}