{"id":3914,"date":"2024-05-23T14:52:48","date_gmt":"2024-05-23T14:52:48","guid":{"rendered":"https:\/\/mongolia.com.co\/?post_type=product&#038;p=3914"},"modified":"2024-10-04T12:22:37","modified_gmt":"2024-10-04T04:22:37","slug":"bucle-mongolia-septentrional","status":"publish","type":"product","link":"https:\/\/mongolia.com.co\/es\/visitas\/bucle-mongolia-septentrional\/","title":{"rendered":"Loop por el norte de Mongolia"},"content":{"rendered":"<p>Emb\u00e1rquese en una estimulante aventura todoterreno de 14 d\u00edas por los paisajes del norte de Mongolia. Experimente la emoci\u00f3n de atravesar diversos terrenos, desde serenos lagos y antiguos monasterios hasta vastas dunas de arena y majestuosos volcanes. Este viaje ofrece una mezcla \u00fanica de inmersi\u00f3n cultural y aventura al aire libre, perfecta para quienes buscan una aut\u00e9ntica escapada mongola.<\/p>","protected":false},"excerpt":{"rendered":"<p>Emb\u00e1rquese en un viaje todoterreno de 14 d\u00edas por los impresionantes paisajes, la rica cultura y los tradicionales campamentos ger del norte de Mongolia.<\/p>","protected":false},"featured_media":3988,"comment_status":"open","ping_status":"closed","template":"","meta":{"_acf_changed":false,"iawp_total_views":1242},"product_brand":[],"product_cat":[17],"product_tag":[36],"class_list":{"0":"post-3914","1":"product","2":"type-product","3":"status-publish","4":"has-post-thumbnail","6":"product_cat-tours","7":"product_tag-northern-mongolia-loop","9":"first","10":"instock","11":"virtual","12":"sold-individually","13":"purchasable","14":"product-type-booking"},"acf":[],"_links":{"self":[{"href":"https:\/\/mongolia.com.co\/es\/wp-json\/wp\/v2\/product\/3914","targetHints":{"allow":["GET"]}}],"collection":[{"href":"https:\/\/mongolia.com.co\/es\/wp-json\/wp\/v2\/product"}],"about":[{"href":"https:\/\/mongolia.com.co\/es\/wp-json\/wp\/v2\/types\/product"}],"replies":[{"embeddable":true,"href":"https:\/\/mongolia.com.co\/es\/wp-json\/wp\/v2\/comments?post=3914"}],"version-history":[{"count":0,"href":"https:\/\/mongolia.com.co\/es\/wp-json\/wp\/v2\/product\/3914\/revisions"}],"wp:featuredmedia":[{"embeddable":true,"href":"https:\/\/mongolia.com.co\/es\/wp-json\/wp\/v2\/media\/3988"}],"wp:attachment":[{"href":"https:\/\/mongolia.com.co\/es\/wp-json\/wp\/v2\/media?parent=3914"}],"wp:term":[{"taxonomy":"product_brand","embeddable":true,"href":"https:\/\/mongolia.com.co\/es\/wp-json\/wp\/v2\/product_brand?post=3914"},{"taxonomy":"product_cat","embeddable":true,"href":"https:\/\/mongolia.com.co\/es\/wp-json\/wp\/v2\/product_cat?post=3914"},{"taxonomy":"product_tag","embeddable":true,"href":"https:\/\/mongolia.com.co\/es\/wp-json\/wp\/v2\/product_tag?post=3914"}],"curies":[{"name":"wp","href":"https:\/\/api.w.org\/{rel}","templated":true}]}}