{"id":413,"date":"2024-01-26T11:15:18","date_gmt":"2024-01-26T11:15:18","guid":{"rendered":"https:\/\/mongolia.com.co\/?post_type=product&#038;p=413"},"modified":"2025-08-21T19:35:58","modified_gmt":"2025-08-21T11:35:58","slug":"estepas-mongolas-en-gobi","status":"publish","type":"product","link":"https:\/\/mongolia.com.co\/es\/visitas\/estepas-mongolas-en-gobi\/","title":{"rendered":"Estepas del Gobi"},"content":{"rendered":"<p>Experimente la magia de las estepas y dunas de Mongolia en este viaje de 15 d\u00edas por Mongolia Central y el desierto de Gobi. Encuentre caballos salvajes en el Parque Nacional de Khustai y sienta la emoci\u00f3n del todoterreno en vastos e ind\u00f3mitos paisajes. Del\u00e9itese con la riqueza cultural de antiguos monasterios y lugares hist\u00f3ricos. Desde las susurrantes arenas de las dunas de Khongor hasta la serenidad espiritual del monasterio de Ongii, cada d\u00eda se abre un nuevo cap\u00edtulo de descubrimientos.<\/p>","protected":false},"excerpt":{"rendered":"<p>Descubra la belleza salvaje de Mongolia en una expedici\u00f3n en todoterreno de 15 d\u00edas desde la estepa hasta el desierto de Gobi<\/p>","protected":false},"featured_media":5360,"comment_status":"open","ping_status":"closed","template":"","meta":{"_acf_changed":false,"iawp_total_views":1363},"product_brand":[],"product_cat":[17],"product_tag":[],"class_list":{"0":"post-413","1":"product","2":"type-product","3":"status-publish","4":"has-post-thumbnail","6":"product_cat-tours","8":"first","9":"instock","10":"virtual","11":"sold-individually","12":"purchasable","13":"product-type-booking"},"acf":[],"_links":{"self":[{"href":"https:\/\/mongolia.com.co\/es\/wp-json\/wp\/v2\/product\/413","targetHints":{"allow":["GET"]}}],"collection":[{"href":"https:\/\/mongolia.com.co\/es\/wp-json\/wp\/v2\/product"}],"about":[{"href":"https:\/\/mongolia.com.co\/es\/wp-json\/wp\/v2\/types\/product"}],"replies":[{"embeddable":true,"href":"https:\/\/mongolia.com.co\/es\/wp-json\/wp\/v2\/comments?post=413"}],"version-history":[{"count":6,"href":"https:\/\/mongolia.com.co\/es\/wp-json\/wp\/v2\/product\/413\/revisions"}],"predecessor-version":[{"id":5361,"href":"https:\/\/mongolia.com.co\/es\/wp-json\/wp\/v2\/product\/413\/revisions\/5361"}],"wp:featuredmedia":[{"embeddable":true,"href":"https:\/\/mongolia.com.co\/es\/wp-json\/wp\/v2\/media\/5360"}],"wp:attachment":[{"href":"https:\/\/mongolia.com.co\/es\/wp-json\/wp\/v2\/media?parent=413"}],"wp:term":[{"taxonomy":"product_brand","embeddable":true,"href":"https:\/\/mongolia.com.co\/es\/wp-json\/wp\/v2\/product_brand?post=413"},{"taxonomy":"product_cat","embeddable":true,"href":"https:\/\/mongolia.com.co\/es\/wp-json\/wp\/v2\/product_cat?post=413"},{"taxonomy":"product_tag","embeddable":true,"href":"https:\/\/mongolia.com.co\/es\/wp-json\/wp\/v2\/product_tag?post=413"}],"curies":[{"name":"wp","href":"https:\/\/api.w.org\/{rel}","templated":true}]}}