{"id":4301,"date":"2024-06-18T16:53:43","date_gmt":"2024-06-18T16:53:43","guid":{"rendered":"https:\/\/mongolia.com.co\/?post_type=product&#038;p=4301"},"modified":"2024-10-04T02:22:42","modified_gmt":"2024-10-03T18:22:42","slug":"visita-al-parque-terelj","status":"publish","type":"product","link":"https:\/\/mongolia.com.co\/es\/visitas\/visita-al-parque-terelj\/","title":{"rendered":"Excursi\u00f3n al Parque Terelj"},"content":{"rendered":"<p>Descubra la ind\u00f3mita belleza de Mongolia en un emocionante recorrido en todoterreno que le llevar\u00e1 desde las bulliciosas calles de Ul\u00e1n Bator hasta los serenos paisajes de Terelj y m\u00e1s all\u00e1. Este viaje combina lugares de inter\u00e9s cultural, impresionantes paisajes naturales y estimulantes actividades, ofreciendo una mezcla perfecta de aventura y relajaci\u00f3n. Desde montar a caballo y hacer un picnic junto al r\u00edo Tuul hasta explorar templos antiguos y estatuas emblem\u00e1ticas, cada momento de este viaje promete experiencias inolvidables. Tanto si se maravilla ante la estatua de Chinggis Khaan como si observa la fauna salvaje en Gun Galuut, esta aventura le dejar\u00e1 recuerdos imborrables de las diversas maravillas de Mongolia.<\/p>","protected":false},"excerpt":{"rendered":"<p>\u00danase a la excursi\u00f3n al Parque Terelj en un emocionante viaje por los impresionantes paisajes y el rico patrimonio cultural de Mongolia.<\/p>","protected":false},"featured_media":4323,"comment_status":"open","ping_status":"closed","template":"","meta":{"_acf_changed":false,"iawp_total_views":1406},"product_brand":[],"product_cat":[17],"product_tag":[35],"class_list":{"0":"post-4301","1":"product","2":"type-product","3":"status-publish","4":"has-post-thumbnail","6":"product_cat-tours","7":"product_tag-terelj-park-tour","9":"first","10":"instock","11":"virtual","12":"sold-individually","13":"purchasable","14":"product-type-booking"},"acf":[],"_links":{"self":[{"href":"https:\/\/mongolia.com.co\/es\/wp-json\/wp\/v2\/product\/4301","targetHints":{"allow":["GET"]}}],"collection":[{"href":"https:\/\/mongolia.com.co\/es\/wp-json\/wp\/v2\/product"}],"about":[{"href":"https:\/\/mongolia.com.co\/es\/wp-json\/wp\/v2\/types\/product"}],"replies":[{"embeddable":true,"href":"https:\/\/mongolia.com.co\/es\/wp-json\/wp\/v2\/comments?post=4301"}],"version-history":[{"count":0,"href":"https:\/\/mongolia.com.co\/es\/wp-json\/wp\/v2\/product\/4301\/revisions"}],"wp:featuredmedia":[{"embeddable":true,"href":"https:\/\/mongolia.com.co\/es\/wp-json\/wp\/v2\/media\/4323"}],"wp:attachment":[{"href":"https:\/\/mongolia.com.co\/es\/wp-json\/wp\/v2\/media?parent=4301"}],"wp:term":[{"taxonomy":"product_brand","embeddable":true,"href":"https:\/\/mongolia.com.co\/es\/wp-json\/wp\/v2\/product_brand?post=4301"},{"taxonomy":"product_cat","embeddable":true,"href":"https:\/\/mongolia.com.co\/es\/wp-json\/wp\/v2\/product_cat?post=4301"},{"taxonomy":"product_tag","embeddable":true,"href":"https:\/\/mongolia.com.co\/es\/wp-json\/wp\/v2\/product_tag?post=4301"}],"curies":[{"name":"wp","href":"https:\/\/api.w.org\/{rel}","templated":true}]}}